{"id":100,"date":"2025-11-22T00:49:27","date_gmt":"2025-11-22T00:49:27","guid":{"rendered":"https:\/\/radcompodcasts.com.br\/?page_id=100"},"modified":"2026-03-10T03:57:39","modified_gmt":"2026-03-10T03:57:39","slug":"home","status":"publish","type":"page","link":"https:\/\/radcompodcasts.com.br\/","title":{"rendered":"Home"},"content":{"rendered":"\n<style type=\"text\/css\" data-created_by=\"avia_inline_auto\" id=\"style-css-av-mizglch5-e65790d3cb3f16a8df1587621f5811eb\">\n.avia-section.av-mizglch5-e65790d3cb3f16a8df1587621f5811eb .av-parallax .av-parallax-inner{\nbackground-repeat:no-repeat;\nbackground-image:url(https:\/\/radcompodcasts.com.br\/wp-content\/uploads\/2025\/12\/Firefly-1-1-scaled.jpg);\nbackground-position:50% 50%;\nbackground-attachment:scroll;\n}\n<\/style>\n<div id='av_section_1'  class='avia-section av-mizglch5-e65790d3cb3f16a8df1587621f5811eb main_color avia-section-no-padding avia-no-border-styling  avia-builder-el-0  el_before_av_hr  avia-builder-el-first  avia-full-stretch av-parallax-section avia-bg-style-parallax av-minimum-height av-minimum-height-75 av-height-75  av-section-with-video-bg container_wrap sidebar_right'  data-section-bg-repeat='stretch' data-av_minimum_height_pc='75' data-av_min_height_opt='75' data-section-video-ratio='16:9'><div  class='avia-slideshow av_slideshow_obj-1-69e77cadd3650 avia-slideshow-featured av_slideshow avia-slide-slider av-slideshow-ui av-control-default av-slideshow-manual av-loop-once av-loop-manual-endless av-default-height-applied  av-section-video-bg avia-slideshow-1' data-slideshow-options=\"{&quot;animation&quot;:&quot;slide&quot;,&quot;autoplay&quot;:false,&quot;loop_autoplay&quot;:&quot;once&quot;,&quot;interval&quot;:5,&quot;loop_manual&quot;:&quot;manual-endless&quot;,&quot;autoplay_stopper&quot;:false,&quot;noNavigation&quot;:false,&quot;bg_slider&quot;:false,&quot;keep_padding&quot;:false,&quot;hoverpause&quot;:false,&quot;show_slide_delay&quot;:0}\"  itemprop=\"image\" itemscope=\"itemscope\" itemtype=\"https:\/\/schema.org\/ImageObject\" ><ul class='avia-slideshow-inner ' style='padding-bottom: 28.666666666667%;'><li  data-controls='disabled' data-mute='aviaTBaviaTBvideo_mute' data-loop='1' data-disable-autoplay=''  data-video-ratio='1.7777777777778' class='avia-slideshow-slide av_slideshow_obj-1-69e77cadd3650__0  av-video-slide  av-video-service-html5  av-hide-video-controls av-mute-video av-loop-video  av-single-slide slide-1 slide-odd'><div data-rel='slideshow-1' class='avia-slide-wrap '    itemprop=\"video\" itemtype=\"https:\/\/schema.org\/VideoObject\" ><div class='av-click-overlay'><\/div><video class='avia_video'  autoplay playsinline loop preload=\"metadata\" muted  id='player_100_473602221_1194167423'><source src=\"https:\/\/radcompodcasts.com.br\/wp-content\/uploads\/2026\/03\/Firefly-Cinematic-artistic-animation-poetic-visual-storytelling.__A-stylized-illustration-of-a-youn-1.mp4\" type=\"video\/mp4\" \/><\/video><div class=\"av-click-to-play-overlay\"><div class=\"avia_playpause_icon\"><\/div><\/div><\/div><\/li><\/ul><\/div><div class='av-parallax' data-avia-parallax-ratio='0.3' ><div class='av-parallax-inner main_color avia-full-stretch'><\/div><\/div><div class='container av-section-cont-open' ><main  role=\"main\" itemprop=\"mainContentOfPage\"  class='template-page content  av-content-small alpha units'><div class='post-entry post-entry-type-page post-entry-100'><div class='entry-content-wrapper clearfix'><\/div><\/div><\/main><!-- close content main element --><\/div><\/div><div id='after_section_1'  class='main_color av_default_container_wrap container_wrap sidebar_right'  ><div class='container av-section-cont-open' ><div class='template-page content  av-content-small alpha units'><div class='post-entry post-entry-type-page post-entry-100'><div class='entry-content-wrapper clearfix'>\n\n<style type=\"text\/css\" data-created_by=\"avia_inline_auto\" id=\"style-css-av-mizapwjj-a8c51f451eb1193f354e7daa1f346b97\">\n#top .hr.hr-invisible.av-mizapwjj-a8c51f451eb1193f354e7daa1f346b97{\nheight:50px;\n}\n<\/style>\n<div  class='hr av-mizapwjj-a8c51f451eb1193f354e7daa1f346b97 hr-invisible  avia-builder-el-1  el_after_av_section  el_before_av_one_full  avia-builder-el-first '><span class='hr-inner '><span class=\"hr-inner-style\"><\/span><\/span><\/div>\n<div  class='flex_column av-371b9o-9b7ab6d508e983119d189c7d1bd285b6 av_one_full  avia-builder-el-2  el_after_av_hr  el_before_av_one_full  first flex_column_div av-animated-generic top-to-bottom  '     ><style type=\"text\/css\" data-created_by=\"avia_inline_auto\" id=\"style-css-av-mizah61s-b989f3afcb475a9502420fc851e58676\">\n#top .av-special-heading.av-mizah61s-b989f3afcb475a9502420fc851e58676{\npadding-bottom:10px;\n}\nbody .av-special-heading.av-mizah61s-b989f3afcb475a9502420fc851e58676 .av-special-heading-tag .heading-char{\nfont-size:25px;\n}\n.av-special-heading.av-mizah61s-b989f3afcb475a9502420fc851e58676 .av-subheading{\nfont-size:15px;\n}\n<\/style>\n<div  class='av-special-heading av-mizah61s-b989f3afcb475a9502420fc851e58676 av-special-heading-h3  avia-builder-el-3  avia-builder-el-no-sibling '><h3 class='av-special-heading-tag'  itemprop=\"headline\"  >Bem-vindo ao RADCOMPODCASTS, um lugar onde as vozes das comunidades se tornam mem\u00f3ria, estudo e descoberta. Aqui, programas produzidos pelas r\u00e1dios comunit\u00e1rias ganham novo alcance e ajudam a compreender nossa cultura em toda a sua diversidade.<\/h3><div class=\"special-heading-border\"><div class=\"special-heading-inner-border\"><\/div><\/div><\/div><\/div>\n<div  class='flex_column av-mizh7fcb-18f97fba915b44099eb14abbe81c3639 av_one_full  avia-builder-el-4  el_after_av_one_full  avia-builder-el-last  first flex_column_div av-animated-generic bottom-to-top  column-top-margin'     ><style type=\"text\/css\" data-created_by=\"avia_inline_auto\" id=\"style-css-av-ac7ro-009d847334af89714d32427e5c56ba0f\">\n#top .av_textblock_section.av-ac7ro-009d847334af89714d32427e5c56ba0f .avia_textblock{\nfont-size:18px;\n}\n<\/style>\n<section  class='av_textblock_section av-ac7ro-009d847334af89714d32427e5c56ba0f '   itemscope=\"itemscope\" itemtype=\"https:\/\/schema.org\/CreativeWork\" ><div class='avia_textblock'  itemprop=\"text\" ><p data-start=\"286\" data-end=\"888\"><strong data-start=\"286\" data-end=\"304\">RADCOMPODCASTS<\/strong> \u00e9 a plataforma que re\u00fane as s\u00e9ries, programas e podcasts produzidos pelas r\u00e1dios comunit\u00e1rias da cidade e do estado de S\u00e3o Paulo. Um espa\u00e7o onde a mem\u00f3ria sonora dos territ\u00f3rios dialoga com uma ampla biblioteca de conte\u00fados culturais: personalidades que marcaram a hist\u00f3ria nacional e internacional, lendas e folclores, estilos musicais, debates sociais, adapta\u00e7\u00f5es liter\u00e1rias e acontecimentos que ajudam a compreender o pa\u00eds e o mundo.<br data-start=\"750\" data-end=\"753\" \/>\u00c9, ao mesmo tempo, arquivo, ferramenta educativa e fonte de estudo para estudantes, pesquisadores e para quem busca ampliar repert\u00f3rio.<\/p>\n<p data-start=\"890\" data-end=\"1244\">H\u00e1 mais de tr\u00eas d\u00e9cadas, o FDC atua para que essas r\u00e1dios continuem fortes, diversas e enraizadas. Trabalhamos na articula\u00e7\u00e3o entre emissoras, na forma\u00e7\u00e3o continuada, no apoio t\u00e9cnico e jur\u00eddico, na mobiliza\u00e7\u00e3o em rede e no est\u00edmulo permanente \u00e0 produ\u00e7\u00e3o cultural. \u00c9 dessa pr\u00e1tica cotidiana, de base, de territ\u00f3rio e de cuidado que nasce a plataforma.<\/p>\n<p data-start=\"1246\" data-end=\"1860\">Neste acervo, o visitante encontra s\u00e9ries documentais, entrevistas, dramaturgias, debates e experi\u00eancias das r\u00e1dios comunit\u00e1rias. Projetos criados a partir de fomentos culturais estaduais e federais e pensados para ampliar horizontes: adapta\u00e7\u00f5es liter\u00e1rias como <em data-start=\"1498\" data-end=\"1517\">Capit\u00e3es da Areia<\/em> e <em data-start=\"1520\" data-end=\"1537\">Clara dos Anjos<\/em>; perfis de grandes mulheres brasileiras, como Clementina, Carolina de Jesus e Elza Soares; programas que abordam temas sociais urgentes como racismo, viol\u00eancia contra a mulher, g\u00eanero, representatividade e direitos humanos, al\u00e9m de conte\u00fados sobre a pr\u00f3pria hist\u00f3ria do r\u00e1dio, como o Samba Paulistano e as Cantoras do R\u00e1dio.<\/p>\n<p data-start=\"1862\" data-end=\"2054\">Cada s\u00e9rie \u00e9 roteirizada para provocar uma escuta atenta. Para abrir di\u00e1logo e preservar mem\u00f3rias que n\u00e3o podem se perder, valorizando vozes que, historicamente, lutam para ser ouvidas.<\/p>\n<p data-start=\"2056\" data-end=\"2298\"><strong data-start=\"2056\" data-end=\"2074\">RADCOMPODCASTS<\/strong> nasce, portanto, como um arquivo, mas tamb\u00e9m como uma ponte: um lugar onde a produ\u00e7\u00e3o comunit\u00e1ria encontra novos p\u00fablicos, circula entre territ\u00f3rios e reafirma o papel do r\u00e1dio como agente cultural, educativo e democr\u00e1tico.<\/p>\n<p>Aperte o play e aproveite!<\/p>\n<\/div><\/section><\/div>\n","protected":false},"excerpt":{"rendered":"","protected":false},"author":1,"featured_media":0,"parent":0,"menu_order":0,"comment_status":"closed","ping_status":"closed","template":"","meta":{"footnotes":""},"class_list":["post-100","page","type-page","status-publish","hentry"],"_links":{"self":[{"href":"https:\/\/radcompodcasts.com.br\/index.php\/wp-json\/wp\/v2\/pages\/100","targetHints":{"allow":["GET"]}}],"collection":[{"href":"https:\/\/radcompodcasts.com.br\/index.php\/wp-json\/wp\/v2\/pages"}],"about":[{"href":"https:\/\/radcompodcasts.com.br\/index.php\/wp-json\/wp\/v2\/types\/page"}],"author":[{"embeddable":true,"href":"https:\/\/radcompodcasts.com.br\/index.php\/wp-json\/wp\/v2\/users\/1"}],"replies":[{"embeddable":true,"href":"https:\/\/radcompodcasts.com.br\/index.php\/wp-json\/wp\/v2\/comments?post=100"}],"version-history":[{"count":35,"href":"https:\/\/radcompodcasts.com.br\/index.php\/wp-json\/wp\/v2\/pages\/100\/revisions"}],"predecessor-version":[{"id":787,"href":"https:\/\/radcompodcasts.com.br\/index.php\/wp-json\/wp\/v2\/pages\/100\/revisions\/787"}],"wp:attachment":[{"href":"https:\/\/radcompodcasts.com.br\/index.php\/wp-json\/wp\/v2\/media?parent=100"}],"curies":[{"name":"wp","href":"https:\/\/api.w.org\/{rel}","templated":true}]}}