{"id":1193,"date":"2026-02-27T18:17:37","date_gmt":"2026-02-27T18:17:37","guid":{"rendered":"https:\/\/radcompodcasts.com.br\/?page_id=1193"},"modified":"2026-04-13T23:29:11","modified_gmt":"2026-04-13T23:29:11","slug":"chamadas-programa-africa-desconhecida","status":"publish","type":"page","link":"https:\/\/radcompodcasts.com.br\/index.php\/chamadas-programa-africa-desconhecida\/","title":{"rendered":"Chamadas Programa Africa Desconhecida"},"content":{"rendered":"<div  class='flex_column av-4wf6w9-fbf005dec6a78c08e2f86c5921064a18 av_one_full  avia-builder-el-0  el_before_av_player  avia-builder-el-first  first flex_column_div  '     ><style type=\"text\/css\" data-created_by=\"avia_inline_auto\" id=\"style-css-av-mm57r674-f70bbcab484dbb3678e036b998724ba0\">\n#top .av-special-heading.av-mm57r674-f70bbcab484dbb3678e036b998724ba0{\npadding-bottom:10px;\n}\nbody .av-special-heading.av-mm57r674-f70bbcab484dbb3678e036b998724ba0 .av-special-heading-tag .heading-char{\nfont-size:25px;\n}\n.av-special-heading.av-mm57r674-f70bbcab484dbb3678e036b998724ba0 .av-subheading{\nfont-size:15px;\n}\n<\/style>\n<div  class='av-special-heading av-mm57r674-f70bbcab484dbb3678e036b998724ba0 av-special-heading-h2 blockquote modern-quote  avia-builder-el-1  avia-builder-el-no-sibling '><div class='av-subheading av-subheading_above'><p>9\u00aa Edi\u00e7\u00e3o do Programa Municipal de Fomento ao Servi\u00e7o de Radiodifus\u00e3o Comunit\u00e1ria<\/p>\n<\/div><h2 class='av-special-heading-tag'  itemprop=\"headline\"  >Chamadas Programa Africa Desconhecida<\/h2><div class=\"special-heading-border\"><div class=\"special-heading-inner-border\"><\/div><\/div><\/div><\/div>\n<div id=\"av_player-1\" class=\"av-player av-player-container av-mm57saxr-b75edc162c8719c1bb751629a157ea82 avia-playerstyle-minimal av_player-1  avia-builder-el-2  el_after_av_one_full  el_before_av_hr  av-player-hide-playlist first avia-playlist-hide-cover\"><div class=\"av-player-player-container\"><div class=\"wp-playlist wp-audio-playlist wp-playlist-light\">\n\t\t\t<div class=\"wp-playlist-current-item\"><\/div>\n\t\t<audio controls=\"controls\" preload=\"none\" width=\"1478\"\n\t\t\t><\/audio>\n\t<div class=\"wp-playlist-next\"><\/div>\n\t<div class=\"wp-playlist-prev\"><\/div>\n\t<noscript>\n\t<ol>\n\t\t<li><a href='https:\/\/radcompodcasts.com.br\/wp-content\/uploads\/2026\/02\/CHAMADA-0-A\u0301FRICA-DESCONHECIDA.mp3.mp3'><img loading=\"lazy\" decoding=\"async\" width=\"80\" height=\"80\" src=\"https:\/\/radcompodcasts.com.br\/wp-content\/uploads\/2026\/04\/0-Chamada-Geral-Africa-Desconhecida-80x80.jpg\" class=\"attachment-thumbnail size-thumbnail\" alt=\"\" \/><\/a><\/li>\t<\/ol>\n\t<\/noscript>\n\t<script type=\"application\/json\" class=\"wp-playlist-script\">{\"type\":\"audio\",\"tracklist\":true,\"tracknumbers\":true,\"images\":true,\"artists\":true,\"tracks\":[{\"src\":\"https:\/\/radcompodcasts.com.br\/wp-content\/uploads\/2026\/02\/CHAMADA-0-A\\u0301FRICA-DESCONHECIDA.mp3.mp3\",\"type\":\"audio\/mpeg\",\"title\":\"CHAMADA GERAL - A\\u0301FRICA DESCONHECIDA.mp3\",\"caption\":\"\",\"description\":\"\\\"CHAMADA #0 - A\\u0301FRICA DESCONHECIDA.mp3\\\".\",\"meta\":{\"length_formatted\":\"0:49\"},\"image\":{\"src\":\"https:\/\/radcompodcasts.com.br\/wp-content\/uploads\/2026\/04\/0-Chamada-Geral-Africa-Desconhecida.jpg\",\"width\":1080,\"height\":1080},\"thumb\":{\"src\":\"https:\/\/radcompodcasts.com.br\/wp-content\/uploads\/2026\/04\/0-Chamada-Geral-Africa-Desconhecida-80x80.jpg\",\"width\":80,\"height\":80}}]}<\/script>\n<\/div>\n\t<\/div><\/div>\n\n<style type=\"text\/css\" data-created_by=\"avia_inline_auto\" id=\"style-css-av-bs88ax-544b5cc8d14f66a63faa5a03beac9711\">\n#top .hr.hr-invisible.av-bs88ax-544b5cc8d14f66a63faa5a03beac9711{\nheight:30px;\n}\n<\/style>\n<div  class='hr av-bs88ax-544b5cc8d14f66a63faa5a03beac9711 hr-invisible  avia-builder-el-3  el_after_av_player  el_before_av_player '><span class='hr-inner '><span class=\"hr-inner-style\"><\/span><\/span><\/div>\n<div id=\"av_player-2\" class=\"av-player av-player-container av-mmjp52ft-59e28e33655dbd248aeb35ea91869268 avia-playerstyle-minimal av_player-2  avia-builder-el-4  el_after_av_hr  el_before_av_hr  av-player-hide-playlist avia-playlist-hide-cover\"><div class=\"av-player-player-container\"><div class=\"wp-playlist wp-audio-playlist wp-playlist-light\">\n\t\t\t<div class=\"wp-playlist-current-item\"><\/div>\n\t\t<audio controls=\"controls\" preload=\"none\" width=\"1478\"\n\t\t\t><\/audio>\n\t<div class=\"wp-playlist-next\"><\/div>\n\t<div class=\"wp-playlist-prev\"><\/div>\n\t<noscript>\n\t<ol>\n\t\t<li><a href='https:\/\/radcompodcasts.com.br\/wp-content\/uploads\/2026\/03\/CHAMADA-1-A\u0301FRICA-DESCONHECIDA.mp3'><img loading=\"lazy\" decoding=\"async\" width=\"80\" height=\"80\" src=\"https:\/\/radcompodcasts.com.br\/wp-content\/uploads\/2026\/04\/1-Programa-1-Africa-Desconhecida-80x80.jpg\" class=\"attachment-thumbnail size-thumbnail\" alt=\"\" \/><\/a><\/li>\t<\/ol>\n\t<\/noscript>\n\t<script type=\"application\/json\" class=\"wp-playlist-script\">{\"type\":\"audio\",\"tracklist\":true,\"tracknumbers\":true,\"images\":true,\"artists\":true,\"tracks\":[{\"src\":\"https:\/\/radcompodcasts.com.br\/wp-content\/uploads\/2026\/03\/CHAMADA-1-A\\u0301FRICA-DESCONHECIDA.mp3\",\"type\":\"audio\/mpeg\",\"title\":\"CHAMADA 1 - A\\u0301FRICA DESCONHECIDA\",\"caption\":\"\",\"description\":\"\\\"CHAMADA #1 - A\\u0301FRICA DESCONHECIDA\\\".\",\"meta\":{\"length_formatted\":\"0:38\"},\"image\":{\"src\":\"https:\/\/radcompodcasts.com.br\/wp-content\/uploads\/2026\/04\/1-Programa-1-Africa-Desconhecida.jpg\",\"width\":1080,\"height\":1080},\"thumb\":{\"src\":\"https:\/\/radcompodcasts.com.br\/wp-content\/uploads\/2026\/04\/1-Programa-1-Africa-Desconhecida-80x80.jpg\",\"width\":80,\"height\":80}}]}<\/script>\n<\/div>\n\t<\/div><\/div>\n\n<style type=\"text\/css\" data-created_by=\"avia_inline_auto\" id=\"style-css-av-ayhex5-887c8437516bdc2744e86561f3975b5f\">\n#top .hr.hr-invisible.av-ayhex5-887c8437516bdc2744e86561f3975b5f{\nheight:30px;\n}\n<\/style>\n<div  class='hr av-ayhex5-887c8437516bdc2744e86561f3975b5f hr-invisible  avia-builder-el-5  el_after_av_player  el_before_av_player '><span class='hr-inner '><span class=\"hr-inner-style\"><\/span><\/span><\/div>\n<div id=\"av_player-3\" class=\"av-player av-player-container av-mmsof8jh-bad2fe9d99c8c619035ed22428b0d9fb avia-playerstyle-minimal av_player-3  avia-builder-el-6  el_after_av_hr  el_before_av_hr  av-player-hide-playlist avia-playlist-hide-cover\"><div class=\"av-player-player-container\"><div class=\"wp-playlist wp-audio-playlist wp-playlist-light\">\n\t\t\t<div class=\"wp-playlist-current-item\"><\/div>\n\t\t<audio controls=\"controls\" preload=\"none\" width=\"1478\"\n\t\t\t><\/audio>\n\t<div class=\"wp-playlist-next\"><\/div>\n\t<div class=\"wp-playlist-prev\"><\/div>\n\t<noscript>\n\t<ol>\n\t\t<li><a href='https:\/\/radcompodcasts.com.br\/wp-content\/uploads\/2026\/03\/CHAMADA-2-A\u0301FRICA-DESCONHECIDA.mp3.mp3'><img loading=\"lazy\" decoding=\"async\" width=\"80\" height=\"80\" src=\"https:\/\/radcompodcasts.com.br\/wp-content\/uploads\/2026\/04\/3-Programa-3-Africa-Desconhecida-80x80.jpg\" class=\"attachment-thumbnail size-thumbnail\" alt=\"\" \/><\/a><\/li>\t<\/ol>\n\t<\/noscript>\n\t<script type=\"application\/json\" class=\"wp-playlist-script\">{\"type\":\"audio\",\"tracklist\":true,\"tracknumbers\":true,\"images\":true,\"artists\":true,\"tracks\":[{\"src\":\"https:\/\/radcompodcasts.com.br\/wp-content\/uploads\/2026\/03\/CHAMADA-2-A\\u0301FRICA-DESCONHECIDA.mp3.mp3\",\"type\":\"audio\/mpeg\",\"title\":\"CHAMADA 2 - A\\u0301FRICA DESCONHECIDA.mp3\",\"caption\":\"\",\"description\":\"\\\"CHAMADA #2 - A\\u0301FRICA DESCONHECIDA.mp3\\\".\",\"meta\":{\"length_formatted\":\"0:37\"},\"image\":{\"src\":\"https:\/\/radcompodcasts.com.br\/wp-content\/uploads\/2026\/04\/3-Programa-3-Africa-Desconhecida.jpg\",\"width\":1080,\"height\":1080},\"thumb\":{\"src\":\"https:\/\/radcompodcasts.com.br\/wp-content\/uploads\/2026\/04\/3-Programa-3-Africa-Desconhecida-80x80.jpg\",\"width\":80,\"height\":80}}]}<\/script>\n<\/div>\n\t<\/div><\/div>\n\n<style type=\"text\/css\" data-created_by=\"avia_inline_auto\" id=\"style-css-av-2j29w9-7f637e2bff32725294a7e670f79179a2\">\n#top .hr.hr-invisible.av-2j29w9-7f637e2bff32725294a7e670f79179a2{\nheight:30px;\n}\n<\/style>\n<div  class='hr av-2j29w9-7f637e2bff32725294a7e670f79179a2 hr-invisible  avia-builder-el-7  el_after_av_player  el_before_av_player '><span class='hr-inner '><span class=\"hr-inner-style\"><\/span><\/span><\/div>\n<div id=\"av_player-4\" class=\"av-player av-player-container av-mnc9c77h-17674983fce12e19337ad489c60a1d52 avia-playerstyle-minimal av_player-4  avia-builder-el-8  el_after_av_hr  el_before_av_hr  av-player-hide-playlist avia-playlist-hide-cover\"><div class=\"av-player-player-container\"><div class=\"wp-playlist wp-audio-playlist wp-playlist-light\">\n\t\t\t<div class=\"wp-playlist-current-item\"><\/div>\n\t\t<audio controls=\"controls\" preload=\"none\" width=\"1478\"\n\t\t\t><\/audio>\n\t<div class=\"wp-playlist-next\"><\/div>\n\t<div class=\"wp-playlist-prev\"><\/div>\n\t<noscript>\n\t<ol>\n\t\t<li><a href='https:\/\/radcompodcasts.com.br\/wp-content\/uploads\/2026\/03\/CHAMADA-3-A\u0301FRICA-DESCONHECIDA.mp3.mp3'><img loading=\"lazy\" decoding=\"async\" width=\"80\" height=\"80\" src=\"https:\/\/radcompodcasts.com.br\/wp-content\/uploads\/2026\/03\/3-Programa-3-Africa-Desconhecida-80x80.jpg\" class=\"attachment-thumbnail size-thumbnail\" alt=\"\" \/><\/a><\/li>\t<\/ol>\n\t<\/noscript>\n\t<script type=\"application\/json\" class=\"wp-playlist-script\">{\"type\":\"audio\",\"tracklist\":true,\"tracknumbers\":true,\"images\":true,\"artists\":true,\"tracks\":[{\"src\":\"https:\/\/radcompodcasts.com.br\/wp-content\/uploads\/2026\/03\/CHAMADA-3-A\\u0301FRICA-DESCONHECIDA.mp3.mp3\",\"type\":\"audio\/mpeg\",\"title\":\"CHAMADA 3 - A\\u0301FRICA DESCONHECIDA.mp3\",\"caption\":\"\",\"description\":\"\\\"CHAMADA #3 - A\\u0301FRICA DESCONHECIDA.mp3\\\".\",\"meta\":{\"length_formatted\":\"0:35\"},\"image\":{\"src\":\"https:\/\/radcompodcasts.com.br\/wp-content\/uploads\/2026\/03\/3-Programa-3-Africa-Desconhecida-80x80.jpg\",\"width\":48,\"height\":64},\"thumb\":{\"src\":\"https:\/\/radcompodcasts.com.br\/wp-content\/uploads\/2026\/03\/3-Programa-3-Africa-Desconhecida-80x80.jpg\",\"width\":48,\"height\":64}}]}<\/script>\n<\/div>\n\t<\/div><\/div>\n\n<style type=\"text\/css\" data-created_by=\"avia_inline_auto\" id=\"style-css-av-4i57t5-e126d8060d1386f3d106d69fcc07668a\">\n#top .hr.hr-invisible.av-4i57t5-e126d8060d1386f3d106d69fcc07668a{\nheight:30px;\n}\n<\/style>\n<div  class='hr av-4i57t5-e126d8060d1386f3d106d69fcc07668a hr-invisible  avia-builder-el-9  el_after_av_player  el_before_av_player '><span class='hr-inner '><span class=\"hr-inner-style\"><\/span><\/span><\/div>\n<div id=\"av_player-5\" class=\"av-player av-player-container av-mnc9e3jx-e1d61d77db4d5766b6d8d5ba62e09370 avia-playerstyle-minimal av_player-5  avia-builder-el-10  el_after_av_hr  el_before_av_hr  av-player-hide-playlist avia-playlist-hide-cover\"><div class=\"av-player-player-container\"><div class=\"wp-playlist wp-audio-playlist wp-playlist-light\">\n\t\t\t<div class=\"wp-playlist-current-item\"><\/div>\n\t\t<audio controls=\"controls\" preload=\"none\" width=\"1478\"\n\t\t\t><\/audio>\n\t<div class=\"wp-playlist-next\"><\/div>\n\t<div class=\"wp-playlist-prev\"><\/div>\n\t<noscript>\n\t<ol>\n\t\t<li><a href='https:\/\/radcompodcasts.com.br\/wp-content\/uploads\/2026\/03\/CHAMADA-04-A\u0301FRICA-DESCONHECIDA.mp3.mp3'><img loading=\"lazy\" decoding=\"async\" width=\"80\" height=\"80\" src=\"https:\/\/radcompodcasts.com.br\/wp-content\/uploads\/2026\/03\/4-Programa-4-Africa-Desconhecida-80x80.jpg\" class=\"attachment-thumbnail size-thumbnail\" alt=\"\" \/><\/a><\/li>\t<\/ol>\n\t<\/noscript>\n\t<script type=\"application\/json\" class=\"wp-playlist-script\">{\"type\":\"audio\",\"tracklist\":true,\"tracknumbers\":true,\"images\":true,\"artists\":true,\"tracks\":[{\"src\":\"https:\/\/radcompodcasts.com.br\/wp-content\/uploads\/2026\/03\/CHAMADA-04-A\\u0301FRICA-DESCONHECIDA.mp3.mp3\",\"type\":\"audio\/mpeg\",\"title\":\"CHAMADA 4 - A\\u0301FRICA DESCONHECIDA.mp3\",\"caption\":\"\",\"description\":\"\\\"CHAMADA #04 - A\\u0301FRICA DESCONHECIDA.mp3\\\".\",\"meta\":{\"length_formatted\":\"0:36\"},\"image\":{\"src\":\"https:\/\/radcompodcasts.com.br\/wp-content\/uploads\/2026\/03\/4-Programa-4-Africa-Desconhecida-80x80.jpg\",\"width\":48,\"height\":64},\"thumb\":{\"src\":\"https:\/\/radcompodcasts.com.br\/wp-content\/uploads\/2026\/03\/4-Programa-4-Africa-Desconhecida-80x80.jpg\",\"width\":48,\"height\":64}}]}<\/script>\n<\/div>\n\t<\/div><\/div>\n\n<style type=\"text\/css\" data-created_by=\"avia_inline_auto\" id=\"style-css-av-5a3int-547f2ecf02886884ac7e0d1f17e212df\">\n#top .hr.hr-invisible.av-5a3int-547f2ecf02886884ac7e0d1f17e212df{\nheight:30px;\n}\n<\/style>\n<div  class='hr av-5a3int-547f2ecf02886884ac7e0d1f17e212df hr-invisible  avia-builder-el-11  el_after_av_player  el_before_av_player '><span class='hr-inner '><span class=\"hr-inner-style\"><\/span><\/span><\/div>\n<div id=\"av_player-6\" class=\"av-player av-player-container av-mnxoxn66-4345d3e95fea30bbf3cdfe320741eacd avia-playerstyle-minimal av_player-6  avia-builder-el-12  el_after_av_hr  el_before_av_hr  av-player-hide-playlist avia-playlist-hide-cover\"><div class=\"av-player-player-container\"><div class=\"wp-playlist wp-audio-playlist wp-playlist-light\">\n\t\t\t<div class=\"wp-playlist-current-item\"><\/div>\n\t\t<audio controls=\"controls\" preload=\"none\" width=\"1478\"\n\t\t\t><\/audio>\n\t<div class=\"wp-playlist-next\"><\/div>\n\t<div class=\"wp-playlist-prev\"><\/div>\n\t<noscript>\n\t<ol>\n\t\t<li><a href='https:\/\/radcompodcasts.com.br\/wp-content\/uploads\/2026\/04\/CHAMADA-05-A\u0301FRICA-DESCONHECIDA.mp3.mp3'><img loading=\"lazy\" decoding=\"async\" width=\"80\" height=\"80\" src=\"https:\/\/radcompodcasts.com.br\/wp-content\/uploads\/2026\/04\/5-Programa-5-Africa-Desconhecida-80x80.jpg\" class=\"attachment-thumbnail size-thumbnail\" alt=\"\" \/><\/a><\/li>\t<\/ol>\n\t<\/noscript>\n\t<script type=\"application\/json\" class=\"wp-playlist-script\">{\"type\":\"audio\",\"tracklist\":true,\"tracknumbers\":true,\"images\":true,\"artists\":true,\"tracks\":[{\"src\":\"https:\/\/radcompodcasts.com.br\/wp-content\/uploads\/2026\/04\/CHAMADA-05-A\\u0301FRICA-DESCONHECIDA.mp3.mp3\",\"type\":\"audio\/mpeg\",\"title\":\"CHAMADA 05 - A\\u0301FRICA DESCONHECIDA.mp3\",\"caption\":\"\",\"description\":\"\\\"CHAMADA #05 - A\\u0301FRICA DESCONHECIDA.mp3\\\".\",\"meta\":{\"length_formatted\":\"0:34\"},\"image\":{\"src\":\"https:\/\/radcompodcasts.com.br\/wp-content\/uploads\/2026\/04\/5-Programa-5-Africa-Desconhecida-80x80.jpg\",\"width\":48,\"height\":64},\"thumb\":{\"src\":\"https:\/\/radcompodcasts.com.br\/wp-content\/uploads\/2026\/04\/5-Programa-5-Africa-Desconhecida-80x80.jpg\",\"width\":48,\"height\":64}}]}<\/script>\n<\/div>\n\t<\/div><\/div>\n\n<style type=\"text\/css\" data-created_by=\"avia_inline_auto\" id=\"style-css-av-av_hr-af89a52d51412774536fa272e468f7cd\">\n#top .hr.hr-invisible.av-av_hr-af89a52d51412774536fa272e468f7cd{\nheight:30px;\n}\n<\/style>\n<div  class='hr av-av_hr-af89a52d51412774536fa272e468f7cd hr-invisible  avia-builder-el-13  el_after_av_player  el_before_av_player '><span class='hr-inner '><span class=\"hr-inner-style\"><\/span><\/span><\/div>\n<div id=\"av_player-7\" class=\"av-player av-player-container av-mnxtqsll-11c062359cc96c85a3f5c71b0672af8e avia-playerstyle-minimal av_player-7  avia-builder-el-14  el_after_av_hr  avia-builder-el-last  av-player-hide-playlist avia-playlist-hide-cover\"><div class=\"av-player-player-container\"><div class=\"wp-playlist wp-audio-playlist wp-playlist-light\">\n\t\t\t<div class=\"wp-playlist-current-item\"><\/div>\n\t\t<audio controls=\"controls\" preload=\"none\" width=\"1478\"\n\t\t\t><\/audio>\n\t<div class=\"wp-playlist-next\"><\/div>\n\t<div class=\"wp-playlist-prev\"><\/div>\n\t<noscript>\n\t<ol>\n\t\t<li><a href='https:\/\/radcompodcasts.com.br\/wp-content\/uploads\/2026\/04\/CHAMADA-06-A\u0301FRICA-DESCONHECIDA.mp3.mp3'><img loading=\"lazy\" decoding=\"async\" width=\"80\" height=\"80\" src=\"https:\/\/radcompodcasts.com.br\/wp-content\/uploads\/2026\/04\/6-Programa-6-Africa-Desconhecida-80x80.jpg\" class=\"attachment-thumbnail size-thumbnail\" alt=\"\" \/><\/a><\/li>\t<\/ol>\n\t<\/noscript>\n\t<script type=\"application\/json\" class=\"wp-playlist-script\">{\"type\":\"audio\",\"tracklist\":true,\"tracknumbers\":true,\"images\":true,\"artists\":true,\"tracks\":[{\"src\":\"https:\/\/radcompodcasts.com.br\/wp-content\/uploads\/2026\/04\/CHAMADA-06-A\\u0301FRICA-DESCONHECIDA.mp3.mp3\",\"type\":\"audio\/mpeg\",\"title\":\"CHAMADA 6 - A\\u0301FRICA DESCONHECIDA.mp3\",\"caption\":\"\",\"description\":\"\\\"CHAMADA #06 - A\\u0301FRICA DESCONHECIDA.mp3\\\".\",\"meta\":{\"length_formatted\":\"0:38\"},\"image\":{\"src\":\"https:\/\/radcompodcasts.com.br\/wp-content\/uploads\/2026\/04\/6-Programa-6-Africa-Desconhecida-80x80.jpg\",\"width\":48,\"height\":64},\"thumb\":{\"src\":\"https:\/\/radcompodcasts.com.br\/wp-content\/uploads\/2026\/04\/6-Programa-6-Africa-Desconhecida-80x80.jpg\",\"width\":48,\"height\":64}}]}<\/script>\n<\/div>\n\t<\/div><\/div>\n","protected":false},"excerpt":{"rendered":"","protected":false},"author":1,"featured_media":0,"parent":0,"menu_order":0,"comment_status":"closed","ping_status":"closed","template":"","meta":{"footnotes":""},"class_list":["post-1193","page","type-page","status-publish","hentry"],"_links":{"self":[{"href":"https:\/\/radcompodcasts.com.br\/index.php\/wp-json\/wp\/v2\/pages\/1193","targetHints":{"allow":["GET"]}}],"collection":[{"href":"https:\/\/radcompodcasts.com.br\/index.php\/wp-json\/wp\/v2\/pages"}],"about":[{"href":"https:\/\/radcompodcasts.com.br\/index.php\/wp-json\/wp\/v2\/types\/page"}],"author":[{"embeddable":true,"href":"https:\/\/radcompodcasts.com.br\/index.php\/wp-json\/wp\/v2\/users\/1"}],"replies":[{"embeddable":true,"href":"https:\/\/radcompodcasts.com.br\/index.php\/wp-json\/wp\/v2\/comments?post=1193"}],"version-history":[{"count":17,"href":"https:\/\/radcompodcasts.com.br\/index.php\/wp-json\/wp\/v2\/pages\/1193\/revisions"}],"predecessor-version":[{"id":2054,"href":"https:\/\/radcompodcasts.com.br\/index.php\/wp-json\/wp\/v2\/pages\/1193\/revisions\/2054"}],"wp:attachment":[{"href":"https:\/\/radcompodcasts.com.br\/index.php\/wp-json\/wp\/v2\/media?parent=1193"}],"curies":[{"name":"wp","href":"https:\/\/api.w.org\/{rel}","templated":true}]}}