{"id":1203,"date":"2026-02-28T00:06:49","date_gmt":"2026-02-28T00:06:49","guid":{"rendered":"https:\/\/radcompodcasts.com.br\/?page_id=1203"},"modified":"2026-04-13T23:53:43","modified_gmt":"2026-04-13T23:53:43","slug":"chamadas-programa-cultura-alem-do-obvio-os-museus-mais-inusitados-de-sao-paulo","status":"publish","type":"page","link":"https:\/\/radcompodcasts.com.br\/index.php\/chamadas-programa-cultura-alem-do-obvio-os-museus-mais-inusitados-de-sao-paulo\/","title":{"rendered":"Chamadas Programa Cultura Al\u00e9m do \u00d3bvio &#8211; Os museus mais inusitados de S\u00e3o Paulo"},"content":{"rendered":"<div  class='flex_column av-4ey4ar-20e53098108dee0fb94383e073124da5 av_one_full  avia-builder-el-0  avia-builder-el-no-sibling  first flex_column_div  '     ><p>\n<style type=\"text\/css\" data-created_by=\"avia_inline_auto\" id=\"style-css-av-mm5k8xyd-dbdee3dffe43b639cc15278189477634\">\n#top .av-special-heading.av-mm5k8xyd-dbdee3dffe43b639cc15278189477634{\npadding-bottom:10px;\n}\nbody .av-special-heading.av-mm5k8xyd-dbdee3dffe43b639cc15278189477634 .av-special-heading-tag .heading-char{\nfont-size:25px;\n}\n.av-special-heading.av-mm5k8xyd-dbdee3dffe43b639cc15278189477634 .av-subheading{\nfont-size:15px;\n}\n<\/style>\n<div  class='av-special-heading av-mm5k8xyd-dbdee3dffe43b639cc15278189477634 av-special-heading-h2 blockquote modern-quote  avia-builder-el-1  el_before_av_hr  avia-builder-el-first '><div class='av-subheading av-subheading_above'><p>9\u00aa Edi\u00e7\u00e3o do Programa Municipal de Fomento<\/p>\n<\/div><h2 class='av-special-heading-tag'  itemprop=\"headline\"  >Chamadas Programa Cultura Al\u00e9m do \u00d3bvio &#8211; Os museus mais inusitados de S\u00e3o Paulo<\/h2><div class=\"special-heading-border\"><div class=\"special-heading-inner-border\"><\/div><\/div><\/div><br \/>\n\n<style type=\"text\/css\" data-created_by=\"avia_inline_auto\" id=\"style-css-av-mmsooo90-5792e35b7e15a6fc2e00f977cadcf73c\">\n#top .hr.hr-invisible.av-mmsooo90-5792e35b7e15a6fc2e00f977cadcf73c{\nheight:30px;\n}\n<\/style>\n<div  class='hr av-mmsooo90-5792e35b7e15a6fc2e00f977cadcf73c hr-invisible  avia-builder-el-2  el_after_av_heading  el_before_av_player '><span class='hr-inner '><span class=\"hr-inner-style\"><\/span><\/span><\/div><br \/>\n<div id=\"av_player-1\" class=\"av-player av-player-container av-mm5k9uaj-dfdf679bda59042305615086eec6c86e avia-playerstyle-minimal av_player-1  avia-builder-el-3  el_after_av_hr  el_before_av_hr  av-player-hide-playlist first avia-playlist-hide-cover\"><div class=\"av-player-player-container\"><div class=\"wp-playlist wp-audio-playlist wp-playlist-light\">\n\t\t\t<div class=\"wp-playlist-current-item\"><\/div>\n\t\t<audio controls=\"controls\" preload=\"none\" width=\"1478\"\n\t\t\t><\/audio>\n\t<div class=\"wp-playlist-next\"><\/div>\n\t<div class=\"wp-playlist-prev\"><\/div>\n\t<noscript>\n\t<ol>\n\t\t<li><a href='https:\/\/radcompodcasts.com.br\/wp-content\/uploads\/2026\/02\/0-CHAMADA-MUSEUS-GERAL.mp3'><img loading=\"lazy\" decoding=\"async\" width=\"80\" height=\"80\" src=\"https:\/\/radcompodcasts.com.br\/wp-content\/uploads\/2026\/04\/0-Chamada-Geral-Cultura-Alem-do-Obvio-80x80.jpg\" class=\"attachment-thumbnail size-thumbnail\" alt=\"\" \/><\/a><\/li>\t<\/ol>\n\t<\/noscript>\n\t<script type=\"application\/json\" class=\"wp-playlist-script\">{\"type\":\"audio\",\"tracklist\":true,\"tracknumbers\":true,\"images\":true,\"artists\":true,\"tracks\":[{\"src\":\"https:\/\/radcompodcasts.com.br\/wp-content\/uploads\/2026\/02\/0-CHAMADA-MUSEUS-GERAL.mp3\",\"type\":\"audio\/mpeg\",\"title\":\"Chamada Geral - Cultura Al\\u00e9m do \\u00d3bvio - Os museus mais inusitados de S\\u00e3o Paulo\",\"caption\":\"\",\"description\":\"\\\"0-CHAMADA MUSEUS - GERAL\\\". G\\u00eanero: Other.\",\"meta\":{\"genre\":\"Other\",\"length_formatted\":\"0:59\"},\"image\":{\"src\":\"https:\/\/radcompodcasts.com.br\/wp-content\/uploads\/2026\/04\/0-Chamada-Geral-Cultura-Alem-do-Obvio.jpg\",\"width\":1080,\"height\":1080},\"thumb\":{\"src\":\"https:\/\/radcompodcasts.com.br\/wp-content\/uploads\/2026\/04\/0-Chamada-Geral-Cultura-Alem-do-Obvio-80x80.jpg\",\"width\":80,\"height\":80}}]}<\/script>\n<\/div>\n\t<\/div><\/div><br \/>\n\n<style type=\"text\/css\" data-created_by=\"avia_inline_auto\" id=\"style-css-av-b3h8oz-2368a579d2e1428e5f36070b03b5ca65\">\n#top .hr.hr-invisible.av-b3h8oz-2368a579d2e1428e5f36070b03b5ca65{\nheight:30px;\n}\n<\/style>\n<div  class='hr av-b3h8oz-2368a579d2e1428e5f36070b03b5ca65 hr-invisible  avia-builder-el-4  el_after_av_player  el_before_av_player '><span class='hr-inner '><span class=\"hr-inner-style\"><\/span><\/span><\/div><br \/>\n<div id=\"av_player-2\" class=\"av-player av-player-container av-8g2qpv-b6974725a80be41ce2238d6a7e52e1dc avia-playerstyle-minimal av_player-2  avia-builder-el-5  el_after_av_hr  el_before_av_hr  av-player-hide-playlist avia-playlist-hide-cover\"><div class=\"av-player-player-container\"><div class=\"wp-playlist wp-audio-playlist wp-playlist-light\">\n\t\t\t<div class=\"wp-playlist-current-item\"><\/div>\n\t\t<audio controls=\"controls\" preload=\"none\" width=\"1478\"\n\t\t\t><\/audio>\n\t<div class=\"wp-playlist-next\"><\/div>\n\t<div class=\"wp-playlist-prev\"><\/div>\n\t<noscript>\n\t<ol>\n\t\t<li><a href='https:\/\/radcompodcasts.com.br\/wp-content\/uploads\/2026\/03\/CHAMADA-MUSEUS-01.mp3'><img loading=\"lazy\" decoding=\"async\" width=\"80\" height=\"80\" src=\"https:\/\/radcompodcasts.com.br\/wp-content\/uploads\/2026\/04\/1-Programa-1-Cultura-Alem-do-Obvio-80x80.jpg\" class=\"attachment-thumbnail size-thumbnail\" alt=\"\" \/><\/a><\/li>\t<\/ol>\n\t<\/noscript>\n\t<script type=\"application\/json\" class=\"wp-playlist-script\">{\"type\":\"audio\",\"tracklist\":true,\"tracknumbers\":true,\"images\":true,\"artists\":true,\"tracks\":[{\"src\":\"https:\/\/radcompodcasts.com.br\/wp-content\/uploads\/2026\/03\/CHAMADA-MUSEUS-01.mp3\",\"type\":\"audio\/mpeg\",\"title\":\"Chamada Programa 1 - Cultura Al\\u00e9m do \\u00d3bvio - Os museus mais inusitados de S\\u00e3o Paulo\",\"caption\":\"\",\"description\":\"\\\"CHAMADA MUSEUS - 01\\\". G\\u00eanero: Other.\",\"meta\":{\"genre\":\"Other\",\"length_formatted\":\"0:54\"},\"image\":{\"src\":\"https:\/\/radcompodcasts.com.br\/wp-content\/uploads\/2026\/04\/1-Programa-1-Cultura-Alem-do-Obvio.jpg\",\"width\":1080,\"height\":1080},\"thumb\":{\"src\":\"https:\/\/radcompodcasts.com.br\/wp-content\/uploads\/2026\/04\/1-Programa-1-Cultura-Alem-do-Obvio-80x80.jpg\",\"width\":80,\"height\":80}}]}<\/script>\n<\/div>\n\t<\/div><\/div><br \/>\n\n<style type=\"text\/css\" data-created_by=\"avia_inline_auto\" id=\"style-css-av-3wiyub-d662f59bc578583671684661d455ebf7\">\n#top .hr.hr-invisible.av-3wiyub-d662f59bc578583671684661d455ebf7{\nheight:30px;\n}\n<\/style>\n<div  class='hr av-3wiyub-d662f59bc578583671684661d455ebf7 hr-invisible  avia-builder-el-6  el_after_av_player  el_before_av_player '><span class='hr-inner '><span class=\"hr-inner-style\"><\/span><\/span><\/div><br \/>\n<div id=\"av_player-3\" class=\"av-player av-player-container av-mmsoo2lu-008cc7c8e47b511182f67a58a661db0c avia-playerstyle-minimal av_player-3  avia-builder-el-7  el_after_av_hr  el_before_av_hr  av-player-hide-playlist avia-playlist-hide-cover\"><div class=\"av-player-player-container\"><div class=\"wp-playlist wp-audio-playlist wp-playlist-light\">\n\t\t\t<div class=\"wp-playlist-current-item\"><\/div>\n\t\t<audio controls=\"controls\" preload=\"none\" width=\"1478\"\n\t\t\t><\/audio>\n\t<div class=\"wp-playlist-next\"><\/div>\n\t<div class=\"wp-playlist-prev\"><\/div>\n\t<noscript>\n\t<ol>\n\t\t<li><a href='https:\/\/radcompodcasts.com.br\/wp-content\/uploads\/2026\/03\/CHAMADA-MUSEUS-02.mp3'><img loading=\"lazy\" decoding=\"async\" width=\"80\" height=\"80\" src=\"https:\/\/radcompodcasts.com.br\/wp-content\/uploads\/2026\/04\/2-Programa-2-Cultura-Alem-do-Obvio-80x80.jpg\" class=\"attachment-thumbnail size-thumbnail\" alt=\"\" \/><\/a><\/li>\t<\/ol>\n\t<\/noscript>\n\t<script type=\"application\/json\" class=\"wp-playlist-script\">{\"type\":\"audio\",\"tracklist\":true,\"tracknumbers\":true,\"images\":true,\"artists\":true,\"tracks\":[{\"src\":\"https:\/\/radcompodcasts.com.br\/wp-content\/uploads\/2026\/03\/CHAMADA-MUSEUS-02.mp3\",\"type\":\"audio\/mpeg\",\"title\":\"Chamada Programa 2 - Cultura Al\\u00e9m do \\u00d3bvio - Os museus mais inusitados de S\\u00e3o Paulo\",\"caption\":\"\",\"description\":\"\\\"CHAMADA MUSEUS - 02\\\". G\\u00eanero: Other.\",\"meta\":{\"genre\":\"Other\",\"length_formatted\":\"0:55\"},\"image\":{\"src\":\"https:\/\/radcompodcasts.com.br\/wp-content\/uploads\/2026\/04\/2-Programa-2-Cultura-Alem-do-Obvio.jpg\",\"width\":1080,\"height\":1080},\"thumb\":{\"src\":\"https:\/\/radcompodcasts.com.br\/wp-content\/uploads\/2026\/04\/2-Programa-2-Cultura-Alem-do-Obvio-80x80.jpg\",\"width\":80,\"height\":80}}]}<\/script>\n<\/div>\n\t<\/div><\/div><br \/>\n\n<style type=\"text\/css\" data-created_by=\"avia_inline_auto\" id=\"style-css-av-82pcgz-a0ff6f4e88822ff2cae15dea8f201440\">\n#top .hr.hr-invisible.av-82pcgz-a0ff6f4e88822ff2cae15dea8f201440{\nheight:30px;\n}\n<\/style>\n<div  class='hr av-82pcgz-a0ff6f4e88822ff2cae15dea8f201440 hr-invisible  avia-builder-el-8  el_after_av_player  el_before_av_player '><span class='hr-inner '><span class=\"hr-inner-style\"><\/span><\/span><\/div><br \/>\n<div id=\"av_player-4\" class=\"av-player av-player-container av-mnc9spwo-d0c007e1941ab4a8fe252de41a296e16 avia-playerstyle-minimal av_player-4  avia-builder-el-9  el_after_av_hr  el_before_av_hr  av-player-hide-playlist avia-playlist-hide-cover\"><div class=\"av-player-player-container\"><div class=\"wp-playlist wp-audio-playlist wp-playlist-light\">\n\t\t\t<div class=\"wp-playlist-current-item\"><\/div>\n\t\t<audio controls=\"controls\" preload=\"none\" width=\"1478\"\n\t\t\t><\/audio>\n\t<div class=\"wp-playlist-next\"><\/div>\n\t<div class=\"wp-playlist-prev\"><\/div>\n\t<noscript>\n\t<ol>\n\t\t<li><a href='https:\/\/radcompodcasts.com.br\/wp-content\/uploads\/2026\/03\/CHAMADA-MUSEUS-03.mp3'><img loading=\"lazy\" decoding=\"async\" width=\"80\" height=\"80\" src=\"https:\/\/radcompodcasts.com.br\/wp-content\/uploads\/2026\/03\/3-Programa-3-Cultura-Alem-do-Obvio-80x80.jpg\" class=\"attachment-thumbnail size-thumbnail\" alt=\"\" \/><\/a><\/li>\t<\/ol>\n\t<\/noscript>\n\t<script type=\"application\/json\" class=\"wp-playlist-script\">{\"type\":\"audio\",\"tracklist\":true,\"tracknumbers\":true,\"images\":true,\"artists\":true,\"tracks\":[{\"src\":\"https:\/\/radcompodcasts.com.br\/wp-content\/uploads\/2026\/03\/CHAMADA-MUSEUS-03.mp3\",\"type\":\"audio\/mpeg\",\"title\":\"Chamada Programa 3 - Cultura Al\\u00e9m do \\u00d3bvio - Os museus mais inusitados de S\\u00e3o Paulo\",\"caption\":\"\",\"description\":\"\\\"CHAMADA MUSEUS - 03\\\". G\\u00eanero: Other.\",\"meta\":{\"genre\":\"Other\",\"length_formatted\":\"0:58\"},\"image\":{\"src\":\"https:\/\/radcompodcasts.com.br\/wp-content\/uploads\/2026\/03\/3-Programa-3-Cultura-Alem-do-Obvio-80x80.jpg\",\"width\":48,\"height\":64},\"thumb\":{\"src\":\"https:\/\/radcompodcasts.com.br\/wp-content\/uploads\/2026\/03\/3-Programa-3-Cultura-Alem-do-Obvio-80x80.jpg\",\"width\":48,\"height\":64}}]}<\/script>\n<\/div>\n\t<\/div><\/div><br \/>\n\n<style type=\"text\/css\" data-created_by=\"avia_inline_auto\" id=\"style-css-av-3zd7eb-6e5dfbe8ed0bb2bf69a6c274e8674c7f\">\n#top .hr.hr-invisible.av-3zd7eb-6e5dfbe8ed0bb2bf69a6c274e8674c7f{\nheight:30px;\n}\n<\/style>\n<div  class='hr av-3zd7eb-6e5dfbe8ed0bb2bf69a6c274e8674c7f hr-invisible  avia-builder-el-10  el_after_av_player  el_before_av_player '><span class='hr-inner '><span class=\"hr-inner-style\"><\/span><\/span><\/div><br \/>\n<div id=\"av_player-5\" class=\"av-player av-player-container av-mnc9vvmg-57ed5948d7884ece89edd372ae3d9f13 avia-playerstyle-minimal av_player-5  avia-builder-el-11  el_after_av_hr  el_before_av_hr  av-player-hide-playlist avia-playlist-hide-cover\"><div class=\"av-player-player-container\"><div class=\"wp-playlist wp-audio-playlist wp-playlist-light\">\n\t\t\t<div class=\"wp-playlist-current-item\"><\/div>\n\t\t<audio controls=\"controls\" preload=\"none\" width=\"1478\"\n\t\t\t><\/audio>\n\t<div class=\"wp-playlist-next\"><\/div>\n\t<div class=\"wp-playlist-prev\"><\/div>\n\t<noscript>\n\t<ol>\n\t\t<li><a href='https:\/\/radcompodcasts.com.br\/wp-content\/uploads\/2026\/03\/CHAMADA-MUSEUS-04.mp3'><img loading=\"lazy\" decoding=\"async\" width=\"80\" height=\"80\" src=\"https:\/\/radcompodcasts.com.br\/wp-content\/uploads\/2026\/03\/4-Programa-4-Cultura-Alem-do-Obvio-80x80.jpg\" class=\"attachment-thumbnail size-thumbnail\" alt=\"\" \/><\/a><\/li>\t<\/ol>\n\t<\/noscript>\n\t<script type=\"application\/json\" class=\"wp-playlist-script\">{\"type\":\"audio\",\"tracklist\":true,\"tracknumbers\":true,\"images\":true,\"artists\":true,\"tracks\":[{\"src\":\"https:\/\/radcompodcasts.com.br\/wp-content\/uploads\/2026\/03\/CHAMADA-MUSEUS-04.mp3\",\"type\":\"audio\/mpeg\",\"title\":\"Chamada Programa 4 - Cultura Al\\u00e9m do \\u00d3bvio - Os museus mais inusitados de S\\u00e3o Paulo\",\"caption\":\"\",\"description\":\"\\\"CHAMADA MUSEUS - 04\\\". G\\u00eanero: Other.\",\"meta\":{\"genre\":\"Other\",\"length_formatted\":\"0:57\"},\"image\":{\"src\":\"https:\/\/radcompodcasts.com.br\/wp-content\/uploads\/2026\/03\/4-Programa-4-Cultura-Alem-do-Obvio-80x80.jpg\",\"width\":48,\"height\":64},\"thumb\":{\"src\":\"https:\/\/radcompodcasts.com.br\/wp-content\/uploads\/2026\/03\/4-Programa-4-Cultura-Alem-do-Obvio-80x80.jpg\",\"width\":48,\"height\":64}}]}<\/script>\n<\/div>\n\t<\/div><\/div><br \/>\n\n<style type=\"text\/css\" data-created_by=\"avia_inline_auto\" id=\"style-css-av-av_hr-af89a52d51412774536fa272e468f7cd\">\n#top .hr.hr-invisible.av-av_hr-af89a52d51412774536fa272e468f7cd{\nheight:30px;\n}\n<\/style>\n<div  class='hr av-av_hr-af89a52d51412774536fa272e468f7cd hr-invisible  avia-builder-el-12  el_after_av_player  el_before_av_player '><span class='hr-inner '><span class=\"hr-inner-style\"><\/span><\/span><\/div><br \/>\n<div id=\"av_player-6\" class=\"av-player av-player-container av-mnxukz8o-6bf55dbb130779e2b9aafe329827526f avia-playerstyle-minimal av_player-6  avia-builder-el-13  el_after_av_hr  el_before_av_hr  av-player-hide-playlist avia-playlist-hide-cover\"><div class=\"av-player-player-container\"><div class=\"wp-playlist wp-audio-playlist wp-playlist-light\">\n\t\t\t<div class=\"wp-playlist-current-item\"><\/div>\n\t\t<audio controls=\"controls\" preload=\"none\" width=\"1478\"\n\t\t\t><\/audio>\n\t<div class=\"wp-playlist-next\"><\/div>\n\t<div class=\"wp-playlist-prev\"><\/div>\n\t<noscript>\n\t<ol>\n\t\t<li><a href='https:\/\/radcompodcasts.com.br\/wp-content\/uploads\/2026\/04\/CHAMADA-MUSEUS-05.mp3'><img loading=\"lazy\" decoding=\"async\" width=\"80\" height=\"80\" src=\"https:\/\/radcompodcasts.com.br\/wp-content\/uploads\/2026\/04\/5-Programa-5-Cultura-Alem-do-Obvio-80x80.jpg\" class=\"attachment-thumbnail size-thumbnail\" alt=\"\" \/><\/a><\/li>\t<\/ol>\n\t<\/noscript>\n\t<script type=\"application\/json\" class=\"wp-playlist-script\">{\"type\":\"audio\",\"tracklist\":true,\"tracknumbers\":true,\"images\":true,\"artists\":true,\"tracks\":[{\"src\":\"https:\/\/radcompodcasts.com.br\/wp-content\/uploads\/2026\/04\/CHAMADA-MUSEUS-05.mp3\",\"type\":\"audio\/mpeg\",\"title\":\"Chamada Programa 5 - Cultura Al\\u00e9m do \\u00d3bvio - Os museus mais inusitados de S\\u00e3o Paulo\",\"caption\":\"\",\"description\":\"\\\"CHAMADA MUSEUS - 05\\\". G\\u00eanero: Other.\",\"meta\":{\"genre\":\"Other\",\"length_formatted\":\"0:56\"},\"image\":{\"src\":\"https:\/\/radcompodcasts.com.br\/wp-content\/uploads\/2026\/04\/5-Programa-5-Cultura-Alem-do-Obvio-80x80.jpg\",\"width\":48,\"height\":64},\"thumb\":{\"src\":\"https:\/\/radcompodcasts.com.br\/wp-content\/uploads\/2026\/04\/5-Programa-5-Cultura-Alem-do-Obvio-80x80.jpg\",\"width\":48,\"height\":64}}]}<\/script>\n<\/div>\n\t<\/div><\/div><br \/>\n\n<style type=\"text\/css\" data-created_by=\"avia_inline_auto\" id=\"style-css-av-av_hr-af89a52d51412774536fa272e468f7cd\">\n#top .hr.hr-invisible.av-av_hr-af89a52d51412774536fa272e468f7cd{\nheight:30px;\n}\n<\/style>\n<div  class='hr av-av_hr-af89a52d51412774536fa272e468f7cd hr-invisible  avia-builder-el-14  el_after_av_player  el_before_av_player '><span class='hr-inner '><span class=\"hr-inner-style\"><\/span><\/span><\/div><br \/>\n<div id=\"av_player-7\" class=\"av-player av-player-container av-mnxumcps-e319c691b5ba834383c1d6fb2be4d9e0 avia-playerstyle-minimal av_player-7  avia-builder-el-15  el_after_av_hr  avia-builder-el-last  av-player-hide-playlist avia-playlist-hide-cover\"><div class=\"av-player-player-container\"><div class=\"wp-playlist wp-audio-playlist wp-playlist-light\">\n\t\t\t<div class=\"wp-playlist-current-item\"><\/div>\n\t\t<audio controls=\"controls\" preload=\"none\" width=\"1478\"\n\t\t\t><\/audio>\n\t<div class=\"wp-playlist-next\"><\/div>\n\t<div class=\"wp-playlist-prev\"><\/div>\n\t<noscript>\n\t<ol>\n\t\t<li><a href='https:\/\/radcompodcasts.com.br\/wp-content\/uploads\/2026\/04\/CHAMADA-MUSEUS-06.mp3'><img loading=\"lazy\" decoding=\"async\" width=\"80\" height=\"80\" src=\"https:\/\/radcompodcasts.com.br\/wp-content\/uploads\/2026\/04\/6-Programa-6-Cultura-Alem-do-Obvio-80x80.jpg\" class=\"attachment-thumbnail size-thumbnail\" alt=\"\" \/><\/a><\/li>\t<\/ol>\n\t<\/noscript>\n\t<script type=\"application\/json\" class=\"wp-playlist-script\">{\"type\":\"audio\",\"tracklist\":true,\"tracknumbers\":true,\"images\":true,\"artists\":true,\"tracks\":[{\"src\":\"https:\/\/radcompodcasts.com.br\/wp-content\/uploads\/2026\/04\/CHAMADA-MUSEUS-06.mp3\",\"type\":\"audio\/mpeg\",\"title\":\"Chamada Programa 6 - Cultura Al\\u00e9m do \\u00d3bvio - Os museus mais inusitados de S\\u00e3o Paulo\",\"caption\":\"\",\"description\":\"\\\"CHAMADA MUSEUS - 06\\\". G\\u00eanero: Other.\",\"meta\":{\"genre\":\"Other\",\"length_formatted\":\"1:04\"},\"image\":{\"src\":\"https:\/\/radcompodcasts.com.br\/wp-content\/uploads\/2026\/04\/6-Programa-6-Cultura-Alem-do-Obvio-80x80.jpg\",\"width\":48,\"height\":64},\"thumb\":{\"src\":\"https:\/\/radcompodcasts.com.br\/wp-content\/uploads\/2026\/04\/6-Programa-6-Cultura-Alem-do-Obvio-80x80.jpg\",\"width\":48,\"height\":64}}]}<\/script>\n<\/div>\n\t<\/div><\/div><\/p><\/div>\n","protected":false},"excerpt":{"rendered":"","protected":false},"author":1,"featured_media":0,"parent":0,"menu_order":0,"comment_status":"closed","ping_status":"closed","template":"","meta":{"footnotes":""},"class_list":["post-1203","page","type-page","status-publish","hentry"],"_links":{"self":[{"href":"https:\/\/radcompodcasts.com.br\/index.php\/wp-json\/wp\/v2\/pages\/1203","targetHints":{"allow":["GET"]}}],"collection":[{"href":"https:\/\/radcompodcasts.com.br\/index.php\/wp-json\/wp\/v2\/pages"}],"about":[{"href":"https:\/\/radcompodcasts.com.br\/index.php\/wp-json\/wp\/v2\/types\/page"}],"author":[{"embeddable":true,"href":"https:\/\/radcompodcasts.com.br\/index.php\/wp-json\/wp\/v2\/users\/1"}],"replies":[{"embeddable":true,"href":"https:\/\/radcompodcasts.com.br\/index.php\/wp-json\/wp\/v2\/comments?post=1203"}],"version-history":[{"count":7,"href":"https:\/\/radcompodcasts.com.br\/index.php\/wp-json\/wp\/v2\/pages\/1203\/revisions"}],"predecessor-version":[{"id":2076,"href":"https:\/\/radcompodcasts.com.br\/index.php\/wp-json\/wp\/v2\/pages\/1203\/revisions\/2076"}],"wp:attachment":[{"href":"https:\/\/radcompodcasts.com.br\/index.php\/wp-json\/wp\/v2\/media?parent=1203"}],"curies":[{"name":"wp","href":"https:\/\/api.w.org\/{rel}","templated":true}]}}