{"id":1221,"date":"2026-02-28T02:29:16","date_gmt":"2026-02-28T02:29:16","guid":{"rendered":"https:\/\/radcompodcasts.com.br\/?page_id=1221"},"modified":"2026-04-14T01:32:04","modified_gmt":"2026-04-14T01:32:04","slug":"chamadas-programa-revolucao-na-psiquiatria-a-humanizacao-no-legado-de-nise-da-silveira","status":"publish","type":"page","link":"https:\/\/radcompodcasts.com.br\/index.php\/chamadas-programa-revolucao-na-psiquiatria-a-humanizacao-no-legado-de-nise-da-silveira\/","title":{"rendered":"Chamadas Programa: Revolu\u00e7\u00e3o na psiquiatria: A humaniza\u00e7\u00e3o no legado De Nise da Silveira"},"content":{"rendered":"<div  class='flex_column av-4vnyz9-e75c6d7b31f3c330fdb6efe6b27ef3c8 av_one_full  avia-builder-el-0  avia-builder-el-no-sibling  first flex_column_div  '     ><p>\n<style type=\"text\/css\" data-created_by=\"avia_inline_auto\" id=\"style-css-av-mm5pbtxn-c3cbab3ad455f12811e23a1b8c01bcbb\">\n#top .av-special-heading.av-mm5pbtxn-c3cbab3ad455f12811e23a1b8c01bcbb{\npadding-bottom:10px;\n}\nbody .av-special-heading.av-mm5pbtxn-c3cbab3ad455f12811e23a1b8c01bcbb .av-special-heading-tag .heading-char{\nfont-size:25px;\n}\n.av-special-heading.av-mm5pbtxn-c3cbab3ad455f12811e23a1b8c01bcbb .av-subheading{\nfont-size:15px;\n}\n<\/style>\n<div  class='av-special-heading av-mm5pbtxn-c3cbab3ad455f12811e23a1b8c01bcbb av-special-heading-h2 blockquote modern-quote  avia-builder-el-1  el_before_av_hr  avia-builder-el-first '><div class='av-subheading av-subheading_above'><p>PROAC<\/p>\n<\/div><h2 class='av-special-heading-tag'  itemprop=\"headline\"  >Chamadas Programa: Revolu\u00e7\u00e3o na psiquiatria: A humaniza\u00e7\u00e3o no legado De Nise da Silveira<\/h2><div class=\"special-heading-border\"><div class=\"special-heading-inner-border\"><\/div><\/div><\/div><br \/>\n\n<style type=\"text\/css\" data-created_by=\"avia_inline_auto\" id=\"style-css-av-mmth85co-866d95c8100af54b4a2b010e0ac42094\">\n#top .hr.hr-invisible.av-mmth85co-866d95c8100af54b4a2b010e0ac42094{\nheight:30px;\n}\n<\/style>\n<div  class='hr av-mmth85co-866d95c8100af54b4a2b010e0ac42094 hr-invisible  avia-builder-el-2  el_after_av_heading  el_before_av_player '><span class='hr-inner '><span class=\"hr-inner-style\"><\/span><\/span><\/div><br \/>\n<div id=\"av_player-1\" class=\"av-player av-player-container av-mm5pd0l8-c82ac7d9b98d4599a7f489537226456c avia-playerstyle-minimal av_player-1  avia-builder-el-3  el_after_av_hr  el_before_av_hr  av-player-hide-playlist first avia-playlist-hide-cover\"><div class=\"av-player-player-container\"><div class=\"wp-playlist wp-audio-playlist wp-playlist-light\">\n\t\t\t<div class=\"wp-playlist-current-item\"><\/div>\n\t\t<audio controls=\"controls\" preload=\"none\" width=\"1478\"\n\t\t\t><\/audio>\n\t<div class=\"wp-playlist-next\"><\/div>\n\t<div class=\"wp-playlist-prev\"><\/div>\n\t<noscript>\n\t<ol>\n\t\t<li><a href='https:\/\/radcompodcasts.com.br\/wp-content\/uploads\/2026\/02\/0-CHAM.GERAL-FUTURA.mp3'>CHAMADA GERAL - REVOLUCAO NA PSIQUIATRIA<\/a><\/li>\t<\/ol>\n\t<\/noscript>\n\t<script type=\"application\/json\" class=\"wp-playlist-script\">{\"type\":\"audio\",\"tracklist\":true,\"tracknumbers\":true,\"images\":true,\"artists\":true,\"tracks\":[{\"src\":\"https:\/\/radcompodcasts.com.br\/wp-content\/uploads\/2026\/02\/0-CHAM.GERAL-FUTURA.mp3\",\"type\":\"audio\/mpeg\",\"title\":\"CHAMADA GERAL - REVOLUCAO NA PSIQUIATRIA\",\"caption\":\"\",\"description\":\"\\\"0-CHAM.GERAL-FUTURA\\\". Lan\\u00e7ado: 2026.\",\"meta\":{\"year\":\"2026\",\"length_formatted\":\"0:55\"},\"image\":{\"src\":\"https:\/\/radcompodcasts.com.br\/wp-content\/uploads\/2026\/02\/0-CHAM-GERAL-FUTURA-mp3-image.jpg\",\"width\":1080,\"height\":1080},\"thumb\":{\"src\":\"https:\/\/radcompodcasts.com.br\/wp-content\/uploads\/2026\/02\/0-CHAM-GERAL-FUTURA-mp3-image-80x80.jpg\",\"width\":80,\"height\":80}}]}<\/script>\n<\/div>\n\t<\/div><\/div><br \/>\n\n<style type=\"text\/css\" data-created_by=\"avia_inline_auto\" id=\"style-css-av-3jtsit-4e0cb882cacfcea955d4ee311bccd5f3\">\n#top .hr.hr-invisible.av-3jtsit-4e0cb882cacfcea955d4ee311bccd5f3{\nheight:30px;\n}\n<\/style>\n<div  class='hr av-3jtsit-4e0cb882cacfcea955d4ee311bccd5f3 hr-invisible  avia-builder-el-4  el_after_av_player  el_before_av_player '><span class='hr-inner '><span class=\"hr-inner-style\"><\/span><\/span><\/div><br \/>\n<div id=\"av_player-2\" class=\"av-player av-player-container av-mmth566r-12055b4efce2d73ce5f3e2281a70f3c7 avia-playerstyle-minimal av_player-2  avia-builder-el-5  el_after_av_hr  el_before_av_hr  av-player-hide-playlist avia-playlist-hide-cover\"><div class=\"av-player-player-container\"><div class=\"wp-playlist wp-audio-playlist wp-playlist-light\">\n\t\t\t<div class=\"wp-playlist-current-item\"><\/div>\n\t\t<audio controls=\"controls\" preload=\"none\" width=\"1478\"\n\t\t\t><\/audio>\n\t<div class=\"wp-playlist-next\"><\/div>\n\t<div class=\"wp-playlist-prev\"><\/div>\n\t<noscript>\n\t<ol>\n\t\t<li><a href='https:\/\/radcompodcasts.com.br\/wp-content\/uploads\/2026\/03\/CHAMADA-01-REVOLUC\u0327A\u0303O-NA-PSIQUIATRIA.mp3'>CHAMADA PROGRAMA 1 - REVOLUC\u0327A\u0303O NA PSIQUIATRIA<\/a><\/li>\t<\/ol>\n\t<\/noscript>\n\t<script type=\"application\/json\" class=\"wp-playlist-script\">{\"type\":\"audio\",\"tracklist\":true,\"tracknumbers\":true,\"images\":true,\"artists\":true,\"tracks\":[{\"src\":\"https:\/\/radcompodcasts.com.br\/wp-content\/uploads\/2026\/03\/CHAMADA-01-REVOLUC\\u0327A\\u0303O-NA-PSIQUIATRIA.mp3\",\"type\":\"audio\/mpeg\",\"title\":\"CHAMADA PROGRAMA 1 - REVOLUC\\u0327A\\u0303O NA PSIQUIATRIA\",\"caption\":\"\",\"description\":\"\\\"CHAMADA 01 REVOLUC\\u0327A\\u0303O NA PSIQUIATRIA\\\". Lan\\u00e7ado: 2026.\",\"meta\":{\"year\":\"2026\",\"length_formatted\":\"0:57\"},\"image\":{\"src\":\"https:\/\/radcompodcasts.com.br\/wp-content\/uploads\/2026\/03\/CHAMADA-01-REVOLUC\\u0327A\\u0303O-NA-PSIQUIATRIA-mp3-image.jpg\",\"width\":1080,\"height\":1080},\"thumb\":{\"src\":\"https:\/\/radcompodcasts.com.br\/wp-content\/uploads\/2026\/03\/CHAMADA-01-REVOLUC\\u0327A\\u0303O-NA-PSIQUIATRIA-mp3-image-80x80.jpg\",\"width\":80,\"height\":80}}]}<\/script>\n<\/div>\n\t<\/div><\/div><br \/>\n\n<style type=\"text\/css\" data-created_by=\"avia_inline_auto\" id=\"style-css-av-2sxn4l-3586e425c1349ca6f90f6993b1d871a0\">\n#top .hr.hr-invisible.av-2sxn4l-3586e425c1349ca6f90f6993b1d871a0{\nheight:30px;\n}\n<\/style>\n<div  class='hr av-2sxn4l-3586e425c1349ca6f90f6993b1d871a0 hr-invisible  avia-builder-el-6  el_after_av_player  el_before_av_player '><span class='hr-inner '><span class=\"hr-inner-style\"><\/span><\/span><\/div><br \/>\n<div id=\"av_player-3\" class=\"av-player av-player-container av-mmth4r0n-7489a6565126a3756e4dfcbc05b2ba8e avia-playerstyle-minimal av_player-3  avia-builder-el-7  el_after_av_hr  el_before_av_hr  av-player-hide-playlist avia-playlist-hide-cover\"><div class=\"av-player-player-container\"><div class=\"wp-playlist wp-audio-playlist wp-playlist-light\">\n\t\t\t<div class=\"wp-playlist-current-item\"><\/div>\n\t\t<audio controls=\"controls\" preload=\"none\" width=\"1478\"\n\t\t\t><\/audio>\n\t<div class=\"wp-playlist-next\"><\/div>\n\t<div class=\"wp-playlist-prev\"><\/div>\n\t<noscript>\n\t<ol>\n\t\t<li><a href='https:\/\/radcompodcasts.com.br\/wp-content\/uploads\/2026\/03\/CHAMADA-02-REVOLUC\u0327A\u0303O-NA-PSIQUIATRIA.mp3'>CHAMADA PROGRAMA 2 - REVOLUC\u0327A\u0303O NA PSIQUIATRIA<\/a><\/li>\t<\/ol>\n\t<\/noscript>\n\t<script type=\"application\/json\" class=\"wp-playlist-script\">{\"type\":\"audio\",\"tracklist\":true,\"tracknumbers\":true,\"images\":true,\"artists\":true,\"tracks\":[{\"src\":\"https:\/\/radcompodcasts.com.br\/wp-content\/uploads\/2026\/03\/CHAMADA-02-REVOLUC\\u0327A\\u0303O-NA-PSIQUIATRIA.mp3\",\"type\":\"audio\/mpeg\",\"title\":\"CHAMADA PROGRAMA 2 - REVOLUC\\u0327A\\u0303O NA PSIQUIATRIA\",\"caption\":\"\",\"description\":\"\\\"CHAMADA 02 REVOLUC\\u0327A\\u0303O NA PSIQUIATRIA\\\". Lan\\u00e7ado: 2026.\",\"meta\":{\"year\":\"2026\",\"length_formatted\":\"0:56\"},\"image\":{\"src\":\"https:\/\/radcompodcasts.com.br\/wp-content\/uploads\/2026\/03\/CHAMADA-02-REVOLUC\\u0327A\\u0303O-NA-PSIQUIATRIA-mp3-image.jpg\",\"width\":1080,\"height\":1080},\"thumb\":{\"src\":\"https:\/\/radcompodcasts.com.br\/wp-content\/uploads\/2026\/03\/CHAMADA-02-REVOLUC\\u0327A\\u0303O-NA-PSIQUIATRIA-mp3-image-80x80.jpg\",\"width\":80,\"height\":80}}]}<\/script>\n<\/div>\n\t<\/div><\/div><br \/>\n\n<style type=\"text\/css\" data-created_by=\"avia_inline_auto\" id=\"style-css-av-7iyecl-a37e399497048d9d0713aa5188ce99a3\">\n#top .hr.hr-invisible.av-7iyecl-a37e399497048d9d0713aa5188ce99a3{\nheight:30px;\n}\n<\/style>\n<div  class='hr av-7iyecl-a37e399497048d9d0713aa5188ce99a3 hr-invisible  avia-builder-el-8  el_after_av_player  el_before_av_player '><span class='hr-inner '><span class=\"hr-inner-style\"><\/span><\/span><\/div><br \/>\n<div id=\"av_player-4\" class=\"av-player av-player-container av-mncbmybk-3089515e449b63effefe1f24615789a4 avia-playerstyle-minimal av_player-4  avia-builder-el-9  el_after_av_hr  el_before_av_hr  av-player-hide-playlist avia-playlist-hide-cover\"><div class=\"av-player-player-container\"><div class=\"wp-playlist wp-audio-playlist wp-playlist-light\">\n\t\t\t<div class=\"wp-playlist-current-item\"><\/div>\n\t\t<audio controls=\"controls\" preload=\"none\" width=\"1478\"\n\t\t\t><\/audio>\n\t<div class=\"wp-playlist-next\"><\/div>\n\t<div class=\"wp-playlist-prev\"><\/div>\n\t<noscript>\n\t<ol>\n\t\t<li><a href='https:\/\/radcompodcasts.com.br\/wp-content\/uploads\/2026\/03\/CHAMADA-03-REVOLUC\u0327A\u0303O-NA-PSIQUIATRIA.mp3.mp3'><img loading=\"lazy\" decoding=\"async\" width=\"80\" height=\"80\" src=\"https:\/\/radcompodcasts.com.br\/wp-content\/uploads\/2026\/03\/3-Programa-3-Revolucao-na-Psiquiatria-80x80.jpg\" class=\"attachment-thumbnail size-thumbnail\" alt=\"\" \/><\/a><\/li>\t<\/ol>\n\t<\/noscript>\n\t<script type=\"application\/json\" class=\"wp-playlist-script\">{\"type\":\"audio\",\"tracklist\":true,\"tracknumbers\":true,\"images\":true,\"artists\":true,\"tracks\":[{\"src\":\"https:\/\/radcompodcasts.com.br\/wp-content\/uploads\/2026\/03\/CHAMADA-03-REVOLUC\\u0327A\\u0303O-NA-PSIQUIATRIA.mp3.mp3\",\"type\":\"audio\/mpeg\",\"title\":\"CHAMADA PROGRAMA 03 - REVOLUC\\u0327A\\u0303O NA PSIQUIATRIA.mp3\",\"caption\":\"\",\"description\":\"\\\"CHAMADA 03 - REVOLUC\\u0327A\\u0303O NA PSIQUIATRIA.mp3\\\".\",\"meta\":{\"length_formatted\":\"0:47\"},\"image\":{\"src\":\"https:\/\/radcompodcasts.com.br\/wp-content\/uploads\/2026\/03\/3-Programa-3-Revolucao-na-Psiquiatria-80x80.jpg\",\"width\":48,\"height\":64},\"thumb\":{\"src\":\"https:\/\/radcompodcasts.com.br\/wp-content\/uploads\/2026\/03\/3-Programa-3-Revolucao-na-Psiquiatria-80x80.jpg\",\"width\":48,\"height\":64}}]}<\/script>\n<\/div>\n\t<\/div><\/div><br \/>\n\n<style type=\"text\/css\" data-created_by=\"avia_inline_auto\" id=\"style-css-av-48e4xx-1939ff0ae9ca1f6fac0602388b731785\">\n#top .hr.hr-invisible.av-48e4xx-1939ff0ae9ca1f6fac0602388b731785{\nheight:30px;\n}\n<\/style>\n<div  class='hr av-48e4xx-1939ff0ae9ca1f6fac0602388b731785 hr-invisible  avia-builder-el-10  el_after_av_player  el_before_av_player '><span class='hr-inner '><span class=\"hr-inner-style\"><\/span><\/span><\/div><br \/>\n<div id=\"av_player-5\" class=\"av-player av-player-container av-mncbns3k-e26001e92678fe237d3fd48b0f8a15d5 avia-playerstyle-minimal av_player-5  avia-builder-el-11  el_after_av_hr  el_before_av_hr  av-player-hide-playlist avia-playlist-hide-cover\"><div class=\"av-player-player-container\"><div class=\"wp-playlist wp-audio-playlist wp-playlist-light\">\n\t\t\t<div class=\"wp-playlist-current-item\"><\/div>\n\t\t<audio controls=\"controls\" preload=\"none\" width=\"1478\"\n\t\t\t><\/audio>\n\t<div class=\"wp-playlist-next\"><\/div>\n\t<div class=\"wp-playlist-prev\"><\/div>\n\t<noscript>\n\t<ol>\n\t\t<li><a href='https:\/\/radcompodcasts.com.br\/wp-content\/uploads\/2026\/03\/CHAMADA-04-REVOLUC\u0327A\u0303O-NA-PSIQUIATRIA.mp3'><img loading=\"lazy\" decoding=\"async\" width=\"80\" height=\"80\" src=\"https:\/\/radcompodcasts.com.br\/wp-content\/uploads\/2026\/03\/4-Programa-4-Revolucao-na-Psiquiatria-80x80.jpg\" class=\"attachment-thumbnail size-thumbnail\" alt=\"\" \/><\/a><\/li>\t<\/ol>\n\t<\/noscript>\n\t<script type=\"application\/json\" class=\"wp-playlist-script\">{\"type\":\"audio\",\"tracklist\":true,\"tracknumbers\":true,\"images\":true,\"artists\":true,\"tracks\":[{\"src\":\"https:\/\/radcompodcasts.com.br\/wp-content\/uploads\/2026\/03\/CHAMADA-04-REVOLUC\\u0327A\\u0303O-NA-PSIQUIATRIA.mp3\",\"type\":\"audio\/mpeg\",\"title\":\"CHAMADA PROGRAMA 04 REVOLUC\\u0327A\\u0303O NA PSIQUIATRIA\",\"caption\":\"\",\"description\":\"\\\"CHAMADA 04 REVOLUC\\u0327A\\u0303O NA PSIQUIATRIA\\\". Lan\\u00e7ado: 2026.\",\"meta\":{\"year\":\"2026\",\"length_formatted\":\"0:53\"},\"image\":{\"src\":\"https:\/\/radcompodcasts.com.br\/wp-content\/uploads\/2026\/03\/4-Programa-4-Revolucao-na-Psiquiatria-80x80.jpg\",\"width\":48,\"height\":64},\"thumb\":{\"src\":\"https:\/\/radcompodcasts.com.br\/wp-content\/uploads\/2026\/03\/4-Programa-4-Revolucao-na-Psiquiatria-80x80.jpg\",\"width\":48,\"height\":64}}]}<\/script>\n<\/div>\n\t<\/div><\/div><br \/>\n\n<style type=\"text\/css\" data-created_by=\"avia_inline_auto\" id=\"style-css-av-5mqc51-d7c25461554638bb4b9c4b5a0d88934d\">\n#top .hr.hr-invisible.av-5mqc51-d7c25461554638bb4b9c4b5a0d88934d{\nheight:30px;\n}\n<\/style>\n<div  class='hr av-5mqc51-d7c25461554638bb4b9c4b5a0d88934d hr-invisible  avia-builder-el-12  el_after_av_player  el_before_av_player '><span class='hr-inner '><span class=\"hr-inner-style\"><\/span><\/span><\/div><br \/>\n<div id=\"av_player-6\" class=\"av-player av-player-container av-mnxxykuw-6be4d4cdd63c1445b9f3bd9e7fc2c5b2 avia-playerstyle-minimal av_player-6  avia-builder-el-13  el_after_av_hr  el_before_av_hr  av-player-hide-playlist avia-playlist-hide-cover\"><div class=\"av-player-player-container\"><div class=\"wp-playlist wp-audio-playlist wp-playlist-light\">\n\t\t\t<div class=\"wp-playlist-current-item\"><\/div>\n\t\t<audio controls=\"controls\" preload=\"none\" width=\"1478\"\n\t\t\t><\/audio>\n\t<div class=\"wp-playlist-next\"><\/div>\n\t<div class=\"wp-playlist-prev\"><\/div>\n\t<noscript>\n\t<ol>\n\t\t<li><a href='https:\/\/radcompodcasts.com.br\/wp-content\/uploads\/2026\/04\/CHAMADA-05-REVOLUC\u0327A\u0303O-NA-PSIQUIATRIA.mp3'><img loading=\"lazy\" decoding=\"async\" width=\"80\" height=\"80\" src=\"https:\/\/radcompodcasts.com.br\/wp-content\/uploads\/2026\/04\/5-Programa-5-Revolucao-na-Psiquiatria-80x80.jpg\" class=\"attachment-thumbnail size-thumbnail\" alt=\"\" \/><\/a><\/li>\t<\/ol>\n\t<\/noscript>\n\t<script type=\"application\/json\" class=\"wp-playlist-script\">{\"type\":\"audio\",\"tracklist\":true,\"tracknumbers\":true,\"images\":true,\"artists\":true,\"tracks\":[{\"src\":\"https:\/\/radcompodcasts.com.br\/wp-content\/uploads\/2026\/04\/CHAMADA-05-REVOLUC\\u0327A\\u0303O-NA-PSIQUIATRIA.mp3\",\"type\":\"audio\/mpeg\",\"title\":\"CHAMADA PROGRAMA 05 REVOLUC\\u0327A\\u0303O NA PSIQUIATRIA\",\"caption\":\"\",\"description\":\"\\\"CHAMADA 05 REVOLUC\\u0327A\\u0303O NA PSIQUIATRIA\\\". Lan\\u00e7ado: 2026.\",\"meta\":{\"year\":\"2026\",\"length_formatted\":\"0:51\"},\"image\":{\"src\":\"https:\/\/radcompodcasts.com.br\/wp-content\/uploads\/2026\/04\/5-Programa-5-Revolucao-na-Psiquiatria-80x80.jpg\",\"width\":48,\"height\":64},\"thumb\":{\"src\":\"https:\/\/radcompodcasts.com.br\/wp-content\/uploads\/2026\/04\/5-Programa-5-Revolucao-na-Psiquiatria-80x80.jpg\",\"width\":48,\"height\":64}}]}<\/script>\n<\/div>\n\t<\/div><\/div><br \/>\n\n<style type=\"text\/css\" data-created_by=\"avia_inline_auto\" id=\"style-css-av-1x23ed-ffdcc4674b5d2f4b3a12dff26347429a\">\n#top .hr.hr-invisible.av-1x23ed-ffdcc4674b5d2f4b3a12dff26347429a{\nheight:30px;\n}\n<\/style>\n<div  class='hr av-1x23ed-ffdcc4674b5d2f4b3a12dff26347429a hr-invisible  avia-builder-el-14  el_after_av_player  el_before_av_player '><span class='hr-inner '><span class=\"hr-inner-style\"><\/span><\/span><\/div><br \/>\n<div id=\"av_player-7\" class=\"av-player av-player-container av-mnxy2ytu-b46b4a7602ef6785eaba418f860ec4ad avia-playerstyle-minimal av_player-7  avia-builder-el-15  el_after_av_hr  avia-builder-el-last  av-player-hide-playlist avia-playlist-hide-cover\"><div class=\"av-player-player-container\"><div class=\"wp-playlist wp-audio-playlist wp-playlist-light\">\n\t\t\t<div class=\"wp-playlist-current-item\"><\/div>\n\t\t<audio controls=\"controls\" preload=\"none\" width=\"1478\"\n\t\t\t><\/audio>\n\t<div class=\"wp-playlist-next\"><\/div>\n\t<div class=\"wp-playlist-prev\"><\/div>\n\t<noscript>\n\t<ol>\n\t\t<li><a href='https:\/\/radcompodcasts.com.br\/wp-content\/uploads\/2026\/04\/CHAMADA-06-REVOLUC\u0327A\u0303O-NA-PSIQUIATRIA.mp3'><img loading=\"lazy\" decoding=\"async\" width=\"80\" height=\"80\" src=\"https:\/\/radcompodcasts.com.br\/wp-content\/uploads\/2026\/04\/6-Programa-6-Revolucao-na-Psiquiatria-80x80.jpg\" class=\"attachment-thumbnail size-thumbnail\" alt=\"\" \/><\/a><\/li>\t<\/ol>\n\t<\/noscript>\n\t<script type=\"application\/json\" class=\"wp-playlist-script\">{\"type\":\"audio\",\"tracklist\":true,\"tracknumbers\":true,\"images\":true,\"artists\":true,\"tracks\":[{\"src\":\"https:\/\/radcompodcasts.com.br\/wp-content\/uploads\/2026\/04\/CHAMADA-06-REVOLUC\\u0327A\\u0303O-NA-PSIQUIATRIA.mp3\",\"type\":\"audio\/mpeg\",\"title\":\"CHAMADA PROGRAMA 06 REVOLUC\\u0327A\\u0303O NA PSIQUIATRIA\",\"caption\":\"\",\"description\":\"\\\"CHAMADA 06 REVOLUC\\u0327A\\u0303O NA PSIQUIATRIA\\\". Lan\\u00e7ado: 2026.\",\"meta\":{\"year\":\"2026\",\"length_formatted\":\"0:49\"},\"image\":{\"src\":\"https:\/\/radcompodcasts.com.br\/wp-content\/uploads\/2026\/04\/6-Programa-6-Revolucao-na-Psiquiatria-80x80.jpg\",\"width\":48,\"height\":64},\"thumb\":{\"src\":\"https:\/\/radcompodcasts.com.br\/wp-content\/uploads\/2026\/04\/6-Programa-6-Revolucao-na-Psiquiatria-80x80.jpg\",\"width\":48,\"height\":64}}]}<\/script>\n<\/div>\n\t<\/div><\/div><\/p><\/div>\n","protected":false},"excerpt":{"rendered":"","protected":false},"author":1,"featured_media":0,"parent":0,"menu_order":0,"comment_status":"closed","ping_status":"closed","template":"","meta":{"footnotes":""},"class_list":["post-1221","page","type-page","status-publish","hentry"],"_links":{"self":[{"href":"https:\/\/radcompodcasts.com.br\/index.php\/wp-json\/wp\/v2\/pages\/1221","targetHints":{"allow":["GET"]}}],"collection":[{"href":"https:\/\/radcompodcasts.com.br\/index.php\/wp-json\/wp\/v2\/pages"}],"about":[{"href":"https:\/\/radcompodcasts.com.br\/index.php\/wp-json\/wp\/v2\/types\/page"}],"author":[{"embeddable":true,"href":"https:\/\/radcompodcasts.com.br\/index.php\/wp-json\/wp\/v2\/users\/1"}],"replies":[{"embeddable":true,"href":"https:\/\/radcompodcasts.com.br\/index.php\/wp-json\/wp\/v2\/comments?post=1221"}],"version-history":[{"count":9,"href":"https:\/\/radcompodcasts.com.br\/index.php\/wp-json\/wp\/v2\/pages\/1221\/revisions"}],"predecessor-version":[{"id":2139,"href":"https:\/\/radcompodcasts.com.br\/index.php\/wp-json\/wp\/v2\/pages\/1221\/revisions\/2139"}],"wp:attachment":[{"href":"https:\/\/radcompodcasts.com.br\/index.php\/wp-json\/wp\/v2\/media?parent=1221"}],"curies":[{"name":"wp","href":"https:\/\/api.w.org\/{rel}","templated":true}]}}