{"id":1243,"date":"2026-02-28T03:26:12","date_gmt":"2026-02-28T03:26:12","guid":{"rendered":"https:\/\/radcompodcasts.com.br\/?page_id=1243"},"modified":"2026-04-14T01:39:17","modified_gmt":"2026-04-14T01:39:17","slug":"chamadas-programa-tropicalismo-e-a-musica-brasileira","status":"publish","type":"page","link":"https:\/\/radcompodcasts.com.br\/index.php\/chamadas-programa-tropicalismo-e-a-musica-brasileira\/","title":{"rendered":"Chamadas Programa: Tropicalismo e a M\u00fasica Brasileira"},"content":{"rendered":"<div  class='flex_column av-4dx1gb-9039fc04c1a353d855c3f30d3b011bdc av_one_full  avia-builder-el-0  avia-builder-el-no-sibling  first flex_column_div  '     ><p>\n<style type=\"text\/css\" data-created_by=\"avia_inline_auto\" id=\"style-css-av-mm5rcp2t-f96fc0f368765e0656b36ee08f843832\">\n#top .av-special-heading.av-mm5rcp2t-f96fc0f368765e0656b36ee08f843832{\npadding-bottom:10px;\n}\nbody .av-special-heading.av-mm5rcp2t-f96fc0f368765e0656b36ee08f843832 .av-special-heading-tag .heading-char{\nfont-size:25px;\n}\n.av-special-heading.av-mm5rcp2t-f96fc0f368765e0656b36ee08f843832 .av-subheading{\nfont-size:15px;\n}\n<\/style>\n<div  class='av-special-heading av-mm5rcp2t-f96fc0f368765e0656b36ee08f843832 av-special-heading-h2 blockquote modern-quote  avia-builder-el-1  el_before_av_hr  avia-builder-el-first '><div class='av-subheading av-subheading_above'><p>9a Edi\u00e7\u00e3o do Programa Municipal de Fomento ao Servi\u00e7o de Radiodifus\u00e3o Comunit\u00e1ria<\/p>\n<\/div><h2 class='av-special-heading-tag'  itemprop=\"headline\"  >Chamadas Programa: Tropicalismo e a M\u00fasica Brasileira<\/h2><div class=\"special-heading-border\"><div class=\"special-heading-inner-border\"><\/div><\/div><\/div><br \/>\n\n<style type=\"text\/css\" data-created_by=\"avia_inline_auto\" id=\"style-css-av-mmthal2d-8599092f7fa28a13b2d486de2a243a1e\">\n#top .hr.hr-invisible.av-mmthal2d-8599092f7fa28a13b2d486de2a243a1e{\nheight:30px;\n}\n<\/style>\n<div  class='hr av-mmthal2d-8599092f7fa28a13b2d486de2a243a1e hr-invisible  avia-builder-el-2  el_after_av_heading  el_before_av_player '><span class='hr-inner '><span class=\"hr-inner-style\"><\/span><\/span><\/div><br \/>\n<div id=\"av_player-1\" class=\"av-player av-player-container av-mm5rdylp-c33c1c442c31df17de6135cfc1d2d904 avia-playerstyle-minimal av_player-1  avia-builder-el-3  el_after_av_hr  el_before_av_hr  av-player-hide-playlist first avia-playlist-hide-cover\"><div class=\"av-player-player-container\"><div class=\"wp-playlist wp-audio-playlist wp-playlist-light\">\n\t\t\t<div class=\"wp-playlist-current-item\"><\/div>\n\t\t<audio controls=\"controls\" preload=\"none\" width=\"1478\"\n\t\t\t><\/audio>\n\t<div class=\"wp-playlist-next\"><\/div>\n\t<div class=\"wp-playlist-prev\"><\/div>\n\t<noscript>\n\t<ol>\n\t\t<li><a href='https:\/\/radcompodcasts.com.br\/wp-content\/uploads\/2026\/02\/Chamada-1-Tropicalismo-e-a-musica-brasileira.mp3'>Chamada Geral - Tropicalismo e a M\u00fasica Brasileira<\/a><\/li>\t<\/ol>\n\t<\/noscript>\n\t<script type=\"application\/json\" class=\"wp-playlist-script\">{\"type\":\"audio\",\"tracklist\":true,\"tracknumbers\":true,\"images\":true,\"artists\":true,\"tracks\":[{\"src\":\"https:\/\/radcompodcasts.com.br\/wp-content\/uploads\/2026\/02\/Chamada-1-Tropicalismo-e-a-musica-brasileira.mp3\",\"type\":\"audio\/mpeg\",\"title\":\"Chamada Geral - Tropicalismo e a M\\u00fasica Brasileira\",\"caption\":\"\",\"description\":\"\\\"Chamada 1 Tropicalismo e a musica brasileira\\\". G\\u00eanero: Blues.\",\"meta\":{\"genre\":\"Blues\",\"length_formatted\":\"0:58\"},\"image\":{\"src\":\"https:\/\/radcompodcasts.com.br\/wp-content\/uploads\/2026\/02\/Chamada-1-Tropicalismo-e-a-musica-brasileira-mp3-image.jpg\",\"width\":1080,\"height\":1080},\"thumb\":{\"src\":\"https:\/\/radcompodcasts.com.br\/wp-content\/uploads\/2026\/02\/Chamada-1-Tropicalismo-e-a-musica-brasileira-mp3-image-80x80.jpg\",\"width\":80,\"height\":80}}]}<\/script>\n<\/div>\n\t<\/div><\/div><br \/>\n\n<style type=\"text\/css\" data-created_by=\"avia_inline_auto\" id=\"style-css-av-hxxevf-8f057c01c191baaf21dcb779b76e5471\">\n#top .hr.hr-invisible.av-hxxevf-8f057c01c191baaf21dcb779b76e5471{\nheight:30px;\n}\n<\/style>\n<div  class='hr av-hxxevf-8f057c01c191baaf21dcb779b76e5471 hr-invisible  avia-builder-el-4  el_after_av_player  el_before_av_player '><span class='hr-inner '><span class=\"hr-inner-style\"><\/span><\/span><\/div><br \/>\n<div id=\"av_player-2\" class=\"av-player av-player-container av-ghreuj-e9a541b52e79abbe376386e95c8e3822 avia-playerstyle-minimal av_player-2  avia-builder-el-5  el_after_av_hr  el_before_av_hr  av-player-hide-playlist avia-playlist-hide-cover\"><div class=\"av-player-player-container\"><div class=\"wp-playlist wp-audio-playlist wp-playlist-light\">\n\t\t\t<div class=\"wp-playlist-current-item\"><\/div>\n\t\t<audio controls=\"controls\" preload=\"none\" width=\"1478\"\n\t\t\t><\/audio>\n\t<div class=\"wp-playlist-next\"><\/div>\n\t<div class=\"wp-playlist-prev\"><\/div>\n\t<noscript>\n\t<ol>\n\t\t<li><a href='https:\/\/radcompodcasts.com.br\/wp-content\/uploads\/2026\/03\/Chamada-1-Tropicalismo-e-a-musica-brasileira-1.mp3'>Chamada Programa 1 - Tropicalismo e a M\u00fasica Brasileira<\/a><\/li>\t<\/ol>\n\t<\/noscript>\n\t<script type=\"application\/json\" class=\"wp-playlist-script\">{\"type\":\"audio\",\"tracklist\":true,\"tracknumbers\":true,\"images\":true,\"artists\":true,\"tracks\":[{\"src\":\"https:\/\/radcompodcasts.com.br\/wp-content\/uploads\/2026\/03\/Chamada-1-Tropicalismo-e-a-musica-brasileira-1.mp3\",\"type\":\"audio\/mpeg\",\"title\":\"Chamada Programa 1 - Tropicalismo e a M\\u00fasica Brasileira\",\"caption\":\"\",\"description\":\"\\\"Chamada 1 Tropicalismo e a musica brasileira (1)\\\". G\\u00eanero: Blues.\",\"meta\":{\"genre\":\"Blues\",\"length_formatted\":\"0:58\"},\"image\":{\"src\":\"https:\/\/radcompodcasts.com.br\/wp-content\/uploads\/2026\/03\/Chamada-1-Tropicalismo-e-a-musica-brasileira-1-mp3-image.jpg\",\"width\":1080,\"height\":1080},\"thumb\":{\"src\":\"https:\/\/radcompodcasts.com.br\/wp-content\/uploads\/2026\/03\/Chamada-1-Tropicalismo-e-a-musica-brasileira-1-mp3-image-80x80.jpg\",\"width\":80,\"height\":80}}]}<\/script>\n<\/div>\n\t<\/div><\/div><br \/>\n\n<style type=\"text\/css\" data-created_by=\"avia_inline_auto\" id=\"style-css-av-8lkknv-9e5bc0a7b1a48aa641672c26fac5a639\">\n#top .hr.hr-invisible.av-8lkknv-9e5bc0a7b1a48aa641672c26fac5a639{\nheight:30px;\n}\n<\/style>\n<div  class='hr av-8lkknv-9e5bc0a7b1a48aa641672c26fac5a639 hr-invisible  avia-builder-el-6  el_after_av_player  el_before_av_player '><span class='hr-inner '><span class=\"hr-inner-style\"><\/span><\/span><\/div><br \/>\n<div id=\"av_player-3\" class=\"av-player av-player-container av-77pb17-f803995afa28468be4c27536d87dc530 avia-playerstyle-minimal av_player-3  avia-builder-el-7  el_after_av_hr  el_before_av_hr  av-player-hide-playlist avia-playlist-hide-cover\"><div class=\"av-player-player-container\"><div class=\"wp-playlist wp-audio-playlist wp-playlist-light\">\n\t\t\t<div class=\"wp-playlist-current-item\"><\/div>\n\t\t<audio controls=\"controls\" preload=\"none\" width=\"1478\"\n\t\t\t><\/audio>\n\t<div class=\"wp-playlist-next\"><\/div>\n\t<div class=\"wp-playlist-prev\"><\/div>\n\t<noscript>\n\t<ol>\n\t\t<li><a href='https:\/\/radcompodcasts.com.br\/wp-content\/uploads\/2026\/03\/Chamada-2-Tropicalismo-e-a-musica-brasileira.mp3'>Chamada 2 Tropicalismo e a M\u00fasica Brasileira<\/a><\/li>\t<\/ol>\n\t<\/noscript>\n\t<script type=\"application\/json\" class=\"wp-playlist-script\">{\"type\":\"audio\",\"tracklist\":true,\"tracknumbers\":true,\"images\":true,\"artists\":true,\"tracks\":[{\"src\":\"https:\/\/radcompodcasts.com.br\/wp-content\/uploads\/2026\/03\/Chamada-2-Tropicalismo-e-a-musica-brasileira.mp3\",\"type\":\"audio\/mpeg\",\"title\":\"Chamada 2 Tropicalismo e a M\\u00fasica Brasileira\",\"caption\":\"\",\"description\":\"\\\"Chamada 2 Tropicalismo e a musica brasileira\\\". G\\u00eanero: Blues.\",\"meta\":{\"genre\":\"Blues\",\"length_formatted\":\"0:58\"},\"image\":{\"src\":\"https:\/\/radcompodcasts.com.br\/wp-content\/uploads\/2026\/03\/Chamada-2-Tropicalismo-e-a-musica-brasileira-mp3-image.jpg\",\"width\":1080,\"height\":1080},\"thumb\":{\"src\":\"https:\/\/radcompodcasts.com.br\/wp-content\/uploads\/2026\/03\/Chamada-2-Tropicalismo-e-a-musica-brasileira-mp3-image-80x80.jpg\",\"width\":80,\"height\":80}}]}<\/script>\n<\/div>\n\t<\/div><\/div><br \/>\n\n<style type=\"text\/css\" data-created_by=\"avia_inline_auto\" id=\"style-css-av-7rhjgr-fc380f950fd6b99c517ad2c582971b5b\">\n#top .hr.hr-invisible.av-7rhjgr-fc380f950fd6b99c517ad2c582971b5b{\nheight:30px;\n}\n<\/style>\n<div  class='hr av-7rhjgr-fc380f950fd6b99c517ad2c582971b5b hr-invisible  avia-builder-el-8  el_after_av_player  el_before_av_player '><span class='hr-inner '><span class=\"hr-inner-style\"><\/span><\/span><\/div><br \/>\n<div id=\"av_player-4\" class=\"av-player av-player-container av-mncbr7ts-e68744ae506ea47d0ead31dda5796907 avia-playerstyle-minimal av_player-4  avia-builder-el-9  el_after_av_hr  el_before_av_hr  av-player-hide-playlist avia-playlist-hide-cover\"><div class=\"av-player-player-container\"><div class=\"wp-playlist wp-audio-playlist wp-playlist-light\">\n\t\t\t<div class=\"wp-playlist-current-item\"><\/div>\n\t\t<audio controls=\"controls\" preload=\"none\" width=\"1478\"\n\t\t\t><\/audio>\n\t<div class=\"wp-playlist-next\"><\/div>\n\t<div class=\"wp-playlist-prev\"><\/div>\n\t<noscript>\n\t<ol>\n\t\t<li><a href='https:\/\/radcompodcasts.com.br\/wp-content\/uploads\/2026\/03\/Chamada-3-Tropicalismo-e-a-musica-brasileira.mp3'><img loading=\"lazy\" decoding=\"async\" width=\"80\" height=\"80\" src=\"https:\/\/radcompodcasts.com.br\/wp-content\/uploads\/2026\/03\/3-Programa-3-Tropicalismo-e-Musica-Brasileira-80x80.jpg\" class=\"attachment-thumbnail size-thumbnail\" alt=\"\" \/><\/a><\/li>\t<\/ol>\n\t<\/noscript>\n\t<script type=\"application\/json\" class=\"wp-playlist-script\">{\"type\":\"audio\",\"tracklist\":true,\"tracknumbers\":true,\"images\":true,\"artists\":true,\"tracks\":[{\"src\":\"https:\/\/radcompodcasts.com.br\/wp-content\/uploads\/2026\/03\/Chamada-3-Tropicalismo-e-a-musica-brasileira.mp3\",\"type\":\"audio\/mpeg\",\"title\":\"Chamada 3 Tropicalismo e a musica brasileira\",\"caption\":\"\",\"description\":\"\\\"Chamada 3 Tropicalismo e a musica brasileira\\\". G\\u00eanero: Blues.\",\"meta\":{\"genre\":\"Blues\",\"length_formatted\":\"0:58\"},\"image\":{\"src\":\"https:\/\/radcompodcasts.com.br\/wp-content\/uploads\/2026\/03\/3-Programa-3-Tropicalismo-e-Musica-Brasileira-80x80.jpg\",\"width\":48,\"height\":64},\"thumb\":{\"src\":\"https:\/\/radcompodcasts.com.br\/wp-content\/uploads\/2026\/03\/3-Programa-3-Tropicalismo-e-Musica-Brasileira-80x80.jpg\",\"width\":48,\"height\":64}}]}<\/script>\n<\/div>\n\t<\/div><\/div><br \/>\n\n<style type=\"text\/css\" data-created_by=\"avia_inline_auto\" id=\"style-css-av-3pjrnv-ef9eeb37ebe7b7c50d58b0705828021c\">\n#top .hr.hr-invisible.av-3pjrnv-ef9eeb37ebe7b7c50d58b0705828021c{\nheight:30px;\n}\n<\/style>\n<div  class='hr av-3pjrnv-ef9eeb37ebe7b7c50d58b0705828021c hr-invisible  avia-builder-el-10  el_after_av_player  el_before_av_player '><span class='hr-inner '><span class=\"hr-inner-style\"><\/span><\/span><\/div><br \/>\n<div id=\"av_player-5\" class=\"av-player av-player-container av-mncbruyh-03c5eaff7a408083840580636a6531a5 avia-playerstyle-minimal av_player-5  avia-builder-el-11  el_after_av_hr  el_before_av_hr  av-player-hide-playlist avia-playlist-hide-cover\"><div class=\"av-player-player-container\"><div class=\"wp-playlist wp-audio-playlist wp-playlist-light\">\n\t\t\t<div class=\"wp-playlist-current-item\"><\/div>\n\t\t<audio controls=\"controls\" preload=\"none\" width=\"1478\"\n\t\t\t><\/audio>\n\t<div class=\"wp-playlist-next\"><\/div>\n\t<div class=\"wp-playlist-prev\"><\/div>\n\t<noscript>\n\t<ol>\n\t\t<li><a href='https:\/\/radcompodcasts.com.br\/wp-content\/uploads\/2026\/03\/Chamada-4-Tropicalismo-e-a-musica-brasileira.mp3'><img loading=\"lazy\" decoding=\"async\" width=\"80\" height=\"80\" src=\"https:\/\/radcompodcasts.com.br\/wp-content\/uploads\/2026\/03\/4-Programa-4-Tropicalismo-e-Musica-Brasileira-80x80.jpg\" class=\"attachment-thumbnail size-thumbnail\" alt=\"\" \/><\/a><\/li>\t<\/ol>\n\t<\/noscript>\n\t<script type=\"application\/json\" class=\"wp-playlist-script\">{\"type\":\"audio\",\"tracklist\":true,\"tracknumbers\":true,\"images\":true,\"artists\":true,\"tracks\":[{\"src\":\"https:\/\/radcompodcasts.com.br\/wp-content\/uploads\/2026\/03\/Chamada-4-Tropicalismo-e-a-musica-brasileira.mp3\",\"type\":\"audio\/mpeg\",\"title\":\"Chamada 4 Tropicalismo e a musica brasileira\",\"caption\":\"\",\"description\":\"\\\"Chamada 4 Tropicalismo e a musica brasileira\\\". G\\u00eanero: Blues.\",\"meta\":{\"genre\":\"Blues\",\"length_formatted\":\"0:58\"},\"image\":{\"src\":\"https:\/\/radcompodcasts.com.br\/wp-content\/uploads\/2026\/03\/4-Programa-4-Tropicalismo-e-Musica-Brasileira-80x80.jpg\",\"width\":48,\"height\":64},\"thumb\":{\"src\":\"https:\/\/radcompodcasts.com.br\/wp-content\/uploads\/2026\/03\/4-Programa-4-Tropicalismo-e-Musica-Brasileira-80x80.jpg\",\"width\":48,\"height\":64}}]}<\/script>\n<\/div>\n\t<\/div><\/div><br \/>\n\n<style type=\"text\/css\" data-created_by=\"avia_inline_auto\" id=\"style-css-av-av_hr-af89a52d51412774536fa272e468f7cd\">\n#top .hr.hr-invisible.av-av_hr-af89a52d51412774536fa272e468f7cd{\nheight:30px;\n}\n<\/style>\n<div  class='hr av-av_hr-af89a52d51412774536fa272e468f7cd hr-invisible  avia-builder-el-12  el_after_av_player  el_before_av_player '><span class='hr-inner '><span class=\"hr-inner-style\"><\/span><\/span><\/div><br \/>\n<div id=\"av_player-6\" class=\"av-player av-player-container av-mnxy9xgk-12dcfb4defc2f2abcbafac106a567685 avia-playerstyle-minimal av_player-6  avia-builder-el-13  el_after_av_hr  el_before_av_hr  av-player-hide-playlist avia-playlist-hide-cover\"><div class=\"av-player-player-container\"><div class=\"wp-playlist wp-audio-playlist wp-playlist-light\">\n\t\t\t<div class=\"wp-playlist-current-item\"><\/div>\n\t\t<audio controls=\"controls\" preload=\"none\" width=\"1478\"\n\t\t\t><\/audio>\n\t<div class=\"wp-playlist-next\"><\/div>\n\t<div class=\"wp-playlist-prev\"><\/div>\n\t<noscript>\n\t<ol>\n\t\t<li><a href='https:\/\/radcompodcasts.com.br\/wp-content\/uploads\/2026\/04\/Chamada-5-Tropicalismo-e-a-musica-brasileira.mp3'><img loading=\"lazy\" decoding=\"async\" width=\"80\" height=\"80\" src=\"https:\/\/radcompodcasts.com.br\/wp-content\/uploads\/2026\/04\/5-Programa-5-Tropicalismo-e-Musica-Brasileira-80x80.jpg\" class=\"attachment-thumbnail size-thumbnail\" alt=\"\" \/><\/a><\/li>\t<\/ol>\n\t<\/noscript>\n\t<script type=\"application\/json\" class=\"wp-playlist-script\">{\"type\":\"audio\",\"tracklist\":true,\"tracknumbers\":true,\"images\":true,\"artists\":true,\"tracks\":[{\"src\":\"https:\/\/radcompodcasts.com.br\/wp-content\/uploads\/2026\/04\/Chamada-5-Tropicalismo-e-a-musica-brasileira.mp3\",\"type\":\"audio\/mpeg\",\"title\":\"Chamada Programa 5 Tropicalismo e a musica brasileira\",\"caption\":\"\",\"description\":\"\\\"Chamada 5 Tropicalismo e a musica brasileira\\\". G\\u00eanero: Blues.\",\"meta\":{\"genre\":\"Blues\",\"length_formatted\":\"0:58\"},\"image\":{\"src\":\"https:\/\/radcompodcasts.com.br\/wp-content\/uploads\/2026\/04\/5-Programa-5-Tropicalismo-e-Musica-Brasileira-80x80.jpg\",\"width\":48,\"height\":64},\"thumb\":{\"src\":\"https:\/\/radcompodcasts.com.br\/wp-content\/uploads\/2026\/04\/5-Programa-5-Tropicalismo-e-Musica-Brasileira-80x80.jpg\",\"width\":48,\"height\":64}}]}<\/script>\n<\/div>\n\t<\/div><\/div><br \/>\n\n<style type=\"text\/css\" data-created_by=\"avia_inline_auto\" id=\"style-css-av-av_hr-af89a52d51412774536fa272e468f7cd\">\n#top .hr.hr-invisible.av-av_hr-af89a52d51412774536fa272e468f7cd{\nheight:30px;\n}\n<\/style>\n<div  class='hr av-av_hr-af89a52d51412774536fa272e468f7cd hr-invisible  avia-builder-el-14  el_after_av_player  el_before_av_player '><span class='hr-inner '><span class=\"hr-inner-style\"><\/span><\/span><\/div><br \/>\n<div id=\"av_player-7\" class=\"av-player av-player-container av-mnxye2g4-14bf170fec90c3c7d9ce38554124f53e avia-playerstyle-minimal av_player-7  avia-builder-el-15  el_after_av_hr  avia-builder-el-last  av-player-hide-playlist avia-playlist-hide-cover\"><div class=\"av-player-player-container\"><div class=\"wp-playlist wp-audio-playlist wp-playlist-light\">\n\t\t\t<div class=\"wp-playlist-current-item\"><\/div>\n\t\t<audio controls=\"controls\" preload=\"none\" width=\"1478\"\n\t\t\t><\/audio>\n\t<div class=\"wp-playlist-next\"><\/div>\n\t<div class=\"wp-playlist-prev\"><\/div>\n\t<noscript>\n\t<ol>\n\t\t<li><a href='https:\/\/radcompodcasts.com.br\/wp-content\/uploads\/2026\/04\/Chamada-6-Tropicalismo-e-a-musica-brasileira.mp3'><img loading=\"lazy\" decoding=\"async\" width=\"80\" height=\"80\" src=\"https:\/\/radcompodcasts.com.br\/wp-content\/uploads\/2026\/04\/6-Programa-6-Tropicalismo-e-Musica-Brasileira-80x80.jpg\" class=\"attachment-thumbnail size-thumbnail\" alt=\"\" \/><\/a><\/li>\t<\/ol>\n\t<\/noscript>\n\t<script type=\"application\/json\" class=\"wp-playlist-script\">{\"type\":\"audio\",\"tracklist\":true,\"tracknumbers\":true,\"images\":true,\"artists\":true,\"tracks\":[{\"src\":\"https:\/\/radcompodcasts.com.br\/wp-content\/uploads\/2026\/04\/Chamada-6-Tropicalismo-e-a-musica-brasileira.mp3\",\"type\":\"audio\/mpeg\",\"title\":\"Chamada Programa 6 Tropicalismo e a musica brasileira\",\"caption\":\"\",\"description\":\"\\\"Chamada 6 Tropicalismo e a musica brasileira\\\". G\\u00eanero: Blues.\",\"meta\":{\"genre\":\"Blues\",\"length_formatted\":\"1:06\"},\"image\":{\"src\":\"https:\/\/radcompodcasts.com.br\/wp-content\/uploads\/2026\/04\/6-Programa-6-Tropicalismo-e-Musica-Brasileira-80x80.jpg\",\"width\":48,\"height\":64},\"thumb\":{\"src\":\"https:\/\/radcompodcasts.com.br\/wp-content\/uploads\/2026\/04\/6-Programa-6-Tropicalismo-e-Musica-Brasileira-80x80.jpg\",\"width\":48,\"height\":64}}]}<\/script>\n<\/div>\n\t<\/div><\/div><\/p><\/div>\n","protected":false},"excerpt":{"rendered":"","protected":false},"author":1,"featured_media":0,"parent":0,"menu_order":0,"comment_status":"closed","ping_status":"closed","template":"","meta":{"footnotes":""},"class_list":["post-1243","page","type-page","status-publish","hentry"],"_links":{"self":[{"href":"https:\/\/radcompodcasts.com.br\/index.php\/wp-json\/wp\/v2\/pages\/1243","targetHints":{"allow":["GET"]}}],"collection":[{"href":"https:\/\/radcompodcasts.com.br\/index.php\/wp-json\/wp\/v2\/pages"}],"about":[{"href":"https:\/\/radcompodcasts.com.br\/index.php\/wp-json\/wp\/v2\/types\/page"}],"author":[{"embeddable":true,"href":"https:\/\/radcompodcasts.com.br\/index.php\/wp-json\/wp\/v2\/users\/1"}],"replies":[{"embeddable":true,"href":"https:\/\/radcompodcasts.com.br\/index.php\/wp-json\/wp\/v2\/comments?post=1243"}],"version-history":[{"count":13,"href":"https:\/\/radcompodcasts.com.br\/index.php\/wp-json\/wp\/v2\/pages\/1243\/revisions"}],"predecessor-version":[{"id":2144,"href":"https:\/\/radcompodcasts.com.br\/index.php\/wp-json\/wp\/v2\/pages\/1243\/revisions\/2144"}],"wp:attachment":[{"href":"https:\/\/radcompodcasts.com.br\/index.php\/wp-json\/wp\/v2\/media?parent=1243"}],"curies":[{"name":"wp","href":"https:\/\/api.w.org\/{rel}","templated":true}]}}