{"id":144,"date":"2025-11-23T18:30:00","date_gmt":"2025-11-23T18:30:00","guid":{"rendered":"https:\/\/radcompodcasts.com.br\/?page_id=144"},"modified":"2025-12-01T01:19:22","modified_gmt":"2025-12-01T01:19:22","slug":"proac-2024-aluminio-e-todas-suas-artes-radio-cidade-aluminio","status":"publish","type":"page","link":"https:\/\/radcompodcasts.com.br\/index.php\/proac-2024-aluminio-e-todas-suas-artes-radio-cidade-aluminio\/","title":{"rendered":"PROAC 2024 &#8211; Alum\u00ednio e todas suas artes &#8211; R\u00e1dio Cidade &#8211; Alum\u00ednio"},"content":{"rendered":"<div  class='flex_column av-iyc5k-881ee499ae1f63447693cbb042d47998 av_one_full  avia-builder-el-0  avia-builder-el-no-sibling  first flex_column_div  '     ><p>\n<style type=\"text\/css\" data-created_by=\"avia_inline_auto\" id=\"style-css-av-glzw0-5be74387a34163335b27541d6111cde8\">\n#top .av-special-heading.av-glzw0-5be74387a34163335b27541d6111cde8{\npadding-bottom:10px;\n}\nbody .av-special-heading.av-glzw0-5be74387a34163335b27541d6111cde8 .av-special-heading-tag .heading-char{\nfont-size:25px;\n}\n.av-special-heading.av-glzw0-5be74387a34163335b27541d6111cde8 .av-subheading{\nfont-size:15px;\n}\n<\/style>\n<div  class='av-special-heading av-glzw0-5be74387a34163335b27541d6111cde8 av-special-heading-h2 blockquote modern-quote  avia-builder-el-1  el_before_av_codeblock  avia-builder-el-first '><div class='av-subheading av-subheading_above'><p>PROAC<\/p>\n<\/div><h2 class='av-special-heading-tag'  itemprop=\"headline\"  >Alum\u00ednio e todas suas artes<\/h2><div class=\"special-heading-border\"><div class=\"special-heading-inner-border\"><\/div><\/div><\/div><br \/>\n<\/p><\/div>\n","protected":false},"excerpt":{"rendered":"","protected":false},"author":1,"featured_media":0,"parent":0,"menu_order":0,"comment_status":"closed","ping_status":"closed","template":"","meta":{"footnotes":""},"class_list":["post-144","page","type-page","status-publish","hentry"],"_links":{"self":[{"href":"https:\/\/radcompodcasts.com.br\/index.php\/wp-json\/wp\/v2\/pages\/144","targetHints":{"allow":["GET"]}}],"collection":[{"href":"https:\/\/radcompodcasts.com.br\/index.php\/wp-json\/wp\/v2\/pages"}],"about":[{"href":"https:\/\/radcompodcasts.com.br\/index.php\/wp-json\/wp\/v2\/types\/page"}],"author":[{"embeddable":true,"href":"https:\/\/radcompodcasts.com.br\/index.php\/wp-json\/wp\/v2\/users\/1"}],"replies":[{"embeddable":true,"href":"https:\/\/radcompodcasts.com.br\/index.php\/wp-json\/wp\/v2\/comments?post=144"}],"version-history":[{"count":12,"href":"https:\/\/radcompodcasts.com.br\/index.php\/wp-json\/wp\/v2\/pages\/144\/revisions"}],"predecessor-version":[{"id":519,"href":"https:\/\/radcompodcasts.com.br\/index.php\/wp-json\/wp\/v2\/pages\/144\/revisions\/519"}],"wp:attachment":[{"href":"https:\/\/radcompodcasts.com.br\/index.php\/wp-json\/wp\/v2\/media?parent=144"}],"curies":[{"name":"wp","href":"https:\/\/api.w.org\/{rel}","templated":true}]}}