{"id":1724,"date":"2026-03-16T20:00:51","date_gmt":"2026-03-16T20:00:51","guid":{"rendered":"https:\/\/radcompodcasts.com.br\/?page_id=1724"},"modified":"2026-04-14T02:34:08","modified_gmt":"2026-04-14T02:34:08","slug":"programa-fe-e-poder-a-influencia-das-religioes-na-politica","status":"publish","type":"page","link":"https:\/\/radcompodcasts.com.br\/index.php\/programa-fe-e-poder-a-influencia-das-religioes-na-politica\/","title":{"rendered":"Programa F\u00e9 e Poder &#8211; A influ\u00eancia das religi\u00f5es na pol\u00edtica"},"content":{"rendered":"<div  class='flex_column av-32ub0s-9a3dc27e3551950ea65f90ec52a34a5f av_one_full  avia-builder-el-0  avia-builder-el-no-sibling  first flex_column_div  '     ><p>\n<style type=\"text\/css\" data-created_by=\"avia_inline_auto\" id=\"style-css-av-mmtlv3cy-5f69c9dbbeda13b03edcb466585b0a74\">\n#top .av-special-heading.av-mmtlv3cy-5f69c9dbbeda13b03edcb466585b0a74{\npadding-bottom:10px;\n}\nbody .av-special-heading.av-mmtlv3cy-5f69c9dbbeda13b03edcb466585b0a74 .av-special-heading-tag .heading-char{\nfont-size:25px;\n}\n.av-special-heading.av-mmtlv3cy-5f69c9dbbeda13b03edcb466585b0a74 .av-subheading{\nfont-size:15px;\n}\n<\/style>\n<div  class='av-special-heading av-mmtlv3cy-5f69c9dbbeda13b03edcb466585b0a74 av-special-heading-h2 blockquote modern-quote  avia-builder-el-1  el_before_av_codeblock  avia-builder-el-first '><div class='av-subheading av-subheading_above'><p>9a Edi\u00e7\u00e3o do Programa Municipal de Fomento ao Servi\u00e7o de Radiodifus\u00e3o Comunit\u00e1ria<\/p>\n<\/div><h2 class='av-special-heading-tag'  itemprop=\"headline\"  >Programa F\u00e9 e Poder &#8211; A influ\u00eancia das religi\u00f5es na pol\u00edtica<\/h2><div class=\"special-heading-border\"><div class=\"special-heading-inner-border\"><\/div><\/div><\/div><br \/>\n<\/p><\/div>\n","protected":false},"excerpt":{"rendered":"","protected":false},"author":1,"featured_media":0,"parent":0,"menu_order":0,"comment_status":"closed","ping_status":"closed","template":"","meta":{"footnotes":""},"class_list":["post-1724","page","type-page","status-publish","hentry"],"_links":{"self":[{"href":"https:\/\/radcompodcasts.com.br\/index.php\/wp-json\/wp\/v2\/pages\/1724","targetHints":{"allow":["GET"]}}],"collection":[{"href":"https:\/\/radcompodcasts.com.br\/index.php\/wp-json\/wp\/v2\/pages"}],"about":[{"href":"https:\/\/radcompodcasts.com.br\/index.php\/wp-json\/wp\/v2\/types\/page"}],"author":[{"embeddable":true,"href":"https:\/\/radcompodcasts.com.br\/index.php\/wp-json\/wp\/v2\/users\/1"}],"replies":[{"embeddable":true,"href":"https:\/\/radcompodcasts.com.br\/index.php\/wp-json\/wp\/v2\/comments?post=1724"}],"version-history":[{"count":6,"href":"https:\/\/radcompodcasts.com.br\/index.php\/wp-json\/wp\/v2\/pages\/1724\/revisions"}],"predecessor-version":[{"id":2181,"href":"https:\/\/radcompodcasts.com.br\/index.php\/wp-json\/wp\/v2\/pages\/1724\/revisions\/2181"}],"wp:attachment":[{"href":"https:\/\/radcompodcasts.com.br\/index.php\/wp-json\/wp\/v2\/media?parent=1724"}],"curies":[{"name":"wp","href":"https:\/\/api.w.org\/{rel}","templated":true}]}}