{"id":1728,"date":"2026-03-16T20:18:18","date_gmt":"2026-03-16T20:18:18","guid":{"rendered":"https:\/\/radcompodcasts.com.br\/?page_id=1728"},"modified":"2026-04-14T03:43:37","modified_gmt":"2026-04-14T03:43:37","slug":"programa-tropicalismo-e-a-musica-brasileira-tucuruvi-9-edital","status":"publish","type":"page","link":"https:\/\/radcompodcasts.com.br\/index.php\/programa-tropicalismo-e-a-musica-brasileira-tucuruvi-9-edital\/","title":{"rendered":"Programa Tropicalismo e a M\u00fasica Brasileira &#8211; Tucuruvi &#8211; 9 Edital"},"content":{"rendered":"<div  class='flex_column av-2svxsg-5fbc6afd9d637259177303b078100826 av_one_full  avia-builder-el-0  avia-builder-el-no-sibling  first flex_column_div  '     ><p>\n<style type=\"text\/css\" data-created_by=\"avia_inline_auto\" id=\"style-css-av-mmtmgm88-e943ba3f65bcf34d90a8f5cc6aa47255\">\n#top .av-special-heading.av-mmtmgm88-e943ba3f65bcf34d90a8f5cc6aa47255{\npadding-bottom:10px;\n}\nbody .av-special-heading.av-mmtmgm88-e943ba3f65bcf34d90a8f5cc6aa47255 .av-special-heading-tag .heading-char{\nfont-size:25px;\n}\n.av-special-heading.av-mmtmgm88-e943ba3f65bcf34d90a8f5cc6aa47255 .av-subheading{\nfont-size:15px;\n}\n<\/style>\n<div  class='av-special-heading av-mmtmgm88-e943ba3f65bcf34d90a8f5cc6aa47255 av-special-heading-h2 blockquote modern-quote  avia-builder-el-1  el_before_av_codeblock  avia-builder-el-first '><div class='av-subheading av-subheading_above'><p>9a Edi\u00e7\u00e3o do Programa Municipal de Fomento ao Servi\u00e7o de Radiodifus\u00e3o Comunit\u00e1ria<\/p>\n<\/div><h2 class='av-special-heading-tag'  itemprop=\"headline\"  >Programa Tropicalismo e a M\u00fasica Brasileira<\/h2><div class=\"special-heading-border\"><div class=\"special-heading-inner-border\"><\/div><\/div><\/div><br \/>\n<\/p><\/div>\n","protected":false},"excerpt":{"rendered":"","protected":false},"author":1,"featured_media":0,"parent":0,"menu_order":0,"comment_status":"closed","ping_status":"closed","template":"","meta":{"footnotes":""},"class_list":["post-1728","page","type-page","status-publish","hentry"],"_links":{"self":[{"href":"https:\/\/radcompodcasts.com.br\/index.php\/wp-json\/wp\/v2\/pages\/1728","targetHints":{"allow":["GET"]}}],"collection":[{"href":"https:\/\/radcompodcasts.com.br\/index.php\/wp-json\/wp\/v2\/pages"}],"about":[{"href":"https:\/\/radcompodcasts.com.br\/index.php\/wp-json\/wp\/v2\/types\/page"}],"author":[{"embeddable":true,"href":"https:\/\/radcompodcasts.com.br\/index.php\/wp-json\/wp\/v2\/users\/1"}],"replies":[{"embeddable":true,"href":"https:\/\/radcompodcasts.com.br\/index.php\/wp-json\/wp\/v2\/comments?post=1728"}],"version-history":[{"count":6,"href":"https:\/\/radcompodcasts.com.br\/index.php\/wp-json\/wp\/v2\/pages\/1728\/revisions"}],"predecessor-version":[{"id":2226,"href":"https:\/\/radcompodcasts.com.br\/index.php\/wp-json\/wp\/v2\/pages\/1728\/revisions\/2226"}],"wp:attachment":[{"href":"https:\/\/radcompodcasts.com.br\/index.php\/wp-json\/wp\/v2\/media?parent=1728"}],"curies":[{"name":"wp","href":"https:\/\/api.w.org\/{rel}","templated":true}]}}