{"id":1730,"date":"2026-03-16T20:29:44","date_gmt":"2026-03-16T20:29:44","guid":{"rendered":"https:\/\/radcompodcasts.com.br\/?page_id=1730"},"modified":"2026-04-14T03:29:05","modified_gmt":"2026-04-14T03:29:05","slug":"programa-resistencia-e-identidade-drags-na-periferia-tiradentes-9-edital","status":"publish","type":"page","link":"https:\/\/radcompodcasts.com.br\/index.php\/programa-resistencia-e-identidade-drags-na-periferia-tiradentes-9-edital\/","title":{"rendered":"Programa Resist\u00eancia e Identidade: Drags na Periferia &#8211; Tiradentes &#8211; 9 Edital"},"content":{"rendered":"<div  class='flex_column av-2tg33m-19e8a4fd9d75db0ba058f0404335bccd av_one_full  avia-builder-el-0  avia-builder-el-no-sibling  first flex_column_div  '     ><p>\n<style type=\"text\/css\" data-created_by=\"avia_inline_auto\" id=\"style-css-av-mmtmxiwi-fcc290d8416392d996495b08402894f4\">\n#top .av-special-heading.av-mmtmxiwi-fcc290d8416392d996495b08402894f4{\npadding-bottom:10px;\n}\nbody .av-special-heading.av-mmtmxiwi-fcc290d8416392d996495b08402894f4 .av-special-heading-tag .heading-char{\nfont-size:25px;\n}\n.av-special-heading.av-mmtmxiwi-fcc290d8416392d996495b08402894f4 .av-subheading{\nfont-size:15px;\n}\n<\/style>\n<div  class='av-special-heading av-mmtmxiwi-fcc290d8416392d996495b08402894f4 av-special-heading-h2 blockquote modern-quote  avia-builder-el-1  el_before_av_codeblock  avia-builder-el-first '><div class='av-subheading av-subheading_above'><p>9a Edi\u00e7\u00e3o do Programa Municipal de Fomento ao Servi\u00e7o de Radiodifus\u00e3o Comunit\u00e1ria<\/p>\n<\/div><h2 class='av-special-heading-tag'  itemprop=\"headline\"  >Programa Resist\u00eancia e Identidade: Drags na Periferia<\/h2><div class=\"special-heading-border\"><div class=\"special-heading-inner-border\"><\/div><\/div><\/div><br \/>\n<\/p><\/div>\n","protected":false},"excerpt":{"rendered":"","protected":false},"author":1,"featured_media":0,"parent":0,"menu_order":0,"comment_status":"closed","ping_status":"closed","template":"","meta":{"footnotes":""},"class_list":["post-1730","page","type-page","status-publish","hentry"],"_links":{"self":[{"href":"https:\/\/radcompodcasts.com.br\/index.php\/wp-json\/wp\/v2\/pages\/1730","targetHints":{"allow":["GET"]}}],"collection":[{"href":"https:\/\/radcompodcasts.com.br\/index.php\/wp-json\/wp\/v2\/pages"}],"about":[{"href":"https:\/\/radcompodcasts.com.br\/index.php\/wp-json\/wp\/v2\/types\/page"}],"author":[{"embeddable":true,"href":"https:\/\/radcompodcasts.com.br\/index.php\/wp-json\/wp\/v2\/users\/1"}],"replies":[{"embeddable":true,"href":"https:\/\/radcompodcasts.com.br\/index.php\/wp-json\/wp\/v2\/comments?post=1730"}],"version-history":[{"count":6,"href":"https:\/\/radcompodcasts.com.br\/index.php\/wp-json\/wp\/v2\/pages\/1730\/revisions"}],"predecessor-version":[{"id":2215,"href":"https:\/\/radcompodcasts.com.br\/index.php\/wp-json\/wp\/v2\/pages\/1730\/revisions\/2215"}],"wp:attachment":[{"href":"https:\/\/radcompodcasts.com.br\/index.php\/wp-json\/wp\/v2\/media?parent=1730"}],"curies":[{"name":"wp","href":"https:\/\/api.w.org\/{rel}","templated":true}]}}