{"id":1739,"date":"2026-03-16T20:50:26","date_gmt":"2026-03-16T20:50:26","guid":{"rendered":"https:\/\/radcompodcasts.com.br\/?page_id=1739"},"modified":"2026-04-14T03:36:03","modified_gmt":"2026-04-14T03:36:03","slug":"programa-revolucao-na-psiquiatria-a-humanizacao-no-legado-de-nise-da-silveira-futura-9-edital","status":"publish","type":"page","link":"https:\/\/radcompodcasts.com.br\/index.php\/programa-revolucao-na-psiquiatria-a-humanizacao-no-legado-de-nise-da-silveira-futura-9-edital\/","title":{"rendered":"Programa Revolu\u00e7\u00e3o na Psiquiatria A humaniza\u00e7\u00e3o no legado de Nise da Silveira &#8211; Futura &#8211; 9 Edital"},"content":{"rendered":"<div  class='flex_column av-1z8jvf-8122d9666a7f617e47fbbe6c2385fca2 av_one_full  avia-builder-el-0  avia-builder-el-no-sibling  first flex_column_div  '     ><p>\n<style type=\"text\/css\" data-created_by=\"avia_inline_auto\" id=\"style-css-av-mmtnkv1t-f80d0aad4823e7f1a25cf4a5e3291c81\">\n#top .av-special-heading.av-mmtnkv1t-f80d0aad4823e7f1a25cf4a5e3291c81{\npadding-bottom:10px;\n}\nbody .av-special-heading.av-mmtnkv1t-f80d0aad4823e7f1a25cf4a5e3291c81 .av-special-heading-tag .heading-char{\nfont-size:25px;\n}\n.av-special-heading.av-mmtnkv1t-f80d0aad4823e7f1a25cf4a5e3291c81 .av-subheading{\nfont-size:15px;\n}\n<\/style>\n<div  class='av-special-heading av-mmtnkv1t-f80d0aad4823e7f1a25cf4a5e3291c81 av-special-heading-h2 blockquote modern-quote  avia-builder-el-1  el_before_av_codeblock  avia-builder-el-first '><div class='av-subheading av-subheading_above'><p>9a Edi\u00e7\u00e3o do Programa Municipal de Fomento ao Servi\u00e7o de Radiodifus\u00e3o Comunit\u00e1ria<\/p>\n<\/div><h2 class='av-special-heading-tag'  itemprop=\"headline\"  >Programa Revolu\u00e7\u00e3o na Psiquiatria A humaniza\u00e7\u00e3o no legado de Nise da Silveira<\/h2><div class=\"special-heading-border\"><div class=\"special-heading-inner-border\"><\/div><\/div><\/div><br \/>\n<\/p><\/div>\n","protected":false},"excerpt":{"rendered":"","protected":false},"author":1,"featured_media":0,"parent":0,"menu_order":0,"comment_status":"closed","ping_status":"closed","template":"","meta":{"footnotes":""},"class_list":["post-1739","page","type-page","status-publish","hentry"],"_links":{"self":[{"href":"https:\/\/radcompodcasts.com.br\/index.php\/wp-json\/wp\/v2\/pages\/1739","targetHints":{"allow":["GET"]}}],"collection":[{"href":"https:\/\/radcompodcasts.com.br\/index.php\/wp-json\/wp\/v2\/pages"}],"about":[{"href":"https:\/\/radcompodcasts.com.br\/index.php\/wp-json\/wp\/v2\/types\/page"}],"author":[{"embeddable":true,"href":"https:\/\/radcompodcasts.com.br\/index.php\/wp-json\/wp\/v2\/users\/1"}],"replies":[{"embeddable":true,"href":"https:\/\/radcompodcasts.com.br\/index.php\/wp-json\/wp\/v2\/comments?post=1739"}],"version-history":[{"count":7,"href":"https:\/\/radcompodcasts.com.br\/index.php\/wp-json\/wp\/v2\/pages\/1739\/revisions"}],"predecessor-version":[{"id":2220,"href":"https:\/\/radcompodcasts.com.br\/index.php\/wp-json\/wp\/v2\/pages\/1739\/revisions\/2220"}],"wp:attachment":[{"href":"https:\/\/radcompodcasts.com.br\/index.php\/wp-json\/wp\/v2\/media?parent=1739"}],"curies":[{"name":"wp","href":"https:\/\/api.w.org\/{rel}","templated":true}]}}