{"id":1745,"date":"2026-03-16T21:24:17","date_gmt":"2026-03-16T21:24:17","guid":{"rendered":"https:\/\/radcompodcasts.com.br\/?page_id=1745"},"modified":"2026-04-14T02:06:29","modified_gmt":"2026-04-14T02:06:29","slug":"programa-cassino-digital-como-as-redes-sociais-viciam-a-audiencia-dalila-9-edital","status":"publish","type":"page","link":"https:\/\/radcompodcasts.com.br\/index.php\/programa-cassino-digital-como-as-redes-sociais-viciam-a-audiencia-dalila-9-edital\/","title":{"rendered":"Programa Cassino Digital &#8211; Como as redes sociais viciam a audi\u00eancia &#8211; Dalila &#8211; 9 Edital"},"content":{"rendered":"<div  class='flex_column av-2riutt-5edbf3aebc7bb8840e48d4f909c8ddeb av_one_full  avia-builder-el-0  avia-builder-el-no-sibling  first flex_column_div  '     ><p>\n<style type=\"text\/css\" data-created_by=\"avia_inline_auto\" id=\"style-css-av-mmtot92c-0940aad4711c48b1d5ea9072ab05a808\">\n#top .av-special-heading.av-mmtot92c-0940aad4711c48b1d5ea9072ab05a808{\npadding-bottom:10px;\n}\nbody .av-special-heading.av-mmtot92c-0940aad4711c48b1d5ea9072ab05a808 .av-special-heading-tag .heading-char{\nfont-size:25px;\n}\n.av-special-heading.av-mmtot92c-0940aad4711c48b1d5ea9072ab05a808 .av-subheading{\nfont-size:15px;\n}\n<\/style>\n<div  class='av-special-heading av-mmtot92c-0940aad4711c48b1d5ea9072ab05a808 av-special-heading-h2 blockquote modern-quote  avia-builder-el-1  el_before_av_codeblock  avia-builder-el-first '><div class='av-subheading av-subheading_above'><p>9a Edi\u00e7\u00e3o do Programa Municipal de Fomento ao Servi\u00e7o de Radiodifus\u00e3o Comunit\u00e1ria<\/p>\n<\/div><h2 class='av-special-heading-tag'  itemprop=\"headline\"  >Programa Cassino Digital &#8211; Como as redes sociais viciam a audi\u00eancia<\/h2><div class=\"special-heading-border\"><div class=\"special-heading-inner-border\"><\/div><\/div><\/div><br \/>\n<\/p><\/div>\n","protected":false},"excerpt":{"rendered":"","protected":false},"author":1,"featured_media":0,"parent":0,"menu_order":0,"comment_status":"closed","ping_status":"closed","template":"","meta":{"footnotes":""},"class_list":["post-1745","page","type-page","status-publish","hentry"],"_links":{"self":[{"href":"https:\/\/radcompodcasts.com.br\/index.php\/wp-json\/wp\/v2\/pages\/1745","targetHints":{"allow":["GET"]}}],"collection":[{"href":"https:\/\/radcompodcasts.com.br\/index.php\/wp-json\/wp\/v2\/pages"}],"about":[{"href":"https:\/\/radcompodcasts.com.br\/index.php\/wp-json\/wp\/v2\/types\/page"}],"author":[{"embeddable":true,"href":"https:\/\/radcompodcasts.com.br\/index.php\/wp-json\/wp\/v2\/users\/1"}],"replies":[{"embeddable":true,"href":"https:\/\/radcompodcasts.com.br\/index.php\/wp-json\/wp\/v2\/comments?post=1745"}],"version-history":[{"count":10,"href":"https:\/\/radcompodcasts.com.br\/index.php\/wp-json\/wp\/v2\/pages\/1745\/revisions"}],"predecessor-version":[{"id":2162,"href":"https:\/\/radcompodcasts.com.br\/index.php\/wp-json\/wp\/v2\/pages\/1745\/revisions\/2162"}],"wp:attachment":[{"href":"https:\/\/radcompodcasts.com.br\/index.php\/wp-json\/wp\/v2\/media?parent=1745"}],"curies":[{"name":"wp","href":"https:\/\/api.w.org\/{rel}","templated":true}]}}