{"id":1755,"date":"2026-03-16T21:57:22","date_gmt":"2026-03-16T21:57:22","guid":{"rendered":"https:\/\/radcompodcasts.com.br\/?page_id=1755"},"modified":"2026-04-14T02:14:17","modified_gmt":"2026-04-14T02:14:17","slug":"programa-contos-e-mitos-indigenas-brasileiros-jaragua-9-edital","status":"publish","type":"page","link":"https:\/\/radcompodcasts.com.br\/index.php\/programa-contos-e-mitos-indigenas-brasileiros-jaragua-9-edital\/","title":{"rendered":"Programa Contos e Mitos Ind\u00edgenas Brasileiros &#8211; Jaragu\u00e1 &#8211; 9 Edital"},"content":{"rendered":"<div  class='flex_column av-2frz2j-b57fe032ccef6523223d82741805b8a6 av_one_full  avia-builder-el-0  avia-builder-el-no-sibling  first flex_column_div  '     ><p>\n<style type=\"text\/css\" data-created_by=\"avia_inline_auto\" id=\"style-css-av-mmtq1x9w-511b5ee4e862d63d16bf12d36cae1c1b\">\n#top .av-special-heading.av-mmtq1x9w-511b5ee4e862d63d16bf12d36cae1c1b{\npadding-bottom:10px;\n}\nbody .av-special-heading.av-mmtq1x9w-511b5ee4e862d63d16bf12d36cae1c1b .av-special-heading-tag .heading-char{\nfont-size:25px;\n}\n.av-special-heading.av-mmtq1x9w-511b5ee4e862d63d16bf12d36cae1c1b .av-subheading{\nfont-size:15px;\n}\n<\/style>\n<div  class='av-special-heading av-mmtq1x9w-511b5ee4e862d63d16bf12d36cae1c1b av-special-heading-h2 blockquote modern-quote  avia-builder-el-1  el_before_av_codeblock  avia-builder-el-first '><div class='av-subheading av-subheading_above'><p>9a Edi\u00e7\u00e3o do Programa Municipal de Fomento ao Servi\u00e7o de Radiodifus\u00e3o Comunit\u00e1ria<\/p>\n<\/div><h2 class='av-special-heading-tag'  itemprop=\"headline\"  >Programa Contos e Mitos Ind\u00edgenas Brasileiros<\/h2><div class=\"special-heading-border\"><div class=\"special-heading-inner-border\"><\/div><\/div><\/div><br \/>\n<\/p><\/div>\n","protected":false},"excerpt":{"rendered":"","protected":false},"author":1,"featured_media":0,"parent":0,"menu_order":0,"comment_status":"closed","ping_status":"closed","template":"","meta":{"footnotes":""},"class_list":["post-1755","page","type-page","status-publish","hentry"],"_links":{"self":[{"href":"https:\/\/radcompodcasts.com.br\/index.php\/wp-json\/wp\/v2\/pages\/1755","targetHints":{"allow":["GET"]}}],"collection":[{"href":"https:\/\/radcompodcasts.com.br\/index.php\/wp-json\/wp\/v2\/pages"}],"about":[{"href":"https:\/\/radcompodcasts.com.br\/index.php\/wp-json\/wp\/v2\/types\/page"}],"author":[{"embeddable":true,"href":"https:\/\/radcompodcasts.com.br\/index.php\/wp-json\/wp\/v2\/users\/1"}],"replies":[{"embeddable":true,"href":"https:\/\/radcompodcasts.com.br\/index.php\/wp-json\/wp\/v2\/comments?post=1755"}],"version-history":[{"count":7,"href":"https:\/\/radcompodcasts.com.br\/index.php\/wp-json\/wp\/v2\/pages\/1755\/revisions"}],"predecessor-version":[{"id":2168,"href":"https:\/\/radcompodcasts.com.br\/index.php\/wp-json\/wp\/v2\/pages\/1755\/revisions\/2168"}],"wp:attachment":[{"href":"https:\/\/radcompodcasts.com.br\/index.php\/wp-json\/wp\/v2\/media?parent=1755"}],"curies":[{"name":"wp","href":"https:\/\/api.w.org\/{rel}","templated":true}]}}