{"id":1759,"date":"2026-03-16T22:13:09","date_gmt":"2026-03-16T22:13:09","guid":{"rendered":"https:\/\/radcompodcasts.com.br\/?page_id=1759"},"modified":"2026-04-14T02:25:39","modified_gmt":"2026-04-14T02:25:39","slug":"programa-cultura-alem-do-obvio-os-museus-mais-inusitados-de-sao-paulo-casa-verde-9-edital","status":"publish","type":"page","link":"https:\/\/radcompodcasts.com.br\/index.php\/programa-cultura-alem-do-obvio-os-museus-mais-inusitados-de-sao-paulo-casa-verde-9-edital\/","title":{"rendered":"Programa Cultura al\u00e9m do \u00f3bvio: Os Museus mais inusitados de S\u00e3o Paulo &#8211; Casa Verde &#8211; 9 Edital"},"content":{"rendered":"<div  class='flex_column av-2en1b3-83b25d62635e28dd1d2402399f04782d av_one_full  avia-builder-el-0  avia-builder-el-no-sibling  first flex_column_div  '     ><p>\n<style type=\"text\/css\" data-created_by=\"avia_inline_auto\" id=\"style-css-av-mmtqlv3m-901618ab27bb58689d4c1f982344b4f5\">\n#top .av-special-heading.av-mmtqlv3m-901618ab27bb58689d4c1f982344b4f5{\npadding-bottom:10px;\n}\nbody .av-special-heading.av-mmtqlv3m-901618ab27bb58689d4c1f982344b4f5 .av-special-heading-tag .heading-char{\nfont-size:25px;\n}\n.av-special-heading.av-mmtqlv3m-901618ab27bb58689d4c1f982344b4f5 .av-subheading{\nfont-size:15px;\n}\n<\/style>\n<div  class='av-special-heading av-mmtqlv3m-901618ab27bb58689d4c1f982344b4f5 av-special-heading-h2 blockquote modern-quote  avia-builder-el-1  el_before_av_codeblock  avia-builder-el-first '><div class='av-subheading av-subheading_above'><p>9a Edi\u00e7\u00e3o do Programa Municipal de Fomento ao Servi\u00e7o de Radiodifus\u00e3o Comunit\u00e1ria<\/p>\n<\/div><h2 class='av-special-heading-tag'  itemprop=\"headline\"  >Programa Cultura al\u00e9m do \u00f3bvio: Os Museus mais inusitados de S\u00e3o Paulo<\/h2><div class=\"special-heading-border\"><div class=\"special-heading-inner-border\"><\/div><\/div><\/div><br \/>\n<\/p><\/div>\n","protected":false},"excerpt":{"rendered":"","protected":false},"author":1,"featured_media":0,"parent":0,"menu_order":0,"comment_status":"closed","ping_status":"closed","template":"","meta":{"footnotes":""},"class_list":["post-1759","page","type-page","status-publish","hentry"],"_links":{"self":[{"href":"https:\/\/radcompodcasts.com.br\/index.php\/wp-json\/wp\/v2\/pages\/1759","targetHints":{"allow":["GET"]}}],"collection":[{"href":"https:\/\/radcompodcasts.com.br\/index.php\/wp-json\/wp\/v2\/pages"}],"about":[{"href":"https:\/\/radcompodcasts.com.br\/index.php\/wp-json\/wp\/v2\/types\/page"}],"author":[{"embeddable":true,"href":"https:\/\/radcompodcasts.com.br\/index.php\/wp-json\/wp\/v2\/users\/1"}],"replies":[{"embeddable":true,"href":"https:\/\/radcompodcasts.com.br\/index.php\/wp-json\/wp\/v2\/comments?post=1759"}],"version-history":[{"count":3,"href":"https:\/\/radcompodcasts.com.br\/index.php\/wp-json\/wp\/v2\/pages\/1759\/revisions"}],"predecessor-version":[{"id":2175,"href":"https:\/\/radcompodcasts.com.br\/index.php\/wp-json\/wp\/v2\/pages\/1759\/revisions\/2175"}],"wp:attachment":[{"href":"https:\/\/radcompodcasts.com.br\/index.php\/wp-json\/wp\/v2\/media?parent=1759"}],"curies":[{"name":"wp","href":"https:\/\/api.w.org\/{rel}","templated":true}]}}