{"id":1761,"date":"2026-03-16T22:19:58","date_gmt":"2026-03-16T22:19:58","guid":{"rendered":"https:\/\/radcompodcasts.com.br\/?page_id=1761"},"modified":"2026-04-14T03:10:24","modified_gmt":"2026-04-14T03:10:24","slug":"programa-no-ar-ponto-de-cultura-vila-alpina-9-edital","status":"publish","type":"page","link":"https:\/\/radcompodcasts.com.br\/index.php\/programa-no-ar-ponto-de-cultura-vila-alpina-9-edital\/","title":{"rendered":"Programa No Ar: Ponto de Cultura &#8211; Vila Alpina &#8211; 9 Edital"},"content":{"rendered":"<div  class='flex_column av-3947rl-b95d892f79329f688a895b4b32b65a8a av_one_full  avia-builder-el-0  avia-builder-el-no-sibling  first flex_column_div  '     ><p>\n<style type=\"text\/css\" data-created_by=\"avia_inline_auto\" id=\"style-css-av-mmtqsphf-767957196834538dfd1f0896b7778986\">\n#top .av-special-heading.av-mmtqsphf-767957196834538dfd1f0896b7778986{\npadding-bottom:10px;\n}\nbody .av-special-heading.av-mmtqsphf-767957196834538dfd1f0896b7778986 .av-special-heading-tag .heading-char{\nfont-size:25px;\n}\n.av-special-heading.av-mmtqsphf-767957196834538dfd1f0896b7778986 .av-subheading{\nfont-size:15px;\n}\n<\/style>\n<div  class='av-special-heading av-mmtqsphf-767957196834538dfd1f0896b7778986 av-special-heading-h2 blockquote modern-quote  avia-builder-el-1  el_before_av_codeblock  avia-builder-el-first '><div class='av-subheading av-subheading_above'><p>9a Edi\u00e7\u00e3o do Programa Municipal de Fomento ao Servi\u00e7o de Radiodifus\u00e3o Comunit\u00e1ria<\/p>\n<\/div><h2 class='av-special-heading-tag'  itemprop=\"headline\"  >Programa No Ar: Ponto de Cultura<\/h2><div class=\"special-heading-border\"><div class=\"special-heading-inner-border\"><\/div><\/div><\/div><br \/>\n<\/p><\/div>\n","protected":false},"excerpt":{"rendered":"","protected":false},"author":1,"featured_media":0,"parent":0,"menu_order":0,"comment_status":"closed","ping_status":"closed","template":"","meta":{"footnotes":""},"class_list":["post-1761","page","type-page","status-publish","hentry"],"_links":{"self":[{"href":"https:\/\/radcompodcasts.com.br\/index.php\/wp-json\/wp\/v2\/pages\/1761","targetHints":{"allow":["GET"]}}],"collection":[{"href":"https:\/\/radcompodcasts.com.br\/index.php\/wp-json\/wp\/v2\/pages"}],"about":[{"href":"https:\/\/radcompodcasts.com.br\/index.php\/wp-json\/wp\/v2\/types\/page"}],"author":[{"embeddable":true,"href":"https:\/\/radcompodcasts.com.br\/index.php\/wp-json\/wp\/v2\/users\/1"}],"replies":[{"embeddable":true,"href":"https:\/\/radcompodcasts.com.br\/index.php\/wp-json\/wp\/v2\/comments?post=1761"}],"version-history":[{"count":5,"href":"https:\/\/radcompodcasts.com.br\/index.php\/wp-json\/wp\/v2\/pages\/1761\/revisions"}],"predecessor-version":[{"id":2204,"href":"https:\/\/radcompodcasts.com.br\/index.php\/wp-json\/wp\/v2\/pages\/1761\/revisions\/2204"}],"wp:attachment":[{"href":"https:\/\/radcompodcasts.com.br\/index.php\/wp-json\/wp\/v2\/media?parent=1761"}],"curies":[{"name":"wp","href":"https:\/\/api.w.org\/{rel}","templated":true}]}}