{"id":1993,"date":"2026-04-06T16:39:39","date_gmt":"2026-04-06T16:39:39","guid":{"rendered":"https:\/\/radcompodcasts.com.br\/?page_id=1993"},"modified":"2026-04-14T17:12:25","modified_gmt":"2026-04-14T17:12:25","slug":"chamada-programa-paulo-vanzolini-cientista-do-samba-e-poeta-da-natureza","status":"publish","type":"page","link":"https:\/\/radcompodcasts.com.br\/index.php\/chamada-programa-paulo-vanzolini-cientista-do-samba-e-poeta-da-natureza\/","title":{"rendered":"Chamada Programa Paulo Vanzolini \u2013 Cientista do  Samba e poeta da natureza"},"content":{"rendered":"<div  class='flex_column av-4cp48p-c79dae28cb8739057f8b500a3690279d av_one_full  avia-builder-el-0  avia-builder-el-no-sibling  first flex_column_div  '     ><p>\n<style type=\"text\/css\" data-created_by=\"avia_inline_auto\" id=\"style-css-av-mnnex5hf-7957bbf708ccdd08307f2f1bbc1c1b51\">\n#top .av-special-heading.av-mnnex5hf-7957bbf708ccdd08307f2f1bbc1c1b51{\npadding-bottom:10px;\n}\nbody .av-special-heading.av-mnnex5hf-7957bbf708ccdd08307f2f1bbc1c1b51 .av-special-heading-tag .heading-char{\nfont-size:25px;\n}\n.av-special-heading.av-mnnex5hf-7957bbf708ccdd08307f2f1bbc1c1b51 .av-subheading{\nfont-size:15px;\n}\n<\/style>\n<div  class='av-special-heading av-mnnex5hf-7957bbf708ccdd08307f2f1bbc1c1b51 av-special-heading-h2 blockquote modern-quote  avia-builder-el-1  el_before_av_player  avia-builder-el-first '><div class='av-subheading av-subheading_above'><p>9\u00aa Edi\u00e7\u00e3o do Programa Municipal de Fomento ao Servi\u00e7o de Radiodifus\u00e3o Comunit\u00e1ria<\/p>\n<\/div><h2 class='av-special-heading-tag'  itemprop=\"headline\"  >Chamadas Paulo Vanzolini \u2013 Cientista do Samba e Poeta da Natureza<\/h2><div class=\"special-heading-border\"><div class=\"special-heading-inner-border\"><\/div><\/div><\/div><br \/>\n<div id=\"av_player-1\" class=\"av-player av-player-container av-mnnexlkb-e82303a7e4d60031f9fcb1b487f6b807 avia-playerstyle-classic av_player-1  avia-builder-el-2  el_after_av_heading  el_before_av_hr  av-player-hide-playlist first avia-playlist-hide-cover\"><div class=\"av-player-player-container\"><div class=\"wp-playlist wp-audio-playlist wp-playlist-light\">\n\t\t\t<div class=\"wp-playlist-current-item\"><\/div>\n\t\t<audio controls=\"controls\" preload=\"none\" width=\"1478\"\n\t\t\t><\/audio>\n\t<div class=\"wp-playlist-next\"><\/div>\n\t<div class=\"wp-playlist-prev\"><\/div>\n\t<noscript>\n\t<ol>\n\t\t<li><a href='https:\/\/radcompodcasts.com.br\/wp-content\/uploads\/2026\/04\/CHAMADA-0-PAULO-VANZOLINI.mp3'><img loading=\"lazy\" decoding=\"async\" width=\"80\" height=\"80\" src=\"https:\/\/radcompodcasts.com.br\/wp-content\/uploads\/2026\/04\/0-Chamada-Geral-Paulo-Vanzolini-80x80.jpg\" class=\"attachment-thumbnail size-thumbnail\" alt=\"\" \/><\/a><\/li>\t<\/ol>\n\t<\/noscript>\n\t<script type=\"application\/json\" class=\"wp-playlist-script\">{\"type\":\"audio\",\"tracklist\":true,\"tracknumbers\":true,\"images\":true,\"artists\":true,\"tracks\":[{\"src\":\"https:\/\/radcompodcasts.com.br\/wp-content\/uploads\/2026\/04\/CHAMADA-0-PAULO-VANZOLINI.mp3\",\"type\":\"audio\/mpeg\",\"title\":\"CHAMADA GERAL - PAULO VANZOLINI\",\"caption\":\"\",\"description\":\"\\\"CHAMADA #0 - PAULO VANZOLINI\\\".\",\"meta\":{\"length_formatted\":\"0:45\"},\"image\":{\"src\":\"https:\/\/radcompodcasts.com.br\/wp-content\/uploads\/2026\/04\/0-Chamada-Geral-Paulo-Vanzolini-80x80.jpg\",\"width\":48,\"height\":64},\"thumb\":{\"src\":\"https:\/\/radcompodcasts.com.br\/wp-content\/uploads\/2026\/04\/0-Chamada-Geral-Paulo-Vanzolini-80x80.jpg\",\"width\":48,\"height\":64}}]}<\/script>\n<\/div>\n\t<\/div><\/div><br \/>\n\n<style type=\"text\/css\" data-created_by=\"avia_inline_auto\" id=\"style-css-av-ehy49-25f42fde19274ef1c1d09ba679bd7d64\">\n#top .hr.hr-invisible.av-ehy49-25f42fde19274ef1c1d09ba679bd7d64{\nheight:30px;\n}\n<\/style>\n<div  class='hr av-ehy49-25f42fde19274ef1c1d09ba679bd7d64 hr-invisible  avia-builder-el-3  el_after_av_player  el_before_av_player '><span class='hr-inner '><span class=\"hr-inner-style\"><\/span><\/span><\/div><br \/>\n<div id=\"av_player-2\" class=\"av-player av-player-container av-mnyvp9t4-35a0da2caa53cc5fa65dc0d9fd47fc3f avia-playerstyle-classic av_player-2  avia-builder-el-4  el_after_av_hr  avia-builder-el-last  av-player-hide-playlist avia-playlist-hide-cover\"><div class=\"av-player-player-container\"><div class=\"wp-playlist wp-audio-playlist wp-playlist-light\">\n\t\t\t<div class=\"wp-playlist-current-item\"><\/div>\n\t\t<audio controls=\"controls\" preload=\"none\" width=\"1478\"\n\t\t\t><\/audio>\n\t<div class=\"wp-playlist-next\"><\/div>\n\t<div class=\"wp-playlist-prev\"><\/div>\n\t<noscript>\n\t<ol>\n\t\t<li><a href='https:\/\/radcompodcasts.com.br\/wp-content\/uploads\/2026\/04\/CHAMADA-1-PAULO-VANZOLINI.mp3'><img loading=\"lazy\" decoding=\"async\" width=\"80\" height=\"80\" src=\"https:\/\/radcompodcasts.com.br\/wp-content\/uploads\/2026\/04\/1-Programa-1-Paulo-Vanzolini-80x80.jpg\" class=\"attachment-thumbnail size-thumbnail\" alt=\"\" \/><\/a><\/li>\t<\/ol>\n\t<\/noscript>\n\t<script type=\"application\/json\" class=\"wp-playlist-script\">{\"type\":\"audio\",\"tracklist\":true,\"tracknumbers\":true,\"images\":true,\"artists\":true,\"tracks\":[{\"src\":\"https:\/\/radcompodcasts.com.br\/wp-content\/uploads\/2026\/04\/CHAMADA-1-PAULO-VANZOLINI.mp3\",\"type\":\"audio\/mpeg\",\"title\":\"CHAMADA 1 - PAULO VANZOLINI\",\"caption\":\"\",\"description\":\"\\\"CHAMADA #1 - PAULO VANZOLINI\\\".\",\"meta\":{\"length_formatted\":\"0:40\"},\"image\":{\"src\":\"https:\/\/radcompodcasts.com.br\/wp-content\/uploads\/2026\/04\/1-Programa-1-Paulo-Vanzolini-80x80.jpg\",\"width\":48,\"height\":64},\"thumb\":{\"src\":\"https:\/\/radcompodcasts.com.br\/wp-content\/uploads\/2026\/04\/1-Programa-1-Paulo-Vanzolini-80x80.jpg\",\"width\":48,\"height\":64}}]}<\/script>\n<\/div>\n\t<\/div><\/div><\/p><\/div>\n","protected":false},"excerpt":{"rendered":"","protected":false},"author":1,"featured_media":0,"parent":0,"menu_order":0,"comment_status":"closed","ping_status":"closed","template":"","meta":{"footnotes":""},"class_list":["post-1993","page","type-page","status-publish","hentry"],"_links":{"self":[{"href":"https:\/\/radcompodcasts.com.br\/index.php\/wp-json\/wp\/v2\/pages\/1993","targetHints":{"allow":["GET"]}}],"collection":[{"href":"https:\/\/radcompodcasts.com.br\/index.php\/wp-json\/wp\/v2\/pages"}],"about":[{"href":"https:\/\/radcompodcasts.com.br\/index.php\/wp-json\/wp\/v2\/types\/page"}],"author":[{"embeddable":true,"href":"https:\/\/radcompodcasts.com.br\/index.php\/wp-json\/wp\/v2\/users\/1"}],"replies":[{"embeddable":true,"href":"https:\/\/radcompodcasts.com.br\/index.php\/wp-json\/wp\/v2\/comments?post=1993"}],"version-history":[{"count":4,"href":"https:\/\/radcompodcasts.com.br\/index.php\/wp-json\/wp\/v2\/pages\/1993\/revisions"}],"predecessor-version":[{"id":2231,"href":"https:\/\/radcompodcasts.com.br\/index.php\/wp-json\/wp\/v2\/pages\/1993\/revisions\/2231"}],"wp:attachment":[{"href":"https:\/\/radcompodcasts.com.br\/index.php\/wp-json\/wp\/v2\/media?parent=1993"}],"curies":[{"name":"wp","href":"https:\/\/api.w.org\/{rel}","templated":true}]}}