{"id":217,"date":"2025-11-24T00:20:31","date_gmt":"2025-11-24T00:20:31","guid":{"rendered":"https:\/\/radcompodcasts.com.br\/?page_id=217"},"modified":"2025-11-26T02:36:55","modified_gmt":"2025-11-26T02:36:55","slug":"proac-2024-vozes-ciganas-tradicao-e-cultura-em-embu-guacu-radio-paradise-embu-guacu","status":"publish","type":"page","link":"https:\/\/radcompodcasts.com.br\/index.php\/proac-2024-vozes-ciganas-tradicao-e-cultura-em-embu-guacu-radio-paradise-embu-guacu\/","title":{"rendered":"PROAC 2024 -Vozes Ciganas &#8211; Tradi\u00e7\u00e3o e Cultura em Embu-Gua\u00e7u- R\u00e1dio Paradise &#8211; Embu-Gua\u00e7u"},"content":{"rendered":"<div  class='flex_column av-dc4w1-ee3deb73e7687e6aba58882f3a014ad6 av_one_full  avia-builder-el-0  avia-builder-el-no-sibling  first flex_column_div  '     ><p>\n<style type=\"text\/css\" data-created_by=\"avia_inline_auto\" id=\"style-css-av-98i2p-1c9efbed9c3100fc77049a0761a84ea8\">\n#top .av-special-heading.av-98i2p-1c9efbed9c3100fc77049a0761a84ea8{\npadding-bottom:10px;\n}\nbody .av-special-heading.av-98i2p-1c9efbed9c3100fc77049a0761a84ea8 .av-special-heading-tag .heading-char{\nfont-size:25px;\n}\n.av-special-heading.av-98i2p-1c9efbed9c3100fc77049a0761a84ea8 .av-subheading{\nfont-size:15px;\n}\n<\/style>\n<div  class='av-special-heading av-98i2p-1c9efbed9c3100fc77049a0761a84ea8 av-special-heading-h2 blockquote modern-quote  avia-builder-el-1  el_before_av_codeblock  avia-builder-el-first '><div class='av-subheading av-subheading_above'><p>PROAC<\/p>\n<\/div><h2 class='av-special-heading-tag'  itemprop=\"headline\"  >Vozes Ciganas &#8211; Tradi\u00e7\u00e3o e Cultura em Embu-gua\u00e7u<\/h2><div class=\"special-heading-border\"><div class=\"special-heading-inner-border\"><\/div><\/div><\/div><br \/>\n<\/p><\/div>\n","protected":false},"excerpt":{"rendered":"","protected":false},"author":1,"featured_media":0,"parent":0,"menu_order":0,"comment_status":"closed","ping_status":"closed","template":"","meta":{"footnotes":""},"class_list":["post-217","page","type-page","status-publish","hentry"],"_links":{"self":[{"href":"https:\/\/radcompodcasts.com.br\/index.php\/wp-json\/wp\/v2\/pages\/217","targetHints":{"allow":["GET"]}}],"collection":[{"href":"https:\/\/radcompodcasts.com.br\/index.php\/wp-json\/wp\/v2\/pages"}],"about":[{"href":"https:\/\/radcompodcasts.com.br\/index.php\/wp-json\/wp\/v2\/types\/page"}],"author":[{"embeddable":true,"href":"https:\/\/radcompodcasts.com.br\/index.php\/wp-json\/wp\/v2\/users\/1"}],"replies":[{"embeddable":true,"href":"https:\/\/radcompodcasts.com.br\/index.php\/wp-json\/wp\/v2\/comments?post=217"}],"version-history":[{"count":6,"href":"https:\/\/radcompodcasts.com.br\/index.php\/wp-json\/wp\/v2\/pages\/217\/revisions"}],"predecessor-version":[{"id":345,"href":"https:\/\/radcompodcasts.com.br\/index.php\/wp-json\/wp\/v2\/pages\/217\/revisions\/345"}],"wp:attachment":[{"href":"https:\/\/radcompodcasts.com.br\/index.php\/wp-json\/wp\/v2\/media?parent=217"}],"curies":[{"name":"wp","href":"https:\/\/api.w.org\/{rel}","templated":true}]}}