{"id":231,"date":"2025-11-24T03:04:09","date_gmt":"2025-11-24T03:04:09","guid":{"rendered":"https:\/\/radcompodcasts.com.br\/?page_id=231"},"modified":"2025-12-06T02:11:49","modified_gmt":"2025-12-06T02:11:49","slug":"proac-2024-feira-da-capelinha-arte-historia-e-turismo-em-ibiuna-radio-space-fm-ibiuna","status":"publish","type":"page","link":"https:\/\/radcompodcasts.com.br\/index.php\/proac-2024-feira-da-capelinha-arte-historia-e-turismo-em-ibiuna-radio-space-fm-ibiuna\/","title":{"rendered":"PROAC 2024 &#8211; Feira da Capelinha &#8211; Arte, hist\u00f3ria e turismo em Ibi\u00fana- R\u00e1dio Space FM &#8211; Ibi\u00fana"},"content":{"rendered":"<div  class='flex_column av-eg7sv-d223e5331e3e74d58f11daa34086d4d9 av_one_full  avia-builder-el-0  avia-builder-el-no-sibling  first flex_column_div  '     ><p>\n<style type=\"text\/css\" data-created_by=\"avia_inline_auto\" id=\"style-css-av-b5axr-323bd4111da37656b7d1ace57625f68c\">\n#top .av-special-heading.av-b5axr-323bd4111da37656b7d1ace57625f68c{\npadding-bottom:10px;\n}\nbody .av-special-heading.av-b5axr-323bd4111da37656b7d1ace57625f68c .av-special-heading-tag .heading-char{\nfont-size:25px;\n}\n.av-special-heading.av-b5axr-323bd4111da37656b7d1ace57625f68c .av-subheading{\nfont-size:15px;\n}\n<\/style>\n<div  class='av-special-heading av-b5axr-323bd4111da37656b7d1ace57625f68c av-special-heading-h2 blockquote modern-quote  avia-builder-el-1  el_before_av_codeblock  avia-builder-el-first '><div class='av-subheading av-subheading_above'><p>PROAC<\/p>\n<\/div><h2 class='av-special-heading-tag'  itemprop=\"headline\"  >Feira da Capelinha &#8211; Arte, hist\u00f3ria e turismo em Ibi\u00fana<\/h2><div class=\"special-heading-border\"><div class=\"special-heading-inner-border\"><\/div><\/div><\/div><br \/>\n<\/p><\/div>\n","protected":false},"excerpt":{"rendered":"","protected":false},"author":1,"featured_media":0,"parent":0,"menu_order":0,"comment_status":"closed","ping_status":"closed","template":"","meta":{"footnotes":""},"class_list":["post-231","page","type-page","status-publish","hentry"],"_links":{"self":[{"href":"https:\/\/radcompodcasts.com.br\/index.php\/wp-json\/wp\/v2\/pages\/231","targetHints":{"allow":["GET"]}}],"collection":[{"href":"https:\/\/radcompodcasts.com.br\/index.php\/wp-json\/wp\/v2\/pages"}],"about":[{"href":"https:\/\/radcompodcasts.com.br\/index.php\/wp-json\/wp\/v2\/types\/page"}],"author":[{"embeddable":true,"href":"https:\/\/radcompodcasts.com.br\/index.php\/wp-json\/wp\/v2\/users\/1"}],"replies":[{"embeddable":true,"href":"https:\/\/radcompodcasts.com.br\/index.php\/wp-json\/wp\/v2\/comments?post=231"}],"version-history":[{"count":6,"href":"https:\/\/radcompodcasts.com.br\/index.php\/wp-json\/wp\/v2\/pages\/231\/revisions"}],"predecessor-version":[{"id":685,"href":"https:\/\/radcompodcasts.com.br\/index.php\/wp-json\/wp\/v2\/pages\/231\/revisions\/685"}],"wp:attachment":[{"href":"https:\/\/radcompodcasts.com.br\/index.php\/wp-json\/wp\/v2\/media?parent=231"}],"curies":[{"name":"wp","href":"https:\/\/api.w.org\/{rel}","templated":true}]}}