{"id":245,"date":"2025-11-24T03:45:26","date_gmt":"2025-11-24T03:45:26","guid":{"rendered":"https:\/\/radcompodcasts.com.br\/?page_id=245"},"modified":"2025-12-04T21:29:25","modified_gmt":"2025-12-04T21:29:25","slug":"proac-2024-fandango-caicara-fortalecendo-a-cultura-tradicional-em-iguape-radio-oficial-iguape","status":"publish","type":"page","link":"https:\/\/radcompodcasts.com.br\/index.php\/proac-2024-fandango-caicara-fortalecendo-a-cultura-tradicional-em-iguape-radio-oficial-iguape\/","title":{"rendered":"PROAC 2024 &#8211; Fandango Cai\u00e7ara &#8211; Fortalecendo a Cultura Tradicional em Iguap\u00ea &#8211; R\u00e1dio Oficial &#8211; Iguape"},"content":{"rendered":"<div  class='flex_column av-habql-2b5e8296eb133ddba6ee9ac19139b9cc av_one_full  avia-builder-el-0  avia-builder-el-no-sibling  first flex_column_div  '     ><p>\n<style type=\"text\/css\" data-created_by=\"avia_inline_auto\" id=\"style-css-av-7tbi5-a775bd37c35acc5d65e627042f02af89\">\n#top .av-special-heading.av-7tbi5-a775bd37c35acc5d65e627042f02af89{\npadding-bottom:10px;\n}\nbody .av-special-heading.av-7tbi5-a775bd37c35acc5d65e627042f02af89 .av-special-heading-tag .heading-char{\nfont-size:25px;\n}\n.av-special-heading.av-7tbi5-a775bd37c35acc5d65e627042f02af89 .av-subheading{\nfont-size:15px;\n}\n<\/style>\n<div  class='av-special-heading av-7tbi5-a775bd37c35acc5d65e627042f02af89 av-special-heading-h2 blockquote modern-quote  avia-builder-el-1  el_before_av_codeblock  avia-builder-el-first '><div class='av-subheading av-subheading_above'><p>PROAC<\/p>\n<\/div><h2 class='av-special-heading-tag'  itemprop=\"headline\"  >Fandango Cai\u00e7ara &#8211; Fortalecendo a Cultura Tradicional em Iguap\u00ea<\/h2><div class=\"special-heading-border\"><div class=\"special-heading-inner-border\"><\/div><\/div><\/div><br \/>\n<\/p><\/div>\n","protected":false},"excerpt":{"rendered":"","protected":false},"author":1,"featured_media":0,"parent":0,"menu_order":0,"comment_status":"closed","ping_status":"closed","template":"","meta":{"footnotes":""},"class_list":["post-245","page","type-page","status-publish","hentry"],"_links":{"self":[{"href":"https:\/\/radcompodcasts.com.br\/index.php\/wp-json\/wp\/v2\/pages\/245","targetHints":{"allow":["GET"]}}],"collection":[{"href":"https:\/\/radcompodcasts.com.br\/index.php\/wp-json\/wp\/v2\/pages"}],"about":[{"href":"https:\/\/radcompodcasts.com.br\/index.php\/wp-json\/wp\/v2\/types\/page"}],"author":[{"embeddable":true,"href":"https:\/\/radcompodcasts.com.br\/index.php\/wp-json\/wp\/v2\/users\/1"}],"replies":[{"embeddable":true,"href":"https:\/\/radcompodcasts.com.br\/index.php\/wp-json\/wp\/v2\/comments?post=245"}],"version-history":[{"count":5,"href":"https:\/\/radcompodcasts.com.br\/index.php\/wp-json\/wp\/v2\/pages\/245\/revisions"}],"predecessor-version":[{"id":565,"href":"https:\/\/radcompodcasts.com.br\/index.php\/wp-json\/wp\/v2\/pages\/245\/revisions\/565"}],"wp:attachment":[{"href":"https:\/\/radcompodcasts.com.br\/index.php\/wp-json\/wp\/v2\/media?parent=245"}],"curies":[{"name":"wp","href":"https:\/\/api.w.org\/{rel}","templated":true}]}}