{"id":287,"date":"2025-11-26T00:37:10","date_gmt":"2025-11-26T00:37:10","guid":{"rendered":"https:\/\/radcompodcasts.com.br\/?page_id=287"},"modified":"2026-03-09T23:57:40","modified_gmt":"2026-03-09T23:57:40","slug":"chamadas-proac-caminho-para-a-vida","status":"publish","type":"page","link":"https:\/\/radcompodcasts.com.br\/index.php\/chamadas-proac-caminho-para-a-vida\/","title":{"rendered":"Chamadas Proac &#8211; \u00c2ngela Maria: A rainha revolucion\u00e1ria do r\u00e1dio &#8211; Caminho para a Vida"},"content":{"rendered":"<div  class='flex_column av-1ft9wv-5de03dda50241d6a901c81ac8e8b20fd av_one_full  avia-builder-el-0  avia-builder-el-no-sibling  first flex_column_div  '     ><p>\n<style type=\"text\/css\" data-created_by=\"avia_inline_auto\" id=\"style-css-av-mif9yago-b6669ee226e5a7bd1d7422445d5591e5\">\n#top .av-special-heading.av-mif9yago-b6669ee226e5a7bd1d7422445d5591e5{\npadding-bottom:10px;\nfont-size:20px;\n}\nbody .av-special-heading.av-mif9yago-b6669ee226e5a7bd1d7422445d5591e5 .av-special-heading-tag .heading-char{\nfont-size:25px;\n}\n#top #wrap_all .av-special-heading.av-mif9yago-b6669ee226e5a7bd1d7422445d5591e5 .av-special-heading-tag{\nfont-size:20px;\n}\n.av-special-heading.av-mif9yago-b6669ee226e5a7bd1d7422445d5591e5 .av-subheading{\nfont-size:15px;\n}\n\n@media only screen and (min-width: 480px) and (max-width: 767px){ \n#top #wrap_all .av-special-heading.av-mif9yago-b6669ee226e5a7bd1d7422445d5591e5 .av-special-heading-tag{\nfont-size:0.8em;\n}\n}\n\n@media only screen and (max-width: 479px){ \n#top #wrap_all .av-special-heading.av-mif9yago-b6669ee226e5a7bd1d7422445d5591e5 .av-special-heading-tag{\nfont-size:0.8em;\n}\n}\n<\/style>\n<div  class='av-special-heading av-mif9yago-b6669ee226e5a7bd1d7422445d5591e5 av-special-heading-h3 blockquote modern-quote  avia-builder-el-1  el_before_av_player  avia-builder-el-first  av-inherit-size'><div class='av-subheading av-subheading_above'><p>PROAC<\/p>\n<\/div><h3 class='av-special-heading-tag'  itemprop=\"headline\"  >Chamadas Programa \u00c2ngela Maria: A rainha revolucion\u00e1ria do r\u00e1dio<\/h3><div class=\"special-heading-border\"><div class=\"special-heading-inner-border\"><\/div><\/div><\/div><br \/>\n<div id=\"av_player-1\" class=\"av-player av-player-container av-mif9xvaz-75559e9631e53550d78e7f773ff8119a avia-playerstyle-classic av_player-1  avia-builder-el-2  el_after_av_heading  el_before_av_player  first avia-playlist-hide-cover\"><div class=\"av-player-player-container\"><div class=\"wp-playlist wp-audio-playlist wp-playlist-light\">\n\t\t\t<div class=\"wp-playlist-current-item\"><\/div>\n\t\t<audio controls=\"controls\" preload=\"none\" width=\"1478\"\n\t\t\t><\/audio>\n\t<div class=\"wp-playlist-next\"><\/div>\n\t<div class=\"wp-playlist-prev\"><\/div>\n\t<noscript>\n\t<ol>\n\t\t<li><a href='https:\/\/radcompodcasts.com.br\/wp-content\/uploads\/2025\/11\/CHAMADA-0-ANGELA-MARIA-1.mp3'>CHAMADA GERAL - ANGELA MARIA<\/a><\/li>\t<\/ol>\n\t<\/noscript>\n\t<script type=\"application\/json\" class=\"wp-playlist-script\">{\"type\":\"audio\",\"tracklist\":true,\"tracknumbers\":true,\"images\":true,\"artists\":true,\"tracks\":[{\"src\":\"https:\/\/radcompodcasts.com.br\/wp-content\/uploads\/2025\/11\/CHAMADA-0-ANGELA-MARIA-1.mp3\",\"type\":\"audio\/mpeg\",\"title\":\"CHAMADA GERAL - ANGELA MARIA\",\"caption\":\"\",\"description\":\"\\\"CHAMADA #0 - ANGELA MARIA\\\".\",\"meta\":{\"length_formatted\":\"0:52\"},\"image\":{\"src\":\"https:\/\/radcompodcasts.com.br\/wp-content\/uploads\/2025\/11\/CHAMADA-0-ANGELA-MARIA-1-mp3-image.jpg\",\"width\":1080,\"height\":1080},\"thumb\":{\"src\":\"https:\/\/radcompodcasts.com.br\/wp-content\/uploads\/2025\/11\/CHAMADA-0-ANGELA-MARIA-1-mp3-image-80x80.jpg\",\"width\":80,\"height\":80}}]}<\/script>\n<\/div>\n\t<\/div><\/div><br \/>\n<div id=\"av_player-2\" class=\"av-player av-player-container av-mmju9tag-cef888d6fb8e257d9b1fbf96f160d056 avia-playerstyle-classic av_player-2  avia-builder-el-3  el_after_av_player  el_before_av_player  avia-playlist-hide-cover\"><div class=\"av-player-player-container\"><div class=\"wp-playlist wp-audio-playlist wp-playlist-light\">\n\t\t\t<div class=\"wp-playlist-current-item\"><\/div>\n\t\t<audio controls=\"controls\" preload=\"none\" width=\"1478\"\n\t\t\t><\/audio>\n\t<div class=\"wp-playlist-next\"><\/div>\n\t<div class=\"wp-playlist-prev\"><\/div>\n\t<noscript>\n\t<ol>\n\t\t<li><a href='https:\/\/radcompodcasts.com.br\/wp-content\/uploads\/2025\/11\/CHAMADA-01-ANGELA-MARIA-1.mp3'>CHAMADA  PROGRAMA 01 - ANGELA MARIA<\/a><\/li>\t<\/ol>\n\t<\/noscript>\n\t<script type=\"application\/json\" class=\"wp-playlist-script\">{\"type\":\"audio\",\"tracklist\":true,\"tracknumbers\":true,\"images\":true,\"artists\":true,\"tracks\":[{\"src\":\"https:\/\/radcompodcasts.com.br\/wp-content\/uploads\/2025\/11\/CHAMADA-01-ANGELA-MARIA-1.mp3\",\"type\":\"audio\/mpeg\",\"title\":\"CHAMADA  PROGRAMA 01 - ANGELA MARIA\",\"caption\":\"\",\"description\":\"\\\"CHAMADA #01 - ANGELA MARIA\\\".\",\"meta\":{\"length_formatted\":\"0:45\"},\"image\":{\"src\":\"https:\/\/radcompodcasts.com.br\/wp-content\/uploads\/2025\/11\/CHAMADA-01-ANGELA-MARIA-1-mp3-image.jpg\",\"width\":1080,\"height\":1080},\"thumb\":{\"src\":\"https:\/\/radcompodcasts.com.br\/wp-content\/uploads\/2025\/11\/CHAMADA-01-ANGELA-MARIA-1-mp3-image-80x80.jpg\",\"width\":80,\"height\":80}}]}<\/script>\n<\/div>\n\t<\/div><\/div><br \/>\n<div id=\"av_player-3\" class=\"av-player av-player-container av-mmjuadxf-6b3cbcde8e517989b8e3c6f5f8ab5225 avia-playerstyle-classic av_player-3  avia-builder-el-4  el_after_av_player  el_before_av_player  avia-playlist-hide-cover\"><div class=\"av-player-player-container\"><div class=\"wp-playlist wp-audio-playlist wp-playlist-light\">\n\t\t\t<div class=\"wp-playlist-current-item\"><\/div>\n\t\t<audio controls=\"controls\" preload=\"none\" width=\"1478\"\n\t\t\t><\/audio>\n\t<div class=\"wp-playlist-next\"><\/div>\n\t<div class=\"wp-playlist-prev\"><\/div>\n\t<noscript>\n\t<ol>\n\t\t<li><a href='https:\/\/radcompodcasts.com.br\/wp-content\/uploads\/2025\/11\/CHAMADA-02-ANGELA-MARIA-1.mp3'>CHAMADA PROGRAMA 02 - ANGELA MARIA<\/a><\/li>\t<\/ol>\n\t<\/noscript>\n\t<script type=\"application\/json\" class=\"wp-playlist-script\">{\"type\":\"audio\",\"tracklist\":true,\"tracknumbers\":true,\"images\":true,\"artists\":true,\"tracks\":[{\"src\":\"https:\/\/radcompodcasts.com.br\/wp-content\/uploads\/2025\/11\/CHAMADA-02-ANGELA-MARIA-1.mp3\",\"type\":\"audio\/mpeg\",\"title\":\"CHAMADA PROGRAMA 02 - ANGELA MARIA\",\"caption\":\"\",\"description\":\"\\\"CHAMADA #02 - ANGELA MARIA\\\".\",\"meta\":{\"length_formatted\":\"0:52\"},\"image\":{\"src\":\"https:\/\/radcompodcasts.com.br\/wp-content\/uploads\/2025\/11\/CHAMADA-02-ANGELA-MARIA-1-mp3-image.jpg\",\"width\":1080,\"height\":1080},\"thumb\":{\"src\":\"https:\/\/radcompodcasts.com.br\/wp-content\/uploads\/2025\/11\/CHAMADA-02-ANGELA-MARIA-1-mp3-image-80x80.jpg\",\"width\":80,\"height\":80}}]}<\/script>\n<\/div>\n\t<\/div><\/div><br \/>\n<div id=\"av_player-4\" class=\"av-player av-player-container av-mmjuayu8-de779110bc46868a7e997fe5b8ef87e5 avia-playerstyle-classic av_player-4  avia-builder-el-5  el_after_av_player  el_before_av_player  avia-playlist-hide-cover\"><div class=\"av-player-player-container\"><div class=\"wp-playlist wp-audio-playlist wp-playlist-light\">\n\t\t\t<div class=\"wp-playlist-current-item\"><\/div>\n\t\t<audio controls=\"controls\" preload=\"none\" width=\"1478\"\n\t\t\t><\/audio>\n\t<div class=\"wp-playlist-next\"><\/div>\n\t<div class=\"wp-playlist-prev\"><\/div>\n\t<noscript>\n\t<ol>\n\t\t<li><a href='https:\/\/radcompodcasts.com.br\/wp-content\/uploads\/2025\/11\/CHAMADA-03-ANGELA-MARIA-1.mp3'>CHAMADA  PROGRAMA 03 - ANGELA MARIA<\/a><\/li>\t<\/ol>\n\t<\/noscript>\n\t<script type=\"application\/json\" class=\"wp-playlist-script\">{\"type\":\"audio\",\"tracklist\":true,\"tracknumbers\":true,\"images\":true,\"artists\":true,\"tracks\":[{\"src\":\"https:\/\/radcompodcasts.com.br\/wp-content\/uploads\/2025\/11\/CHAMADA-03-ANGELA-MARIA-1.mp3\",\"type\":\"audio\/mpeg\",\"title\":\"CHAMADA  PROGRAMA 03 - ANGELA MARIA\",\"caption\":\"\",\"description\":\"\\\"CHAMADA #03 - ANGELA MARIA\\\".\",\"meta\":{\"length_formatted\":\"1:04\"},\"image\":{\"src\":\"https:\/\/radcompodcasts.com.br\/wp-content\/uploads\/2025\/11\/CHAMADA-03-ANGELA-MARIA-1-mp3-image.jpg\",\"width\":1080,\"height\":1080},\"thumb\":{\"src\":\"https:\/\/radcompodcasts.com.br\/wp-content\/uploads\/2025\/11\/CHAMADA-03-ANGELA-MARIA-1-mp3-image-80x80.jpg\",\"width\":80,\"height\":80}}]}<\/script>\n<\/div>\n\t<\/div><\/div><br \/>\n<div id=\"av_player-5\" class=\"av-player av-player-container av-mmjubicd-e38f284a34d45d02eb90600a8a2f5d4b avia-playerstyle-classic av_player-5  avia-builder-el-6  el_after_av_player  el_before_av_player  avia-playlist-hide-cover\"><div class=\"av-player-player-container\"><div class=\"wp-playlist wp-audio-playlist wp-playlist-light\">\n\t\t\t<div class=\"wp-playlist-current-item\"><\/div>\n\t\t<audio controls=\"controls\" preload=\"none\" width=\"1478\"\n\t\t\t><\/audio>\n\t<div class=\"wp-playlist-next\"><\/div>\n\t<div class=\"wp-playlist-prev\"><\/div>\n\t<noscript>\n\t<ol>\n\t\t<li><a href='https:\/\/radcompodcasts.com.br\/wp-content\/uploads\/2025\/11\/CHAMADA-04-ANGELA-MARIA-1.mp3'>CHAMADA PROGRAMA 04 - ANGELA MARIA<\/a><\/li>\t<\/ol>\n\t<\/noscript>\n\t<script type=\"application\/json\" class=\"wp-playlist-script\">{\"type\":\"audio\",\"tracklist\":true,\"tracknumbers\":true,\"images\":true,\"artists\":true,\"tracks\":[{\"src\":\"https:\/\/radcompodcasts.com.br\/wp-content\/uploads\/2025\/11\/CHAMADA-04-ANGELA-MARIA-1.mp3\",\"type\":\"audio\/mpeg\",\"title\":\"CHAMADA PROGRAMA 04 - ANGELA MARIA\",\"caption\":\"\",\"description\":\"\\\"CHAMADA #04 - ANGELA MARIA\\\".\",\"meta\":{\"length_formatted\":\"0:51\"},\"image\":{\"src\":\"https:\/\/radcompodcasts.com.br\/wp-content\/uploads\/2025\/11\/CHAMADA-04-ANGELA-MARIA-1-mp3-image.jpg\",\"width\":1080,\"height\":1080},\"thumb\":{\"src\":\"https:\/\/radcompodcasts.com.br\/wp-content\/uploads\/2025\/11\/CHAMADA-04-ANGELA-MARIA-1-mp3-image-80x80.jpg\",\"width\":80,\"height\":80}}]}<\/script>\n<\/div>\n\t<\/div><\/div><br \/>\n<div id=\"av_player-6\" class=\"av-player av-player-container av-mmjuc0l6-1782db30ad6e980f43729c8afd849ee2 avia-playerstyle-classic av_player-6  avia-builder-el-7  el_after_av_player  el_before_av_player  avia-playlist-hide-cover\"><div class=\"av-player-player-container\"><div class=\"wp-playlist wp-audio-playlist wp-playlist-light\">\n\t\t\t<div class=\"wp-playlist-current-item\"><\/div>\n\t\t<audio controls=\"controls\" preload=\"none\" width=\"1478\"\n\t\t\t><\/audio>\n\t<div class=\"wp-playlist-next\"><\/div>\n\t<div class=\"wp-playlist-prev\"><\/div>\n\t<noscript>\n\t<ol>\n\t\t<li><a href='https:\/\/radcompodcasts.com.br\/wp-content\/uploads\/2025\/11\/CHAMADA-05-ANGELA-MARIA-1.mp3'>CHAMADA PROGRAMA 05 - ANGELA MARIA<\/a><\/li>\t<\/ol>\n\t<\/noscript>\n\t<script type=\"application\/json\" class=\"wp-playlist-script\">{\"type\":\"audio\",\"tracklist\":true,\"tracknumbers\":true,\"images\":true,\"artists\":true,\"tracks\":[{\"src\":\"https:\/\/radcompodcasts.com.br\/wp-content\/uploads\/2025\/11\/CHAMADA-05-ANGELA-MARIA-1.mp3\",\"type\":\"audio\/mpeg\",\"title\":\"CHAMADA PROGRAMA 05 - ANGELA MARIA\",\"caption\":\"\",\"description\":\"\\\"CHAMADA #05 - ANGELA MARIA\\\".\",\"meta\":{\"length_formatted\":\"0:52\"},\"image\":{\"src\":\"https:\/\/radcompodcasts.com.br\/wp-content\/uploads\/2025\/11\/CHAMADA-05-ANGELA-MARIA-1-mp3-image.jpg\",\"width\":1080,\"height\":1080},\"thumb\":{\"src\":\"https:\/\/radcompodcasts.com.br\/wp-content\/uploads\/2025\/11\/CHAMADA-05-ANGELA-MARIA-1-mp3-image-80x80.jpg\",\"width\":80,\"height\":80}}]}<\/script>\n<\/div>\n\t<\/div><\/div><br \/>\n<div id=\"av_player-7\" class=\"av-player av-player-container av-mmjuch1v-e3027001e21a0422093c2615eaa17eae avia-playerstyle-classic av_player-7  avia-builder-el-8  el_after_av_player  avia-builder-el-last  avia-playlist-hide-cover\"><div class=\"av-player-player-container\"><div class=\"wp-playlist wp-audio-playlist wp-playlist-light\">\n\t\t\t<div class=\"wp-playlist-current-item\"><\/div>\n\t\t<audio controls=\"controls\" preload=\"none\" width=\"1478\"\n\t\t\t><\/audio>\n\t<div class=\"wp-playlist-next\"><\/div>\n\t<div class=\"wp-playlist-prev\"><\/div>\n\t<noscript>\n\t<ol>\n\t\t<li><a href='https:\/\/radcompodcasts.com.br\/wp-content\/uploads\/2025\/11\/CHAMADA-06-ANGELA-MARIA-1.mp3'>CHAMADA PROGRAMA 06 - ANGELA MARIA<\/a><\/li>\t<\/ol>\n\t<\/noscript>\n\t<script type=\"application\/json\" class=\"wp-playlist-script\">{\"type\":\"audio\",\"tracklist\":true,\"tracknumbers\":true,\"images\":true,\"artists\":true,\"tracks\":[{\"src\":\"https:\/\/radcompodcasts.com.br\/wp-content\/uploads\/2025\/11\/CHAMADA-06-ANGELA-MARIA-1.mp3\",\"type\":\"audio\/mpeg\",\"title\":\"CHAMADA PROGRAMA 06 - ANGELA MARIA\",\"caption\":\"\",\"description\":\"\\\"CHAMADA #06 - ANGELA MARIA\\\".\",\"meta\":{\"length_formatted\":\"0:57\"},\"image\":{\"src\":\"https:\/\/radcompodcasts.com.br\/wp-content\/uploads\/2025\/11\/CHAMADA-06-ANGELA-MARIA-1-mp3-image.jpg\",\"width\":1080,\"height\":1080},\"thumb\":{\"src\":\"https:\/\/radcompodcasts.com.br\/wp-content\/uploads\/2025\/11\/CHAMADA-06-ANGELA-MARIA-1-mp3-image-80x80.jpg\",\"width\":80,\"height\":80}}]}<\/script>\n<\/div>\n\t<\/div><\/div><\/p><\/div>\n","protected":false},"excerpt":{"rendered":"","protected":false},"author":1,"featured_media":0,"parent":0,"menu_order":0,"comment_status":"closed","ping_status":"closed","template":"","meta":{"footnotes":""},"class_list":["post-287","page","type-page","status-publish","hentry"],"_links":{"self":[{"href":"https:\/\/radcompodcasts.com.br\/index.php\/wp-json\/wp\/v2\/pages\/287","targetHints":{"allow":["GET"]}}],"collection":[{"href":"https:\/\/radcompodcasts.com.br\/index.php\/wp-json\/wp\/v2\/pages"}],"about":[{"href":"https:\/\/radcompodcasts.com.br\/index.php\/wp-json\/wp\/v2\/types\/page"}],"author":[{"embeddable":true,"href":"https:\/\/radcompodcasts.com.br\/index.php\/wp-json\/wp\/v2\/users\/1"}],"replies":[{"embeddable":true,"href":"https:\/\/radcompodcasts.com.br\/index.php\/wp-json\/wp\/v2\/comments?post=287"}],"version-history":[{"count":5,"href":"https:\/\/radcompodcasts.com.br\/index.php\/wp-json\/wp\/v2\/pages\/287\/revisions"}],"predecessor-version":[{"id":1429,"href":"https:\/\/radcompodcasts.com.br\/index.php\/wp-json\/wp\/v2\/pages\/287\/revisions\/1429"}],"wp:attachment":[{"href":"https:\/\/radcompodcasts.com.br\/index.php\/wp-json\/wp\/v2\/media?parent=287"}],"curies":[{"name":"wp","href":"https:\/\/api.w.org\/{rel}","templated":true}]}}