{"id":486,"date":"2025-11-29T03:56:21","date_gmt":"2025-11-29T03:56:21","guid":{"rendered":"https:\/\/radcompodcasts.com.br\/?page_id=486"},"modified":"2025-11-29T03:56:21","modified_gmt":"2025-11-29T03:56:21","slug":"proac-2024-companhia-vera-cruz-da-consagracao-ao-legado-radio-princesa","status":"publish","type":"page","link":"https:\/\/radcompodcasts.com.br\/index.php\/proac-2024-companhia-vera-cruz-da-consagracao-ao-legado-radio-princesa\/","title":{"rendered":"PROAC 2024 &#8211; Companhia Vera Cruz &#8211; da consagra\u00e7\u00e3o ao legado &#8211; R\u00e1dio Princesa"},"content":{"rendered":"<div  class='flex_column av-av_one_full-dfffed1c4949eead95ef84c3cc332849 av_one_full  avia-builder-el-0  avia-builder-el-no-sibling  first flex_column_div  '     ><p>\n<style type=\"text\/css\" data-created_by=\"avia_inline_auto\" id=\"style-css-av-mijrdocc-d5f4c5c0211eaee52d33ea48118beaad\">\n#top .av-special-heading.av-mijrdocc-d5f4c5c0211eaee52d33ea48118beaad{\npadding-bottom:10px;\n}\nbody .av-special-heading.av-mijrdocc-d5f4c5c0211eaee52d33ea48118beaad .av-special-heading-tag .heading-char{\nfont-size:25px;\n}\n.av-special-heading.av-mijrdocc-d5f4c5c0211eaee52d33ea48118beaad .av-subheading{\nfont-size:15px;\n}\n<\/style>\n<div  class='av-special-heading av-mijrdocc-d5f4c5c0211eaee52d33ea48118beaad av-special-heading-h2 blockquote modern-quote  avia-builder-el-1  el_before_av_codeblock  avia-builder-el-first '><div class='av-subheading av-subheading_above'><p>PROAC<\/p>\n<\/div><h2 class='av-special-heading-tag'  itemprop=\"headline\"  >Companhia Vera Cruz &#8211; da consagra\u00e7\u00e3o ao legado<\/h2><div class=\"special-heading-border\"><div class=\"special-heading-inner-border\"><\/div><\/div><\/div><br \/>\n<\/p><\/div>\n","protected":false},"excerpt":{"rendered":"","protected":false},"author":1,"featured_media":0,"parent":0,"menu_order":0,"comment_status":"closed","ping_status":"closed","template":"","meta":{"footnotes":""},"class_list":["post-486","page","type-page","status-publish","hentry"],"_links":{"self":[{"href":"https:\/\/radcompodcasts.com.br\/index.php\/wp-json\/wp\/v2\/pages\/486","targetHints":{"allow":["GET"]}}],"collection":[{"href":"https:\/\/radcompodcasts.com.br\/index.php\/wp-json\/wp\/v2\/pages"}],"about":[{"href":"https:\/\/radcompodcasts.com.br\/index.php\/wp-json\/wp\/v2\/types\/page"}],"author":[{"embeddable":true,"href":"https:\/\/radcompodcasts.com.br\/index.php\/wp-json\/wp\/v2\/users\/1"}],"replies":[{"embeddable":true,"href":"https:\/\/radcompodcasts.com.br\/index.php\/wp-json\/wp\/v2\/comments?post=486"}],"version-history":[{"count":2,"href":"https:\/\/radcompodcasts.com.br\/index.php\/wp-json\/wp\/v2\/pages\/486\/revisions"}],"predecessor-version":[{"id":502,"href":"https:\/\/radcompodcasts.com.br\/index.php\/wp-json\/wp\/v2\/pages\/486\/revisions\/502"}],"wp:attachment":[{"href":"https:\/\/radcompodcasts.com.br\/index.php\/wp-json\/wp\/v2\/media?parent=486"}],"curies":[{"name":"wp","href":"https:\/\/api.w.org\/{rel}","templated":true}]}}