{"id":670,"date":"2025-12-05T18:54:20","date_gmt":"2025-12-05T18:54:20","guid":{"rendered":"https:\/\/radcompodcasts.com.br\/?page_id=670"},"modified":"2026-01-22T17:17:19","modified_gmt":"2026-01-22T17:17:19","slug":"proac-2024-a-influencia-da-imigracao-italiana-na-cultura-de-sao-roque-coluna-sao-roque","status":"publish","type":"page","link":"https:\/\/radcompodcasts.com.br\/index.php\/proac-2024-a-influencia-da-imigracao-italiana-na-cultura-de-sao-roque-coluna-sao-roque\/","title":{"rendered":"PROAC 2024 &#8211; A influ\u00eancia da imigra\u00e7\u00e3o italiana na cultura de S\u00e3o Roque &#8211; Coluna &#8211; S\u00e3o Roque"},"content":{"rendered":"<div  class='flex_column av-av_one_full-dfffed1c4949eead95ef84c3cc332849 av_one_full  avia-builder-el-0  avia-builder-el-no-sibling  first flex_column_div  '     ><p>\n<style type=\"text\/css\" data-created_by=\"avia_inline_auto\" id=\"style-css-av-mit83wwg-ca2aae2ae49d6d597c995f0efe2f5a88\">\n#top .av-special-heading.av-mit83wwg-ca2aae2ae49d6d597c995f0efe2f5a88{\npadding-bottom:10px;\n}\nbody .av-special-heading.av-mit83wwg-ca2aae2ae49d6d597c995f0efe2f5a88 .av-special-heading-tag .heading-char{\nfont-size:25px;\n}\n.av-special-heading.av-mit83wwg-ca2aae2ae49d6d597c995f0efe2f5a88 .av-subheading{\nfont-size:15px;\n}\n<\/style>\n<div  class='av-special-heading av-mit83wwg-ca2aae2ae49d6d597c995f0efe2f5a88 av-special-heading-h2 blockquote modern-quote  avia-builder-el-1  el_before_av_codeblock  avia-builder-el-first '><div class='av-subheading av-subheading_above'><p>PROAC<\/p>\n<\/div><h2 class='av-special-heading-tag'  itemprop=\"headline\"  >A influ\u00eancia da imigra\u00e7\u00e3o italiana na cultura de S\u00e3o Roque<\/h2><div class=\"special-heading-border\"><div class=\"special-heading-inner-border\"><\/div><\/div><\/div><br \/>\n<\/p><\/div>\n","protected":false},"excerpt":{"rendered":"","protected":false},"author":1,"featured_media":0,"parent":0,"menu_order":0,"comment_status":"closed","ping_status":"closed","template":"","meta":{"footnotes":""},"class_list":["post-670","page","type-page","status-publish","hentry"],"_links":{"self":[{"href":"https:\/\/radcompodcasts.com.br\/index.php\/wp-json\/wp\/v2\/pages\/670","targetHints":{"allow":["GET"]}}],"collection":[{"href":"https:\/\/radcompodcasts.com.br\/index.php\/wp-json\/wp\/v2\/pages"}],"about":[{"href":"https:\/\/radcompodcasts.com.br\/index.php\/wp-json\/wp\/v2\/types\/page"}],"author":[{"embeddable":true,"href":"https:\/\/radcompodcasts.com.br\/index.php\/wp-json\/wp\/v2\/users\/1"}],"replies":[{"embeddable":true,"href":"https:\/\/radcompodcasts.com.br\/index.php\/wp-json\/wp\/v2\/comments?post=670"}],"version-history":[{"count":2,"href":"https:\/\/radcompodcasts.com.br\/index.php\/wp-json\/wp\/v2\/pages\/670\/revisions"}],"predecessor-version":[{"id":672,"href":"https:\/\/radcompodcasts.com.br\/index.php\/wp-json\/wp\/v2\/pages\/670\/revisions\/672"}],"wp:attachment":[{"href":"https:\/\/radcompodcasts.com.br\/index.php\/wp-json\/wp\/v2\/media?parent=670"}],"curies":[{"name":"wp","href":"https:\/\/api.w.org\/{rel}","templated":true}]}}