{"id":700,"date":"2025-12-06T02:43:21","date_gmt":"2025-12-06T02:43:21","guid":{"rendered":"https:\/\/radcompodcasts.com.br\/?page_id=700"},"modified":"2025-12-06T02:43:21","modified_gmt":"2025-12-06T02:43:21","slug":"chamadas-programa-a-influencia-da-imigracao-italiana-na-cultura-de-sao-roque","status":"publish","type":"page","link":"https:\/\/radcompodcasts.com.br\/index.php\/chamadas-programa-a-influencia-da-imigracao-italiana-na-cultura-de-sao-roque\/","title":{"rendered":"Chamadas Programa A influ\u00eancia da imigra\u00e7\u00e3o italiana na cultura de S\u00e3o Roque"},"content":{"rendered":"<div  class='flex_column av-av_one_full-dfffed1c4949eead95ef84c3cc332849 av_one_full  avia-builder-el-0  avia-builder-el-no-sibling  first flex_column_div  '     ><p>\n<style type=\"text\/css\" data-created_by=\"avia_inline_auto\" id=\"style-css-av-mitouoqf-b2adb63e678d173225f38309ca800fd4\">\n#top .av-special-heading.av-mitouoqf-b2adb63e678d173225f38309ca800fd4{\npadding-bottom:10px;\n}\nbody .av-special-heading.av-mitouoqf-b2adb63e678d173225f38309ca800fd4 .av-special-heading-tag .heading-char{\nfont-size:25px;\n}\n.av-special-heading.av-mitouoqf-b2adb63e678d173225f38309ca800fd4 .av-subheading{\nfont-size:15px;\n}\n<\/style>\n<div  class='av-special-heading av-mitouoqf-b2adb63e678d173225f38309ca800fd4 av-special-heading-h2 blockquote modern-quote  avia-builder-el-1  el_before_av_player  avia-builder-el-first '><div class='av-subheading av-subheading_above'><p>PROAC<\/p>\n<\/div><h2 class='av-special-heading-tag'  itemprop=\"headline\"  >Chamadas Programa A influ\u00eancia da imigra\u00e7\u00e3o italiana na cultura de S\u00e3o Roque<\/h2><div class=\"special-heading-border\"><div class=\"special-heading-inner-border\"><\/div><\/div><\/div><br \/>\n<div id=\"av_player-1\" class=\"av-player av-player-container av-mitovljc-3cb3abe6e2c8a609194281832f67cc78 avia-playerstyle-classic av_player-1  avia-builder-el-2  el_after_av_heading  avia-builder-el-last  first avia-playlist-hide-cover\"><div class=\"av-player-player-container\"><div class=\"wp-playlist wp-audio-playlist wp-playlist-light\">\n\t\t\t<div class=\"wp-playlist-current-item\"><\/div>\n\t\t<audio controls=\"controls\" preload=\"none\" width=\"1478\"\n\t\t\t><\/audio>\n\t<div class=\"wp-playlist-next\"><\/div>\n\t<div class=\"wp-playlist-prev\"><\/div>\n\t<noscript>\n\t<ol>\n\t\t<li><a href='https:\/\/radcompodcasts.com.br\/wp-content\/uploads\/2025\/12\/CHAMADA-0-INFLUENCIA-ITALIANA-EM-SA\u0303O-ROQUE.mp3'>CHAMADA #0 - INFLUENCIA ITALIANA EM SA\u0303O ROQUE<\/a><\/li><li><a href='https:\/\/radcompodcasts.com.br\/wp-content\/uploads\/2025\/12\/CHAMADA-1-INFLUENCIA-ITALIANA-EM-SA\u0303O-ROQUE.mp3'>CHAMADA #1 - INFLUENCIA ITALIANA EM SA\u0303O ROQUE<\/a><\/li><li><a href='https:\/\/radcompodcasts.com.br\/wp-content\/uploads\/2025\/12\/CHAMADA-2-INFLUENCIA-ITALIANA-EM-SA\u0303O-ROQUE.mp3'>CHAMADA #2 - INFLUENCIA ITALIANA EM SA\u0303O ROQUE<\/a><\/li><li><a href='https:\/\/radcompodcasts.com.br\/wp-content\/uploads\/2025\/12\/CHAMADA-3-INFLUENCIA-ITALIANA-EM-SA\u0303O-ROQUE.mp3'>CHAMADA #3 - INFLUENCIA ITALIANA EM SA\u0303O ROQUE<\/a><\/li><li><a href='https:\/\/radcompodcasts.com.br\/wp-content\/uploads\/2025\/12\/CHAMADA-4-INFLUENCIA-ITALIANA-EM-SA\u0303O-ROQUE.mp3'>CHAMADA #4 - INFLUENCIA ITALIANA EM SA\u0303O ROQUE<\/a><\/li>\t<\/ol>\n\t<\/noscript>\n\t<script type=\"application\/json\" class=\"wp-playlist-script\">{\"type\":\"audio\",\"tracklist\":true,\"tracknumbers\":true,\"images\":true,\"artists\":true,\"tracks\":[{\"src\":\"https:\/\/radcompodcasts.com.br\/wp-content\/uploads\/2025\/12\/CHAMADA-0-INFLUENCIA-ITALIANA-EM-SA\\u0303O-ROQUE.mp3\",\"type\":\"audio\/mpeg\",\"title\":\"CHAMADA #0 - INFLUENCIA ITALIANA EM SA\\u0303O ROQUE\",\"caption\":\"\",\"description\":\"\\\"CHAMADA #0 - INFLUENCIA ITALIANA EM SA\\u0303O ROQUE\\\".\",\"meta\":{\"length_formatted\":\"0:53\"},\"image\":{\"src\":\"https:\/\/radcompodcasts.com.br\/wp-content\/uploads\/2025\/12\/CHAMADA-0-INFLUENCIA-ITALIANA-EM-SA\\u0303O-ROQUE-mp3-image.jpg\",\"width\":1080,\"height\":1080},\"thumb\":{\"src\":\"https:\/\/radcompodcasts.com.br\/wp-content\/uploads\/2025\/12\/CHAMADA-0-INFLUENCIA-ITALIANA-EM-SA\\u0303O-ROQUE-mp3-image-80x80.jpg\",\"width\":80,\"height\":80}},{\"src\":\"https:\/\/radcompodcasts.com.br\/wp-content\/uploads\/2025\/12\/CHAMADA-1-INFLUENCIA-ITALIANA-EM-SA\\u0303O-ROQUE.mp3\",\"type\":\"audio\/mpeg\",\"title\":\"CHAMADA #1 - INFLUENCIA ITALIANA EM SA\\u0303O ROQUE\",\"caption\":\"\",\"description\":\"\\\"CHAMADA #1 - INFLUENCIA ITALIANA EM SA\\u0303O ROQUE\\\".\",\"meta\":{\"length_formatted\":\"0:48\"},\"image\":{\"src\":\"https:\/\/radcompodcasts.com.br\/wp-content\/uploads\/2025\/12\/CHAMADA-1-INFLUENCIA-ITALIANA-EM-SA\\u0303O-ROQUE-mp3-image.jpg\",\"width\":1080,\"height\":1080},\"thumb\":{\"src\":\"https:\/\/radcompodcasts.com.br\/wp-content\/uploads\/2025\/12\/CHAMADA-1-INFLUENCIA-ITALIANA-EM-SA\\u0303O-ROQUE-mp3-image-80x80.jpg\",\"width\":80,\"height\":80}},{\"src\":\"https:\/\/radcompodcasts.com.br\/wp-content\/uploads\/2025\/12\/CHAMADA-2-INFLUENCIA-ITALIANA-EM-SA\\u0303O-ROQUE.mp3\",\"type\":\"audio\/mpeg\",\"title\":\"CHAMADA #2 - INFLUENCIA ITALIANA EM SA\\u0303O ROQUE\",\"caption\":\"\",\"description\":\"\\\"CHAMADA #2 - INFLUENCIA ITALIANA EM SA\\u0303O ROQUE\\\".\",\"meta\":{\"length_formatted\":\"0:52\"},\"image\":{\"src\":\"https:\/\/radcompodcasts.com.br\/wp-content\/uploads\/2025\/12\/CHAMADA-2-INFLUENCIA-ITALIANA-EM-SA\\u0303O-ROQUE-mp3-image.jpg\",\"width\":1080,\"height\":1080},\"thumb\":{\"src\":\"https:\/\/radcompodcasts.com.br\/wp-content\/uploads\/2025\/12\/CHAMADA-2-INFLUENCIA-ITALIANA-EM-SA\\u0303O-ROQUE-mp3-image-80x80.jpg\",\"width\":80,\"height\":80}},{\"src\":\"https:\/\/radcompodcasts.com.br\/wp-content\/uploads\/2025\/12\/CHAMADA-3-INFLUENCIA-ITALIANA-EM-SA\\u0303O-ROQUE.mp3\",\"type\":\"audio\/mpeg\",\"title\":\"CHAMADA #3 - INFLUENCIA ITALIANA EM SA\\u0303O ROQUE\",\"caption\":\"\",\"description\":\"\\\"CHAMADA #3 - INFLUENCIA ITALIANA EM SA\\u0303O ROQUE\\\".\",\"meta\":{\"length_formatted\":\"0:49\"},\"image\":{\"src\":\"https:\/\/radcompodcasts.com.br\/wp-content\/uploads\/2025\/12\/CHAMADA-3-INFLUENCIA-ITALIANA-EM-SA\\u0303O-ROQUE-mp3-image.jpg\",\"width\":1080,\"height\":1080},\"thumb\":{\"src\":\"https:\/\/radcompodcasts.com.br\/wp-content\/uploads\/2025\/12\/CHAMADA-3-INFLUENCIA-ITALIANA-EM-SA\\u0303O-ROQUE-mp3-image-80x80.jpg\",\"width\":80,\"height\":80}},{\"src\":\"https:\/\/radcompodcasts.com.br\/wp-content\/uploads\/2025\/12\/CHAMADA-4-INFLUENCIA-ITALIANA-EM-SA\\u0303O-ROQUE.mp3\",\"type\":\"audio\/mpeg\",\"title\":\"CHAMADA #4 - INFLUENCIA ITALIANA EM SA\\u0303O ROQUE\",\"caption\":\"\",\"description\":\"\\\"CHAMADA #4 - INFLUENCIA ITALIANA EM SA\\u0303O ROQUE\\\".\",\"meta\":{\"length_formatted\":\"0:48\"},\"image\":{\"src\":\"https:\/\/radcompodcasts.com.br\/wp-content\/uploads\/2025\/12\/CHAMADA-4-INFLUENCIA-ITALIANA-EM-SA\\u0303O-ROQUE-mp3-image.jpg\",\"width\":1080,\"height\":1080},\"thumb\":{\"src\":\"https:\/\/radcompodcasts.com.br\/wp-content\/uploads\/2025\/12\/CHAMADA-4-INFLUENCIA-ITALIANA-EM-SA\\u0303O-ROQUE-mp3-image-80x80.jpg\",\"width\":80,\"height\":80}}]}<\/script>\n<\/div>\n\t<\/div><\/div><\/p><\/div>\n","protected":false},"excerpt":{"rendered":"","protected":false},"author":1,"featured_media":0,"parent":0,"menu_order":0,"comment_status":"closed","ping_status":"closed","template":"","meta":{"footnotes":""},"class_list":["post-700","page","type-page","status-publish","hentry"],"_links":{"self":[{"href":"https:\/\/radcompodcasts.com.br\/index.php\/wp-json\/wp\/v2\/pages\/700","targetHints":{"allow":["GET"]}}],"collection":[{"href":"https:\/\/radcompodcasts.com.br\/index.php\/wp-json\/wp\/v2\/pages"}],"about":[{"href":"https:\/\/radcompodcasts.com.br\/index.php\/wp-json\/wp\/v2\/types\/page"}],"author":[{"embeddable":true,"href":"https:\/\/radcompodcasts.com.br\/index.php\/wp-json\/wp\/v2\/users\/1"}],"replies":[{"embeddable":true,"href":"https:\/\/radcompodcasts.com.br\/index.php\/wp-json\/wp\/v2\/comments?post=700"}],"version-history":[{"count":1,"href":"https:\/\/radcompodcasts.com.br\/index.php\/wp-json\/wp\/v2\/pages\/700\/revisions"}],"predecessor-version":[{"id":711,"href":"https:\/\/radcompodcasts.com.br\/index.php\/wp-json\/wp\/v2\/pages\/700\/revisions\/711"}],"wp:attachment":[{"href":"https:\/\/radcompodcasts.com.br\/index.php\/wp-json\/wp\/v2\/media?parent=700"}],"curies":[{"name":"wp","href":"https:\/\/api.w.org\/{rel}","templated":true}]}}