{"id":859,"date":"2026-01-30T19:41:18","date_gmt":"2026-01-30T19:41:18","guid":{"rendered":"https:\/\/radcompodcasts.com.br\/?page_id=859"},"modified":"2026-01-30T19:41:18","modified_gmt":"2026-01-30T19:41:18","slug":"chamadas-cursos-de-formacao-9-edital","status":"publish","type":"page","link":"https:\/\/radcompodcasts.com.br\/index.php\/chamadas-cursos-de-formacao-9-edital\/","title":{"rendered":"Chamadas Cursos de Forma\u00e7\u00e3o 9 Edital"},"content":{"rendered":"<div  class='flex_column av-av_one_full-dfffed1c4949eead95ef84c3cc332849 av_one_full  avia-builder-el-0  avia-builder-el-no-sibling  first flex_column_div  '     ><p>\n<style type=\"text\/css\" data-created_by=\"avia_inline_auto\" id=\"style-css-av-ml1a33l3-59d80a7dcb7920a704ff860ef96d6423\">\n#top .av-special-heading.av-ml1a33l3-59d80a7dcb7920a704ff860ef96d6423{\npadding-bottom:10px;\n}\nbody .av-special-heading.av-ml1a33l3-59d80a7dcb7920a704ff860ef96d6423 .av-special-heading-tag .heading-char{\nfont-size:25px;\n}\n.av-special-heading.av-ml1a33l3-59d80a7dcb7920a704ff860ef96d6423 .av-subheading{\nfont-size:15px;\n}\n<\/style>\n<div  class='av-special-heading av-ml1a33l3-59d80a7dcb7920a704ff860ef96d6423 av-special-heading-h2 blockquote modern-quote  avia-builder-el-1  el_before_av_player  avia-builder-el-first '><div class='av-subheading av-subheading_above'><p>9\u00aa Edi\u00e7\u00e3o do Programa Municipal de Fomento ao Servi\u00e7o de Radiodifus\u00e3o Comunit\u00e1ria<\/p>\n<\/div><h2 class='av-special-heading-tag'  itemprop=\"headline\"  >Chamadas Cursos de Forma\u00e7\u00e3o<\/h2><div class=\"special-heading-border\"><div class=\"special-heading-inner-border\"><\/div><\/div><\/div><br \/>\n<div id=\"av_player-1\" class=\"av-player av-player-container av-ml1afbi3-98ce0466db6636b001f0306f6dd03164 avia-playerstyle-classic av_player-1  avia-builder-el-2  el_after_av_heading  avia-builder-el-last  first avia-playlist-hide-cover\"><div class=\"av-player-player-container\"><div class=\"wp-playlist wp-audio-playlist wp-playlist-light\">\n\t\t\t<div class=\"wp-playlist-current-item\"><\/div>\n\t\t<audio controls=\"controls\" preload=\"none\" width=\"1478\"\n\t\t\t><\/audio>\n\t<div class=\"wp-playlist-next\"><\/div>\n\t<div class=\"wp-playlist-prev\"><\/div>\n\t<noscript>\n\t<ol>\n\t\t<li><a href='https:\/\/radcompodcasts.com.br\/wp-content\/uploads\/2026\/01\/CHAMADA-CURSO-INTEIRAAC\u0327A\u0303O.mp3'>CHAMADA - CURSO - INTEIRAAC\u0327A\u0303O<\/a><\/li><li><a href='https:\/\/radcompodcasts.com.br\/wp-content\/uploads\/2026\/01\/CHAMADA-CURSO-JARAGUA\u0301.mp3.mp3'>CHAMADA - CURSO - JARAGUA\u0301.mp3<\/a><\/li><li><a href='https:\/\/radcompodcasts.com.br\/wp-content\/uploads\/2026\/01\/CHAMADA-CURSO-STARSUL.mp3.mp3'>CHAMADA - CURSO - STARSUL.mp3<\/a><\/li>\t<\/ol>\n\t<\/noscript>\n\t<script type=\"application\/json\" class=\"wp-playlist-script\">{\"type\":\"audio\",\"tracklist\":true,\"tracknumbers\":true,\"images\":true,\"artists\":true,\"tracks\":[{\"src\":\"https:\/\/radcompodcasts.com.br\/wp-content\/uploads\/2026\/01\/CHAMADA-CURSO-INTEIRAAC\\u0327A\\u0303O.mp3\",\"type\":\"audio\/mpeg\",\"title\":\"CHAMADA - CURSO - INTEIRAAC\\u0327A\\u0303O\",\"caption\":\"\",\"description\":\"\\\"CHAMADA - CURSO - INTEIRAAC\\u0327A\\u0303O\\\".\",\"meta\":{\"length_formatted\":\"0:41\"},\"image\":{\"src\":\"https:\/\/radcompodcasts.com.br\/wp-content\/uploads\/2026\/01\/CHAMADA-CURSO-INTEIRAAC\\u0327A\\u0303O-mp3-image.jpg\",\"width\":1080,\"height\":1080},\"thumb\":{\"src\":\"https:\/\/radcompodcasts.com.br\/wp-content\/uploads\/2026\/01\/CHAMADA-CURSO-INTEIRAAC\\u0327A\\u0303O-mp3-image-80x80.jpg\",\"width\":80,\"height\":80}},{\"src\":\"https:\/\/radcompodcasts.com.br\/wp-content\/uploads\/2026\/01\/CHAMADA-CURSO-JARAGUA\\u0301.mp3.mp3\",\"type\":\"audio\/mpeg\",\"title\":\"CHAMADA - CURSO - JARAGUA\\u0301.mp3\",\"caption\":\"\",\"description\":\"\\\"CHAMADA - CURSO - JARAGUA\\u0301.mp3\\\".\",\"meta\":{\"length_formatted\":\"0:36\"},\"image\":{\"src\":\"https:\/\/radcompodcasts.com.br\/wp-content\/uploads\/2026\/01\/CHAMADA-CURSO-JARAGUA\\u0301-mp3-mp3-image.jpg\",\"width\":1080,\"height\":1080},\"thumb\":{\"src\":\"https:\/\/radcompodcasts.com.br\/wp-content\/uploads\/2026\/01\/CHAMADA-CURSO-JARAGUA\\u0301-mp3-mp3-image-80x80.jpg\",\"width\":80,\"height\":80}},{\"src\":\"https:\/\/radcompodcasts.com.br\/wp-content\/uploads\/2026\/01\/CHAMADA-CURSO-STARSUL.mp3.mp3\",\"type\":\"audio\/mpeg\",\"title\":\"CHAMADA - CURSO - STARSUL.mp3\",\"caption\":\"\",\"description\":\"\\\"CHAMADA - CURSO - STARSUL.mp3\\\".\",\"meta\":{\"length_formatted\":\"0:36\"},\"image\":{\"src\":\"https:\/\/radcompodcasts.com.br\/wp-content\/uploads\/2026\/01\/CHAMADA-CURSO-STARSUL-mp3-mp3-image.jpg\",\"width\":1080,\"height\":1080},\"thumb\":{\"src\":\"https:\/\/radcompodcasts.com.br\/wp-content\/uploads\/2026\/01\/CHAMADA-CURSO-STARSUL-mp3-mp3-image-80x80.jpg\",\"width\":80,\"height\":80}}]}<\/script>\n<\/div>\n\t<\/div><\/div><\/p><\/div>\n","protected":false},"excerpt":{"rendered":"","protected":false},"author":1,"featured_media":0,"parent":0,"menu_order":0,"comment_status":"closed","ping_status":"closed","template":"","meta":{"footnotes":""},"class_list":["post-859","page","type-page","status-publish","hentry"],"_links":{"self":[{"href":"https:\/\/radcompodcasts.com.br\/index.php\/wp-json\/wp\/v2\/pages\/859","targetHints":{"allow":["GET"]}}],"collection":[{"href":"https:\/\/radcompodcasts.com.br\/index.php\/wp-json\/wp\/v2\/pages"}],"about":[{"href":"https:\/\/radcompodcasts.com.br\/index.php\/wp-json\/wp\/v2\/types\/page"}],"author":[{"embeddable":true,"href":"https:\/\/radcompodcasts.com.br\/index.php\/wp-json\/wp\/v2\/users\/1"}],"replies":[{"embeddable":true,"href":"https:\/\/radcompodcasts.com.br\/index.php\/wp-json\/wp\/v2\/comments?post=859"}],"version-history":[{"count":1,"href":"https:\/\/radcompodcasts.com.br\/index.php\/wp-json\/wp\/v2\/pages\/859\/revisions"}],"predecessor-version":[{"id":870,"href":"https:\/\/radcompodcasts.com.br\/index.php\/wp-json\/wp\/v2\/pages\/859\/revisions\/870"}],"wp:attachment":[{"href":"https:\/\/radcompodcasts.com.br\/index.php\/wp-json\/wp\/v2\/media?parent=859"}],"curies":[{"name":"wp","href":"https:\/\/api.w.org\/{rel}","templated":true}]}}