{"id":878,"date":"2026-02-20T23:33:59","date_gmt":"2026-02-20T23:33:59","guid":{"rendered":"https:\/\/radcompodcasts.com.br\/?page_id=878"},"modified":"2026-03-10T02:36:52","modified_gmt":"2026-03-10T02:36:52","slug":"campanha-democratizacao-proac-radio-paz","status":"publish","type":"page","link":"https:\/\/radcompodcasts.com.br\/index.php\/campanha-democratizacao-proac-radio-paz\/","title":{"rendered":"Campanha Democratiza\u00e7\u00e3o PROAC R\u00e1dio Paz"},"content":{"rendered":"<div  class='flex_column av-q8m2u-77888a06ae1e97555aedf4d8f9c98c1c av_one_full  avia-builder-el-0  avia-builder-el-no-sibling  first flex_column_div  '     ><p>\n<style type=\"text\/css\" data-created_by=\"avia_inline_auto\" id=\"style-css-av-mlviyv0v-8a1a78df382d110f4aba1b16f11f9553\">\n#top .av-special-heading.av-mlviyv0v-8a1a78df382d110f4aba1b16f11f9553{\npadding-bottom:10px;\nfont-size:24px;\n}\nbody .av-special-heading.av-mlviyv0v-8a1a78df382d110f4aba1b16f11f9553 .av-special-heading-tag .heading-char{\nfont-size:25px;\n}\n#top #wrap_all .av-special-heading.av-mlviyv0v-8a1a78df382d110f4aba1b16f11f9553 .av-special-heading-tag{\nfont-size:24px;\n}\n.av-special-heading.av-mlviyv0v-8a1a78df382d110f4aba1b16f11f9553 .av-subheading{\nfont-size:15px;\n}\n\n@media only screen and (min-width: 480px) and (max-width: 767px){ \n#top #wrap_all .av-special-heading.av-mlviyv0v-8a1a78df382d110f4aba1b16f11f9553 .av-special-heading-tag{\nfont-size:0.8em;\n}\n}\n\n@media only screen and (max-width: 479px){ \n#top #wrap_all .av-special-heading.av-mlviyv0v-8a1a78df382d110f4aba1b16f11f9553 .av-special-heading-tag{\nfont-size:0.8em;\n}\n}\n<\/style>\n<div  class='av-special-heading av-mlviyv0v-8a1a78df382d110f4aba1b16f11f9553 av-special-heading-h3 blockquote modern-quote  avia-builder-el-1  el_before_av_hr  avia-builder-el-first  av-inherit-size'><div class='av-subheading av-subheading_above'><p>PROAC<\/p>\n<\/div><h3 class='av-special-heading-tag'  itemprop=\"headline\"  >Campanha Democratiza\u00e7\u00e3o PROAC R\u00e1dio Paz<\/h3><div class=\"special-heading-border\"><div class=\"special-heading-inner-border\"><\/div><\/div><\/div><br \/>\n\n<style type=\"text\/css\" data-created_by=\"avia_inline_auto\" id=\"style-css-av-miycm-aedf48209122ecf52a1a565706b1161f\">\n#top .hr.hr-invisible.av-miycm-aedf48209122ecf52a1a565706b1161f{\nheight:20px;\n}\n<\/style>\n<div  class='hr av-miycm-aedf48209122ecf52a1a565706b1161f hr-invisible  avia-builder-el-2  el_after_av_heading  el_before_av_player '><span class='hr-inner '><span class=\"hr-inner-style\"><\/span><\/span><\/div><br \/>\n<div id=\"av_player-1\" class=\"av-player av-player-container av-mlvj0j2x-11610b075fa03e56faee404006e55562 avia-playerstyle-minimal av_player-1  avia-builder-el-3  el_after_av_hr  el_before_av_hr  av-player-hide-playlist first avia-playlist-hide-cover\"><div class=\"av-player-player-container\"><div class=\"wp-playlist wp-audio-playlist wp-playlist-light\">\n\t\t\t<div class=\"wp-playlist-current-item\"><\/div>\n\t\t<audio controls=\"controls\" preload=\"none\" width=\"1478\"\n\t\t\t><\/audio>\n\t<div class=\"wp-playlist-next\"><\/div>\n\t<div class=\"wp-playlist-prev\"><\/div>\n\t<noscript>\n\t<ol>\n\t\t<li><a href='https:\/\/radcompodcasts.com.br\/wp-content\/uploads\/2026\/02\/SPOT-1-RA\u0301DIO-PAZ.mp3'>SPOT 1 - RA\u0301DIO PAZ<\/a><\/li>\t<\/ol>\n\t<\/noscript>\n\t<script type=\"application\/json\" class=\"wp-playlist-script\">{\"type\":\"audio\",\"tracklist\":true,\"tracknumbers\":true,\"images\":true,\"artists\":true,\"tracks\":[{\"src\":\"https:\/\/radcompodcasts.com.br\/wp-content\/uploads\/2026\/02\/SPOT-1-RA\\u0301DIO-PAZ.mp3\",\"type\":\"audio\/mpeg\",\"title\":\"SPOT 1 - RA\\u0301DIO PAZ\",\"caption\":\"\",\"description\":\"\\\"SPOT 1 - RA\\u0301DIO PAZ\\\".\",\"meta\":{\"length_formatted\":\"1:15\"},\"image\":{\"src\":\"https:\/\/radcompodcasts.com.br\/wp-content\/uploads\/2026\/02\/SPOT-1-RA\\u0301DIO-PAZ-mp3-image.jpg\",\"width\":1080,\"height\":1350},\"thumb\":{\"src\":\"https:\/\/radcompodcasts.com.br\/wp-content\/uploads\/2026\/02\/SPOT-1-RA\\u0301DIO-PAZ-mp3-image-80x80.jpg\",\"width\":80,\"height\":80}}]}<\/script>\n<\/div>\n\t<\/div><\/div><br \/>\n\n<style type=\"text\/css\" data-created_by=\"avia_inline_auto\" id=\"style-css-av-12zuhi-587f0ad5520a4aa8f4bfe074382d388d\">\n#top .hr.hr-invisible.av-12zuhi-587f0ad5520a4aa8f4bfe074382d388d{\nheight:20px;\n}\n<\/style>\n<div  class='hr av-12zuhi-587f0ad5520a4aa8f4bfe074382d388d hr-invisible  avia-builder-el-4  el_after_av_player  el_before_av_player '><span class='hr-inner '><span class=\"hr-inner-style\"><\/span><\/span><\/div><br \/>\n<div id=\"av_player-2\" class=\"av-player av-player-container av-mmk00cyd-a3c38ec4fd4976652e5379075f42b73c avia-playerstyle-minimal av_player-2  avia-builder-el-5  el_after_av_hr  el_before_av_hr  av-player-hide-playlist avia-playlist-hide-cover\"><div class=\"av-player-player-container\"><div class=\"wp-playlist wp-audio-playlist wp-playlist-light\">\n\t\t\t<div class=\"wp-playlist-current-item\"><\/div>\n\t\t<audio controls=\"controls\" preload=\"none\" width=\"1478\"\n\t\t\t><\/audio>\n\t<div class=\"wp-playlist-next\"><\/div>\n\t<div class=\"wp-playlist-prev\"><\/div>\n\t<noscript>\n\t<ol>\n\t\t<li><a href='https:\/\/radcompodcasts.com.br\/wp-content\/uploads\/2026\/02\/SPOT-2-RA\u0301DIO-PAZ.mp3'>SPOT 2 - RA\u0301DIO PAZ<\/a><\/li>\t<\/ol>\n\t<\/noscript>\n\t<script type=\"application\/json\" class=\"wp-playlist-script\">{\"type\":\"audio\",\"tracklist\":true,\"tracknumbers\":true,\"images\":true,\"artists\":true,\"tracks\":[{\"src\":\"https:\/\/radcompodcasts.com.br\/wp-content\/uploads\/2026\/02\/SPOT-2-RA\\u0301DIO-PAZ.mp3\",\"type\":\"audio\/mpeg\",\"title\":\"SPOT 2 - RA\\u0301DIO PAZ\",\"caption\":\"\",\"description\":\"\\\"SPOT 2 - RA\\u0301DIO PAZ\\\".\",\"meta\":{\"length_formatted\":\"1:16\"},\"image\":{\"src\":\"https:\/\/radcompodcasts.com.br\/wp-content\/uploads\/2026\/02\/SPOT-1-RA\\u0301DIO-PAZ-mp3-image.jpg\",\"width\":1080,\"height\":1350},\"thumb\":{\"src\":\"https:\/\/radcompodcasts.com.br\/wp-content\/uploads\/2026\/02\/SPOT-1-RA\\u0301DIO-PAZ-mp3-image-80x80.jpg\",\"width\":80,\"height\":80}}]}<\/script>\n<\/div>\n\t<\/div><\/div><br \/>\n\n<style type=\"text\/css\" data-created_by=\"avia_inline_auto\" id=\"style-css-av-ogct2-1088d2e34a4a86eb845213e2a418e735\">\n#top .hr.hr-invisible.av-ogct2-1088d2e34a4a86eb845213e2a418e735{\nheight:20px;\n}\n<\/style>\n<div  class='hr av-ogct2-1088d2e34a4a86eb845213e2a418e735 hr-invisible  avia-builder-el-6  el_after_av_player  el_before_av_player '><span class='hr-inner '><span class=\"hr-inner-style\"><\/span><\/span><\/div><br \/>\n<div id=\"av_player-3\" class=\"av-player av-player-container av-mmk00rrr-0a507c64abd71e8ca20f2fb5776ef6f5 avia-playerstyle-minimal av_player-3  avia-builder-el-7  el_after_av_hr  el_before_av_hr  av-player-hide-playlist avia-playlist-hide-cover\"><div class=\"av-player-player-container\"><div class=\"wp-playlist wp-audio-playlist wp-playlist-light\">\n\t\t\t<div class=\"wp-playlist-current-item\"><\/div>\n\t\t<audio controls=\"controls\" preload=\"none\" width=\"1478\"\n\t\t\t><\/audio>\n\t<div class=\"wp-playlist-next\"><\/div>\n\t<div class=\"wp-playlist-prev\"><\/div>\n\t<noscript>\n\t<ol>\n\t\t<li><a href='https:\/\/radcompodcasts.com.br\/wp-content\/uploads\/2026\/03\/SPOT-3-RA\u0301DIO-PAZ.mp3'>SPOT 3 - RA\u0301DIO PAZ<\/a><\/li>\t<\/ol>\n\t<\/noscript>\n\t<script type=\"application\/json\" class=\"wp-playlist-script\">{\"type\":\"audio\",\"tracklist\":true,\"tracknumbers\":true,\"images\":true,\"artists\":true,\"tracks\":[{\"src\":\"https:\/\/radcompodcasts.com.br\/wp-content\/uploads\/2026\/03\/SPOT-3-RA\\u0301DIO-PAZ.mp3\",\"type\":\"audio\/mpeg\",\"title\":\"SPOT 3 - RA\\u0301DIO PAZ\",\"caption\":\"\",\"description\":\"\\\"SPOT 3 - RA\\u0301DIO PAZ\\\".\",\"meta\":{\"length_formatted\":\"1:20\"},\"image\":{\"src\":\"https:\/\/radcompodcasts.com.br\/wp-content\/uploads\/2026\/02\/SPOT-1-RA\\u0301DIO-PAZ-mp3-image.jpg\",\"width\":1080,\"height\":1350},\"thumb\":{\"src\":\"https:\/\/radcompodcasts.com.br\/wp-content\/uploads\/2026\/02\/SPOT-1-RA\\u0301DIO-PAZ-mp3-image-80x80.jpg\",\"width\":80,\"height\":80}}]}<\/script>\n<\/div>\n\t<\/div><\/div><br \/>\n\n<style type=\"text\/css\" data-created_by=\"avia_inline_auto\" id=\"style-css-av-1r852-d1ec6723bb66efe28652d8aab0288c6b\">\n#top .hr.hr-invisible.av-1r852-d1ec6723bb66efe28652d8aab0288c6b{\nheight:20px;\n}\n<\/style>\n<div  class='hr av-1r852-d1ec6723bb66efe28652d8aab0288c6b hr-invisible  avia-builder-el-8  el_after_av_player  el_before_av_player '><span class='hr-inner '><span class=\"hr-inner-style\"><\/span><\/span><\/div><br \/>\n<div id=\"av_player-4\" class=\"av-player av-player-container av-mmk010c0-dc22fcc8c16545bcfa43fefd484cb5f0 avia-playerstyle-minimal av_player-4  avia-builder-el-9  el_after_av_hr  avia-builder-el-last  av-player-hide-playlist avia-playlist-hide-cover\"><div class=\"av-player-player-container\"><div class=\"wp-playlist wp-audio-playlist wp-playlist-light\">\n\t\t\t<div class=\"wp-playlist-current-item\"><\/div>\n\t\t<audio controls=\"controls\" preload=\"none\" width=\"1478\"\n\t\t\t><\/audio>\n\t<div class=\"wp-playlist-next\"><\/div>\n\t<div class=\"wp-playlist-prev\"><\/div>\n\t<noscript>\n\t<ol>\n\t\t<li><a href='https:\/\/radcompodcasts.com.br\/wp-content\/uploads\/2026\/03\/SPOT-4-RA\u0301DIO-PAZ.mp3'>SPOT 4 - RA\u0301DIO PAZ<\/a><\/li>\t<\/ol>\n\t<\/noscript>\n\t<script type=\"application\/json\" class=\"wp-playlist-script\">{\"type\":\"audio\",\"tracklist\":true,\"tracknumbers\":true,\"images\":true,\"artists\":true,\"tracks\":[{\"src\":\"https:\/\/radcompodcasts.com.br\/wp-content\/uploads\/2026\/03\/SPOT-4-RA\\u0301DIO-PAZ.mp3\",\"type\":\"audio\/mpeg\",\"title\":\"SPOT 4 - RA\\u0301DIO PAZ\",\"caption\":\"\",\"description\":\"\\\"SPOT 4 - RA\\u0301DIO PAZ\\\".\",\"meta\":{\"length_formatted\":\"1:21\"},\"image\":{\"src\":\"https:\/\/radcompodcasts.com.br\/wp-content\/uploads\/2026\/02\/SPOT-1-RA\\u0301DIO-PAZ-mp3-image.jpg\",\"width\":1080,\"height\":1350},\"thumb\":{\"src\":\"https:\/\/radcompodcasts.com.br\/wp-content\/uploads\/2026\/02\/SPOT-1-RA\\u0301DIO-PAZ-mp3-image-80x80.jpg\",\"width\":80,\"height\":80}}]}<\/script>\n<\/div>\n\t<\/div><\/div><\/p><\/div>\n","protected":false},"excerpt":{"rendered":"","protected":false},"author":1,"featured_media":0,"parent":0,"menu_order":0,"comment_status":"closed","ping_status":"closed","template":"","meta":{"footnotes":""},"class_list":["post-878","page","type-page","status-publish","hentry"],"_links":{"self":[{"href":"https:\/\/radcompodcasts.com.br\/index.php\/wp-json\/wp\/v2\/pages\/878","targetHints":{"allow":["GET"]}}],"collection":[{"href":"https:\/\/radcompodcasts.com.br\/index.php\/wp-json\/wp\/v2\/pages"}],"about":[{"href":"https:\/\/radcompodcasts.com.br\/index.php\/wp-json\/wp\/v2\/types\/page"}],"author":[{"embeddable":true,"href":"https:\/\/radcompodcasts.com.br\/index.php\/wp-json\/wp\/v2\/users\/1"}],"replies":[{"embeddable":true,"href":"https:\/\/radcompodcasts.com.br\/index.php\/wp-json\/wp\/v2\/comments?post=878"}],"version-history":[{"count":4,"href":"https:\/\/radcompodcasts.com.br\/index.php\/wp-json\/wp\/v2\/pages\/878\/revisions"}],"predecessor-version":[{"id":1532,"href":"https:\/\/radcompodcasts.com.br\/index.php\/wp-json\/wp\/v2\/pages\/878\/revisions\/1532"}],"wp:attachment":[{"href":"https:\/\/radcompodcasts.com.br\/index.php\/wp-json\/wp\/v2\/media?parent=878"}],"curies":[{"name":"wp","href":"https:\/\/api.w.org\/{rel}","templated":true}]}}