{"id":894,"date":"2026-02-20T23:57:41","date_gmt":"2026-02-20T23:57:41","guid":{"rendered":"https:\/\/radcompodcasts.com.br\/?page_id=894"},"modified":"2026-03-10T01:56:40","modified_gmt":"2026-03-10T01:56:40","slug":"campanha-democratizacao-proac-heliopolis","status":"publish","type":"page","link":"https:\/\/radcompodcasts.com.br\/index.php\/campanha-democratizacao-proac-heliopolis\/","title":{"rendered":"Campanha Democratiza\u00e7\u00e3o PROAC Heli\u00f3polis"},"content":{"rendered":"<div  class='flex_column av-sf8c6-86d5e6871622a67f72605fc54914e1a3 av_one_full  avia-builder-el-0  avia-builder-el-no-sibling  first flex_column_div  '     ><p>\n<style type=\"text\/css\" data-created_by=\"avia_inline_auto\" id=\"style-css-av-mlvjsxcg-85443916a8adac27dd2c6477359d42f7\">\n#top .av-special-heading.av-mlvjsxcg-85443916a8adac27dd2c6477359d42f7{\npadding-bottom:10px;\nfont-size:24px;\n}\nbody .av-special-heading.av-mlvjsxcg-85443916a8adac27dd2c6477359d42f7 .av-special-heading-tag .heading-char{\nfont-size:25px;\n}\n#top #wrap_all .av-special-heading.av-mlvjsxcg-85443916a8adac27dd2c6477359d42f7 .av-special-heading-tag{\nfont-size:24px;\n}\n.av-special-heading.av-mlvjsxcg-85443916a8adac27dd2c6477359d42f7 .av-subheading{\nfont-size:15px;\n}\n\n@media only screen and (min-width: 480px) and (max-width: 767px){ \n#top #wrap_all .av-special-heading.av-mlvjsxcg-85443916a8adac27dd2c6477359d42f7 .av-special-heading-tag{\nfont-size:0.8em;\n}\n}\n\n@media only screen and (max-width: 479px){ \n#top #wrap_all .av-special-heading.av-mlvjsxcg-85443916a8adac27dd2c6477359d42f7 .av-special-heading-tag{\nfont-size:0.8em;\n}\n}\n<\/style>\n<div  class='av-special-heading av-mlvjsxcg-85443916a8adac27dd2c6477359d42f7 av-special-heading-h3 blockquote modern-quote  avia-builder-el-1  el_before_av_hr  avia-builder-el-first  av-inherit-size'><div class='av-subheading av-subheading_above'><p>PROAC<\/p>\n<\/div><h3 class='av-special-heading-tag'  itemprop=\"headline\"  >Campanha Democratiza\u00e7\u00e3o PROAC Heli\u00f3polis<\/h3><div class=\"special-heading-border\"><div class=\"special-heading-inner-border\"><\/div><\/div><\/div><br \/>\n\n<style type=\"text\/css\" data-created_by=\"avia_inline_auto\" id=\"style-css-av-k5tjq-b01104053ce4a8dd533c67f8d54ea43e\">\n#top .hr.hr-invisible.av-k5tjq-b01104053ce4a8dd533c67f8d54ea43e{\nheight:20px;\n}\n<\/style>\n<div  class='hr av-k5tjq-b01104053ce4a8dd533c67f8d54ea43e hr-invisible  avia-builder-el-2  el_after_av_heading  el_before_av_player '><span class='hr-inner '><span class=\"hr-inner-style\"><\/span><\/span><\/div><br \/>\n<div id=\"av_player-1\" class=\"av-player av-player-container av-mlvjuxx7-a0652f3054f78c35fe4aa2dba3a062d2 avia-playerstyle-minimal av_player-1  avia-builder-el-3  el_after_av_hr  el_before_av_hr  av-player-hide-playlist first avia-playlist-hide-cover\"><div class=\"av-player-player-container\"><div class=\"wp-playlist wp-audio-playlist wp-playlist-light\">\n\t\t\t<div class=\"wp-playlist-current-item\"><\/div>\n\t\t<audio controls=\"controls\" preload=\"none\" width=\"1478\"\n\t\t\t><\/audio>\n\t<div class=\"wp-playlist-next\"><\/div>\n\t<div class=\"wp-playlist-prev\"><\/div>\n\t<noscript>\n\t<ol>\n\t\t<li><a href='https:\/\/radcompodcasts.com.br\/wp-content\/uploads\/2026\/02\/SPOT-01-RA\u0301DIO-HELIO\u0301POLIS.mp3'>SPOT 01-RA\u0301DIO HELIO\u0301POLIS<\/a><\/li>\t<\/ol>\n\t<\/noscript>\n\t<script type=\"application\/json\" class=\"wp-playlist-script\">{\"type\":\"audio\",\"tracklist\":true,\"tracknumbers\":true,\"images\":true,\"artists\":true,\"tracks\":[{\"src\":\"https:\/\/radcompodcasts.com.br\/wp-content\/uploads\/2026\/02\/SPOT-01-RA\\u0301DIO-HELIO\\u0301POLIS.mp3\",\"type\":\"audio\/mpeg\",\"title\":\"SPOT 01-RA\\u0301DIO HELIO\\u0301POLIS\",\"caption\":\"\",\"description\":\"\\\"SPOT 01-RA\\u0301DIO HELIO\\u0301POLIS\\\".\",\"meta\":{\"length_formatted\":\"1:32\"},\"image\":{\"src\":\"https:\/\/radcompodcasts.com.br\/wp-content\/uploads\/2026\/02\/SPOT-01-RA\\u0301DIO-HELIO\\u0301POLIS-mp3-image.jpg\",\"width\":1080,\"height\":1350},\"thumb\":{\"src\":\"https:\/\/radcompodcasts.com.br\/wp-content\/uploads\/2026\/02\/SPOT-01-RA\\u0301DIO-HELIO\\u0301POLIS-mp3-image-80x80.jpg\",\"width\":80,\"height\":80}}]}<\/script>\n<\/div>\n\t<\/div><\/div><br \/>\n\n<style type=\"text\/css\" data-created_by=\"avia_inline_auto\" id=\"style-css-av-14xecu-06eb04fc705ad75afdd84654ec75434e\">\n#top .hr.hr-invisible.av-14xecu-06eb04fc705ad75afdd84654ec75434e{\nheight:20px;\n}\n<\/style>\n<div  class='hr av-14xecu-06eb04fc705ad75afdd84654ec75434e hr-invisible  avia-builder-el-4  el_after_av_player  el_before_av_player '><span class='hr-inner '><span class=\"hr-inner-style\"><\/span><\/span><\/div><br \/>\n<div id=\"av_player-2\" class=\"av-player av-player-container av-mmjyktdz-d7e80aa356110464f57875243040c308 avia-playerstyle-minimal av_player-2  avia-builder-el-5  el_after_av_hr  el_before_av_hr  av-player-hide-playlist avia-playlist-hide-cover\"><div class=\"av-player-player-container\"><div class=\"wp-playlist wp-audio-playlist wp-playlist-light\">\n\t\t\t<div class=\"wp-playlist-current-item\"><\/div>\n\t\t<audio controls=\"controls\" preload=\"none\" width=\"1478\"\n\t\t\t><\/audio>\n\t<div class=\"wp-playlist-next\"><\/div>\n\t<div class=\"wp-playlist-prev\"><\/div>\n\t<noscript>\n\t<ol>\n\t\t<li><a href='https:\/\/radcompodcasts.com.br\/wp-content\/uploads\/2026\/02\/SPOT-02-RA\u0301DIO-HELIO\u0301POLIS.mp3'>SPOT 02-RA\u0301DIO HELIO\u0301POLIS<\/a><\/li>\t<\/ol>\n\t<\/noscript>\n\t<script type=\"application\/json\" class=\"wp-playlist-script\">{\"type\":\"audio\",\"tracklist\":true,\"tracknumbers\":true,\"images\":true,\"artists\":true,\"tracks\":[{\"src\":\"https:\/\/radcompodcasts.com.br\/wp-content\/uploads\/2026\/02\/SPOT-02-RA\\u0301DIO-HELIO\\u0301POLIS.mp3\",\"type\":\"audio\/mpeg\",\"title\":\"SPOT 02-RA\\u0301DIO HELIO\\u0301POLIS\",\"caption\":\"\",\"description\":\"\\\"SPOT 02-RA\\u0301DIO HELIO\\u0301POLIS\\\".\",\"meta\":{\"length_formatted\":\"1:22\"},\"image\":{\"src\":\"https:\/\/radcompodcasts.com.br\/wp-content\/uploads\/2026\/02\/SPOT-01-RA\\u0301DIO-HELIO\\u0301POLIS-mp3-image.jpg\",\"width\":1080,\"height\":1350},\"thumb\":{\"src\":\"https:\/\/radcompodcasts.com.br\/wp-content\/uploads\/2026\/02\/SPOT-01-RA\\u0301DIO-HELIO\\u0301POLIS-mp3-image-80x80.jpg\",\"width\":80,\"height\":80}}]}<\/script>\n<\/div>\n\t<\/div><\/div><br \/>\n\n<style type=\"text\/css\" data-created_by=\"avia_inline_auto\" id=\"style-css-av-ojz7y-08c3d230ff5d36ff80d498fc97d6ccd7\">\n#top .hr.hr-invisible.av-ojz7y-08c3d230ff5d36ff80d498fc97d6ccd7{\nheight:20px;\n}\n<\/style>\n<div  class='hr av-ojz7y-08c3d230ff5d36ff80d498fc97d6ccd7 hr-invisible  avia-builder-el-6  el_after_av_player  el_before_av_player '><span class='hr-inner '><span class=\"hr-inner-style\"><\/span><\/span><\/div><br \/>\n<div id=\"av_player-3\" class=\"av-player av-player-container av-mmjykyoi-e95140222f87b46a89e96d61e1565a9a avia-playerstyle-minimal av_player-3  avia-builder-el-7  el_after_av_hr  el_before_av_hr  av-player-hide-playlist avia-playlist-hide-cover\"><div class=\"av-player-player-container\"><div class=\"wp-playlist wp-audio-playlist wp-playlist-light\">\n\t\t\t<div class=\"wp-playlist-current-item\"><\/div>\n\t\t<audio controls=\"controls\" preload=\"none\" width=\"1478\"\n\t\t\t><\/audio>\n\t<div class=\"wp-playlist-next\"><\/div>\n\t<div class=\"wp-playlist-prev\"><\/div>\n\t<noscript>\n\t<ol>\n\t\t<li><a href='https:\/\/radcompodcasts.com.br\/wp-content\/uploads\/2026\/03\/SPOT-03-RA\u0301DIO-HELIO\u0301POLIS.mp3'>SPOT 03-RA\u0301DIO HELIO\u0301POLIS<\/a><\/li>\t<\/ol>\n\t<\/noscript>\n\t<script type=\"application\/json\" class=\"wp-playlist-script\">{\"type\":\"audio\",\"tracklist\":true,\"tracknumbers\":true,\"images\":true,\"artists\":true,\"tracks\":[{\"src\":\"https:\/\/radcompodcasts.com.br\/wp-content\/uploads\/2026\/03\/SPOT-03-RA\\u0301DIO-HELIO\\u0301POLIS.mp3\",\"type\":\"audio\/mpeg\",\"title\":\"SPOT 03-RA\\u0301DIO HELIO\\u0301POLIS\",\"caption\":\"\",\"description\":\"\\\"SPOT 03-RA\\u0301DIO HELIO\\u0301POLIS\\\".\",\"meta\":{\"length_formatted\":\"1:24\"},\"image\":{\"src\":\"https:\/\/radcompodcasts.com.br\/wp-content\/uploads\/2026\/02\/SPOT-01-RA\\u0301DIO-HELIO\\u0301POLIS-mp3-image.jpg\",\"width\":1080,\"height\":1350},\"thumb\":{\"src\":\"https:\/\/radcompodcasts.com.br\/wp-content\/uploads\/2026\/02\/SPOT-01-RA\\u0301DIO-HELIO\\u0301POLIS-mp3-image-80x80.jpg\",\"width\":80,\"height\":80}}]}<\/script>\n<\/div>\n\t<\/div><\/div><br \/>\n\n<style type=\"text\/css\" data-created_by=\"avia_inline_auto\" id=\"style-css-av-e419q-a287514f0ddad13b32357e1f6ac9d20f\">\n#top .hr.hr-invisible.av-e419q-a287514f0ddad13b32357e1f6ac9d20f{\nheight:20px;\n}\n<\/style>\n<div  class='hr av-e419q-a287514f0ddad13b32357e1f6ac9d20f hr-invisible  avia-builder-el-8  el_after_av_player  el_before_av_player '><span class='hr-inner '><span class=\"hr-inner-style\"><\/span><\/span><\/div><br \/>\n<div id=\"av_player-4\" class=\"av-player av-player-container av-mmjyl4eb-5ef428da40fae0832f860e299a70b349 avia-playerstyle-minimal av_player-4  avia-builder-el-9  el_after_av_hr  avia-builder-el-last  av-player-hide-playlist avia-playlist-hide-cover\"><div class=\"av-player-player-container\"><div class=\"wp-playlist wp-audio-playlist wp-playlist-light\">\n\t\t\t<div class=\"wp-playlist-current-item\"><\/div>\n\t\t<audio controls=\"controls\" preload=\"none\" width=\"1478\"\n\t\t\t><\/audio>\n\t<div class=\"wp-playlist-next\"><\/div>\n\t<div class=\"wp-playlist-prev\"><\/div>\n\t<noscript>\n\t<ol>\n\t\t<li><a href='https:\/\/radcompodcasts.com.br\/wp-content\/uploads\/2026\/03\/SPOT-04-RA\u0301DIO-HELIO\u0301POLIS.mp3'>SPOT 04-RA\u0301DIO HELIO\u0301POLIS<\/a><\/li>\t<\/ol>\n\t<\/noscript>\n\t<script type=\"application\/json\" class=\"wp-playlist-script\">{\"type\":\"audio\",\"tracklist\":true,\"tracknumbers\":true,\"images\":true,\"artists\":true,\"tracks\":[{\"src\":\"https:\/\/radcompodcasts.com.br\/wp-content\/uploads\/2026\/03\/SPOT-04-RA\\u0301DIO-HELIO\\u0301POLIS.mp3\",\"type\":\"audio\/mpeg\",\"title\":\"SPOT 04-RA\\u0301DIO HELIO\\u0301POLIS\",\"caption\":\"\",\"description\":\"\\\"SPOT 04-RA\\u0301DIO HELIO\\u0301POLIS\\\".\",\"meta\":{\"length_formatted\":\"1:32\"},\"image\":{\"src\":\"https:\/\/radcompodcasts.com.br\/wp-content\/uploads\/2026\/02\/SPOT-01-RA\\u0301DIO-HELIO\\u0301POLIS-mp3-image.jpg\",\"width\":1080,\"height\":1350},\"thumb\":{\"src\":\"https:\/\/radcompodcasts.com.br\/wp-content\/uploads\/2026\/02\/SPOT-01-RA\\u0301DIO-HELIO\\u0301POLIS-mp3-image-80x80.jpg\",\"width\":80,\"height\":80}}]}<\/script>\n<\/div>\n\t<\/div><\/div><\/p><\/div>\n","protected":false},"excerpt":{"rendered":"","protected":false},"author":1,"featured_media":0,"parent":0,"menu_order":0,"comment_status":"closed","ping_status":"closed","template":"","meta":{"footnotes":""},"class_list":["post-894","page","type-page","status-publish","hentry"],"_links":{"self":[{"href":"https:\/\/radcompodcasts.com.br\/index.php\/wp-json\/wp\/v2\/pages\/894","targetHints":{"allow":["GET"]}}],"collection":[{"href":"https:\/\/radcompodcasts.com.br\/index.php\/wp-json\/wp\/v2\/pages"}],"about":[{"href":"https:\/\/radcompodcasts.com.br\/index.php\/wp-json\/wp\/v2\/types\/page"}],"author":[{"embeddable":true,"href":"https:\/\/radcompodcasts.com.br\/index.php\/wp-json\/wp\/v2\/users\/1"}],"replies":[{"embeddable":true,"href":"https:\/\/radcompodcasts.com.br\/index.php\/wp-json\/wp\/v2\/comments?post=894"}],"version-history":[{"count":5,"href":"https:\/\/radcompodcasts.com.br\/index.php\/wp-json\/wp\/v2\/pages\/894\/revisions"}],"predecessor-version":[{"id":1474,"href":"https:\/\/radcompodcasts.com.br\/index.php\/wp-json\/wp\/v2\/pages\/894\/revisions\/1474"}],"wp:attachment":[{"href":"https:\/\/radcompodcasts.com.br\/index.php\/wp-json\/wp\/v2\/media?parent=894"}],"curies":[{"name":"wp","href":"https:\/\/api.w.org\/{rel}","templated":true}]}}