{"id":912,"date":"2026-02-21T00:18:25","date_gmt":"2026-02-21T00:18:25","guid":{"rendered":"https:\/\/radcompodcasts.com.br\/?page_id=912"},"modified":"2026-03-10T02:31:05","modified_gmt":"2026-03-10T02:31:05","slug":"campanha-democratizacao-proac-radio-coluna-sao-roque","status":"publish","type":"page","link":"https:\/\/radcompodcasts.com.br\/index.php\/campanha-democratizacao-proac-radio-coluna-sao-roque\/","title":{"rendered":"Campanha Democratiza\u00e7\u00e3o PROAC R\u00e1dio Coluna &#8211; S\u00e3o Roque"},"content":{"rendered":"<div  class='flex_column av-2n9ps-725390acd23da627e5df62eafaf5b245 av_one_full  avia-builder-el-0  avia-builder-el-no-sibling  first flex_column_div  '     ><p>\n<style type=\"text\/css\" data-created_by=\"avia_inline_auto\" id=\"style-css-av-mlvkj1h6-63146cfebb858b75a338642162b1bb10\">\n#top .av-special-heading.av-mlvkj1h6-63146cfebb858b75a338642162b1bb10{\npadding-bottom:10px;\nfont-size:24px;\n}\nbody .av-special-heading.av-mlvkj1h6-63146cfebb858b75a338642162b1bb10 .av-special-heading-tag .heading-char{\nfont-size:25px;\n}\n#top #wrap_all .av-special-heading.av-mlvkj1h6-63146cfebb858b75a338642162b1bb10 .av-special-heading-tag{\nfont-size:24px;\n}\n.av-special-heading.av-mlvkj1h6-63146cfebb858b75a338642162b1bb10 .av-subheading{\nfont-size:15px;\n}\n\n@media only screen and (min-width: 480px) and (max-width: 767px){ \n#top #wrap_all .av-special-heading.av-mlvkj1h6-63146cfebb858b75a338642162b1bb10 .av-special-heading-tag{\nfont-size:0.8em;\n}\n}\n\n@media only screen and (max-width: 479px){ \n#top #wrap_all .av-special-heading.av-mlvkj1h6-63146cfebb858b75a338642162b1bb10 .av-special-heading-tag{\nfont-size:0.8em;\n}\n}\n<\/style>\n<div  class='av-special-heading av-mlvkj1h6-63146cfebb858b75a338642162b1bb10 av-special-heading-h3 blockquote modern-quote  avia-builder-el-1  el_before_av_hr  avia-builder-el-first  av-inherit-size'><div class='av-subheading av-subheading_above'><p>PROAC<\/p>\n<\/div><h3 class='av-special-heading-tag'  itemprop=\"headline\"  >Campanha Democratiza\u00e7\u00e3o PROAC R\u00e1dio Coluna &#8211; S\u00e3o Roque<\/h3><div class=\"special-heading-border\"><div class=\"special-heading-inner-border\"><\/div><\/div><\/div><br \/>\n\n<style type=\"text\/css\" data-created_by=\"avia_inline_auto\" id=\"style-css-av-loip4-f17da80922b8314b03910e155acd7e5e\">\n#top .hr.hr-invisible.av-loip4-f17da80922b8314b03910e155acd7e5e{\nheight:20px;\n}\n<\/style>\n<div  class='hr av-loip4-f17da80922b8314b03910e155acd7e5e hr-invisible  avia-builder-el-2  el_after_av_heading  el_before_av_player '><span class='hr-inner '><span class=\"hr-inner-style\"><\/span><\/span><\/div><br \/>\n<div id=\"av_player-1\" class=\"av-player av-player-container av-mlvklq71-4f123689c41e5a1cf006ee0d03e19445 avia-playerstyle-minimal av_player-1  avia-builder-el-3  el_after_av_hr  el_before_av_hr  av-player-hide-playlist first avia-playlist-hide-cover\"><div class=\"av-player-player-container\"><div class=\"wp-playlist wp-audio-playlist wp-playlist-light\">\n\t\t\t<div class=\"wp-playlist-current-item\"><\/div>\n\t\t<audio controls=\"controls\" preload=\"none\" width=\"1478\"\n\t\t\t><\/audio>\n\t<div class=\"wp-playlist-next\"><\/div>\n\t<div class=\"wp-playlist-prev\"><\/div>\n\t<noscript>\n\t<ol>\n\t\t<li><a href='https:\/\/radcompodcasts.com.br\/wp-content\/uploads\/2026\/02\/SPOT-1-RA\u0301DIO-COLUNA-FM.mp3'>SPOT 1 - RA\u0301DIO COLUNA FM<\/a><\/li>\t<\/ol>\n\t<\/noscript>\n\t<script type=\"application\/json\" class=\"wp-playlist-script\">{\"type\":\"audio\",\"tracklist\":true,\"tracknumbers\":true,\"images\":true,\"artists\":true,\"tracks\":[{\"src\":\"https:\/\/radcompodcasts.com.br\/wp-content\/uploads\/2026\/02\/SPOT-1-RA\\u0301DIO-COLUNA-FM.mp3\",\"type\":\"audio\/mpeg\",\"title\":\"SPOT 1 - RA\\u0301DIO COLUNA FM\",\"caption\":\"\",\"description\":\"\\\"SPOT 1 - RA\\u0301DIO COLUNA FM\\\".\",\"meta\":{\"length_formatted\":\"1:31\"},\"image\":{\"src\":\"https:\/\/radcompodcasts.com.br\/wp-content\/uploads\/2026\/02\/SPOT-1-RA\\u0301DIO-COLUNA-FM-mp3-image.jpg\",\"width\":1080,\"height\":1350},\"thumb\":{\"src\":\"https:\/\/radcompodcasts.com.br\/wp-content\/uploads\/2026\/02\/SPOT-1-RA\\u0301DIO-COLUNA-FM-mp3-image-80x80.jpg\",\"width\":80,\"height\":80}}]}<\/script>\n<\/div>\n\t<\/div><\/div><br \/>\n\n<style type=\"text\/css\" data-created_by=\"avia_inline_auto\" id=\"style-css-av-1333so-6299b33b8b51ffbfe3d4489a9397ddda\">\n#top .hr.hr-invisible.av-1333so-6299b33b8b51ffbfe3d4489a9397ddda{\nheight:20px;\n}\n<\/style>\n<div  class='hr av-1333so-6299b33b8b51ffbfe3d4489a9397ddda hr-invisible  avia-builder-el-4  el_after_av_player  el_before_av_player '><span class='hr-inner '><span class=\"hr-inner-style\"><\/span><\/span><\/div><br \/>\n<div id=\"av_player-2\" class=\"av-player av-player-container av-mmjztazb-1ba97f6e12717b16d94cbefa92f84346 avia-playerstyle-minimal av_player-2  avia-builder-el-5  el_after_av_hr  el_before_av_hr  av-player-hide-playlist avia-playlist-hide-cover\"><div class=\"av-player-player-container\"><div class=\"wp-playlist wp-audio-playlist wp-playlist-light\">\n\t\t\t<div class=\"wp-playlist-current-item\"><\/div>\n\t\t<audio controls=\"controls\" preload=\"none\" width=\"1478\"\n\t\t\t><\/audio>\n\t<div class=\"wp-playlist-next\"><\/div>\n\t<div class=\"wp-playlist-prev\"><\/div>\n\t<noscript>\n\t<ol>\n\t\t<li><a href='https:\/\/radcompodcasts.com.br\/wp-content\/uploads\/2026\/02\/SPOT-2-RA\u0301DIO-COLUNA-FM.mp3'>SPOT 2 - RA\u0301DIO COLUNA FM<\/a><\/li>\t<\/ol>\n\t<\/noscript>\n\t<script type=\"application\/json\" class=\"wp-playlist-script\">{\"type\":\"audio\",\"tracklist\":true,\"tracknumbers\":true,\"images\":true,\"artists\":true,\"tracks\":[{\"src\":\"https:\/\/radcompodcasts.com.br\/wp-content\/uploads\/2026\/02\/SPOT-2-RA\\u0301DIO-COLUNA-FM.mp3\",\"type\":\"audio\/mpeg\",\"title\":\"SPOT 2 - RA\\u0301DIO COLUNA FM\",\"caption\":\"\",\"description\":\"\\\"SPOT 2 - RA\\u0301DIO COLUNA FM\\\".\",\"meta\":{\"length_formatted\":\"1:21\"},\"image\":{\"src\":\"https:\/\/radcompodcasts.com.br\/wp-content\/uploads\/2026\/02\/SPOT-1-RA\\u0301DIO-COLUNA-FM-mp3-image.jpg\",\"width\":1080,\"height\":1350},\"thumb\":{\"src\":\"https:\/\/radcompodcasts.com.br\/wp-content\/uploads\/2026\/02\/SPOT-1-RA\\u0301DIO-COLUNA-FM-mp3-image-80x80.jpg\",\"width\":80,\"height\":80}}]}<\/script>\n<\/div>\n\t<\/div><\/div><br \/>\n\n<style type=\"text\/css\" data-created_by=\"avia_inline_auto\" id=\"style-css-av-rzb1s-98b4281bb9c4f5b7d2602ad0dc19a13a\">\n#top .hr.hr-invisible.av-rzb1s-98b4281bb9c4f5b7d2602ad0dc19a13a{\nheight:20px;\n}\n<\/style>\n<div  class='hr av-rzb1s-98b4281bb9c4f5b7d2602ad0dc19a13a hr-invisible  avia-builder-el-6  el_after_av_player  el_before_av_player '><span class='hr-inner '><span class=\"hr-inner-style\"><\/span><\/span><\/div><br \/>\n<div id=\"av_player-3\" class=\"av-player av-player-container av-mmjztg2l-7bc9e629e617abf588d913eb0f51b62d avia-playerstyle-minimal av_player-3  avia-builder-el-7  el_after_av_hr  el_before_av_hr  av-player-hide-playlist avia-playlist-hide-cover\"><div class=\"av-player-player-container\"><div class=\"wp-playlist wp-audio-playlist wp-playlist-light\">\n\t\t\t<div class=\"wp-playlist-current-item\"><\/div>\n\t\t<audio controls=\"controls\" preload=\"none\" width=\"1478\"\n\t\t\t><\/audio>\n\t<div class=\"wp-playlist-next\"><\/div>\n\t<div class=\"wp-playlist-prev\"><\/div>\n\t<noscript>\n\t<ol>\n\t\t<li><a href='https:\/\/radcompodcasts.com.br\/wp-content\/uploads\/2026\/03\/SPOT-3-RA\u0301DIO-COLUNA-FM.mp3'>SPOT 3 - RA\u0301DIO COLUNA FM<\/a><\/li>\t<\/ol>\n\t<\/noscript>\n\t<script type=\"application\/json\" class=\"wp-playlist-script\">{\"type\":\"audio\",\"tracklist\":true,\"tracknumbers\":true,\"images\":true,\"artists\":true,\"tracks\":[{\"src\":\"https:\/\/radcompodcasts.com.br\/wp-content\/uploads\/2026\/03\/SPOT-3-RA\\u0301DIO-COLUNA-FM.mp3\",\"type\":\"audio\/mpeg\",\"title\":\"SPOT 3 - RA\\u0301DIO COLUNA FM\",\"caption\":\"\",\"description\":\"\\\"SPOT 3 - RA\\u0301DIO COLUNA FM\\\".\",\"meta\":{\"length_formatted\":\"1:33\"},\"image\":{\"src\":\"https:\/\/radcompodcasts.com.br\/wp-content\/uploads\/2026\/02\/SPOT-1-RA\\u0301DIO-COLUNA-FM-mp3-image.jpg\",\"width\":1080,\"height\":1350},\"thumb\":{\"src\":\"https:\/\/radcompodcasts.com.br\/wp-content\/uploads\/2026\/02\/SPOT-1-RA\\u0301DIO-COLUNA-FM-mp3-image-80x80.jpg\",\"width\":80,\"height\":80}}]}<\/script>\n<\/div>\n\t<\/div><\/div><br \/>\n\n<style type=\"text\/css\" data-created_by=\"avia_inline_auto\" id=\"style-css-av-ggb8g-0add22d7999c2600503cd0aaaf4f7116\">\n#top .hr.hr-invisible.av-ggb8g-0add22d7999c2600503cd0aaaf4f7116{\nheight:20px;\n}\n<\/style>\n<div  class='hr av-ggb8g-0add22d7999c2600503cd0aaaf4f7116 hr-invisible  avia-builder-el-8  el_after_av_player  el_before_av_player '><span class='hr-inner '><span class=\"hr-inner-style\"><\/span><\/span><\/div><br \/>\n<div id=\"av_player-4\" class=\"av-player av-player-container av-mmjztkd0-6bd5bffc490ff8dc38bd11aff4af8d0c avia-playerstyle-minimal av_player-4  avia-builder-el-9  el_after_av_hr  avia-builder-el-last  av-player-hide-playlist avia-playlist-hide-cover\"><div class=\"av-player-player-container\"><div class=\"wp-playlist wp-audio-playlist wp-playlist-light\">\n\t\t\t<div class=\"wp-playlist-current-item\"><\/div>\n\t\t<audio controls=\"controls\" preload=\"none\" width=\"1478\"\n\t\t\t><\/audio>\n\t<div class=\"wp-playlist-next\"><\/div>\n\t<div class=\"wp-playlist-prev\"><\/div>\n\t<noscript>\n\t<ol>\n\t\t<li><a href='https:\/\/radcompodcasts.com.br\/wp-content\/uploads\/2026\/03\/SPOT-4-RA\u0301DIO-COLUNA-FM.mp3'>SPOT 4 - RA\u0301DIO COLUNA FM<\/a><\/li>\t<\/ol>\n\t<\/noscript>\n\t<script type=\"application\/json\" class=\"wp-playlist-script\">{\"type\":\"audio\",\"tracklist\":true,\"tracknumbers\":true,\"images\":true,\"artists\":true,\"tracks\":[{\"src\":\"https:\/\/radcompodcasts.com.br\/wp-content\/uploads\/2026\/03\/SPOT-4-RA\\u0301DIO-COLUNA-FM.mp3\",\"type\":\"audio\/mpeg\",\"title\":\"SPOT 4 - RA\\u0301DIO COLUNA FM\",\"caption\":\"\",\"description\":\"\\\"SPOT 4 - RA\\u0301DIO COLUNA FM\\\".\",\"meta\":{\"length_formatted\":\"1:24\"},\"image\":{\"src\":\"https:\/\/radcompodcasts.com.br\/wp-content\/uploads\/2026\/02\/SPOT-1-RA\\u0301DIO-COLUNA-FM-mp3-image.jpg\",\"width\":1080,\"height\":1350},\"thumb\":{\"src\":\"https:\/\/radcompodcasts.com.br\/wp-content\/uploads\/2026\/02\/SPOT-1-RA\\u0301DIO-COLUNA-FM-mp3-image-80x80.jpg\",\"width\":80,\"height\":80}}]}<\/script>\n<\/div>\n\t<\/div><\/div><\/p><\/div>\n","protected":false},"excerpt":{"rendered":"","protected":false},"author":1,"featured_media":0,"parent":0,"menu_order":0,"comment_status":"closed","ping_status":"closed","template":"","meta":{"footnotes":""},"class_list":["post-912","page","type-page","status-publish","hentry"],"_links":{"self":[{"href":"https:\/\/radcompodcasts.com.br\/index.php\/wp-json\/wp\/v2\/pages\/912","targetHints":{"allow":["GET"]}}],"collection":[{"href":"https:\/\/radcompodcasts.com.br\/index.php\/wp-json\/wp\/v2\/pages"}],"about":[{"href":"https:\/\/radcompodcasts.com.br\/index.php\/wp-json\/wp\/v2\/types\/page"}],"author":[{"embeddable":true,"href":"https:\/\/radcompodcasts.com.br\/index.php\/wp-json\/wp\/v2\/users\/1"}],"replies":[{"embeddable":true,"href":"https:\/\/radcompodcasts.com.br\/index.php\/wp-json\/wp\/v2\/comments?post=912"}],"version-history":[{"count":4,"href":"https:\/\/radcompodcasts.com.br\/index.php\/wp-json\/wp\/v2\/pages\/912\/revisions"}],"predecessor-version":[{"id":1523,"href":"https:\/\/radcompodcasts.com.br\/index.php\/wp-json\/wp\/v2\/pages\/912\/revisions\/1523"}],"wp:attachment":[{"href":"https:\/\/radcompodcasts.com.br\/index.php\/wp-json\/wp\/v2\/media?parent=912"}],"curies":[{"name":"wp","href":"https:\/\/api.w.org\/{rel}","templated":true}]}}