{"id":917,"date":"2026-02-21T00:32:21","date_gmt":"2026-02-21T00:32:21","guid":{"rendered":"https:\/\/radcompodcasts.com.br\/?page_id=917"},"modified":"2026-03-10T02:41:58","modified_gmt":"2026-03-10T02:41:58","slug":"campanha-democratizacao-proac-radio-princesa-sao-bernardo-do-campo","status":"publish","type":"page","link":"https:\/\/radcompodcasts.com.br\/index.php\/campanha-democratizacao-proac-radio-princesa-sao-bernardo-do-campo\/","title":{"rendered":"Campanha Democratiza\u00e7\u00e3o PROAC R\u00e1dio Princesa &#8211; S\u00e3o Bernardo do Campo"},"content":{"rendered":"<div  class='flex_column av-p1pct-a198706f235b1e0440ed148355e1bea7 av_one_full  avia-builder-el-0  avia-builder-el-no-sibling  first flex_column_div  '     ><p>\n<style type=\"text\/css\" data-created_by=\"avia_inline_auto\" id=\"style-css-av-mlvl2zo0-4e78a865042f328f08ea7f8792dd2d0b\">\n#top .av-special-heading.av-mlvl2zo0-4e78a865042f328f08ea7f8792dd2d0b{\npadding-bottom:10px;\nfont-size:24px;\n}\nbody .av-special-heading.av-mlvl2zo0-4e78a865042f328f08ea7f8792dd2d0b .av-special-heading-tag .heading-char{\nfont-size:25px;\n}\n#top #wrap_all .av-special-heading.av-mlvl2zo0-4e78a865042f328f08ea7f8792dd2d0b .av-special-heading-tag{\nfont-size:24px;\n}\n.av-special-heading.av-mlvl2zo0-4e78a865042f328f08ea7f8792dd2d0b .av-subheading{\nfont-size:15px;\n}\n\n@media only screen and (min-width: 480px) and (max-width: 767px){ \n#top #wrap_all .av-special-heading.av-mlvl2zo0-4e78a865042f328f08ea7f8792dd2d0b .av-special-heading-tag{\nfont-size:0.8em;\n}\n}\n\n@media only screen and (max-width: 479px){ \n#top #wrap_all .av-special-heading.av-mlvl2zo0-4e78a865042f328f08ea7f8792dd2d0b .av-special-heading-tag{\nfont-size:0.8em;\n}\n}\n<\/style>\n<div  class='av-special-heading av-mlvl2zo0-4e78a865042f328f08ea7f8792dd2d0b av-special-heading-h3 blockquote modern-quote  avia-builder-el-1  el_before_av_hr  avia-builder-el-first  av-inherit-size'><div class='av-subheading av-subheading_above'><p>PROAC<\/p>\n<\/div><h3 class='av-special-heading-tag'  itemprop=\"headline\"  >Campanha Democratiza\u00e7\u00e3o PROAC R\u00e1dio Princesa &#8211; S\u00e3o Bernardo do Campo<\/h3><div class=\"special-heading-border\"><div class=\"special-heading-inner-border\"><\/div><\/div><\/div><br \/>\n\n<style type=\"text\/css\" data-created_by=\"avia_inline_auto\" id=\"style-css-av-ky431-86a077d3bfa58b83911075d756820eda\">\n#top .hr.hr-invisible.av-ky431-86a077d3bfa58b83911075d756820eda{\nheight:20px;\n}\n<\/style>\n<div  class='hr av-ky431-86a077d3bfa58b83911075d756820eda hr-invisible  avia-builder-el-2  el_after_av_heading  el_before_av_player '><span class='hr-inner '><span class=\"hr-inner-style\"><\/span><\/span><\/div><br \/>\n<div id=\"av_player-1\" class=\"av-player av-player-container av-mlvl3qel-b4bb51a32bf8c476c6a2b8d8d51872e2 avia-playerstyle-minimal av_player-1  avia-builder-el-3  el_after_av_hr  el_before_av_hr  av-player-hide-playlist first avia-playlist-hide-cover\"><div class=\"av-player-player-container\"><div class=\"wp-playlist wp-audio-playlist wp-playlist-light\">\n\t\t\t<div class=\"wp-playlist-current-item\"><\/div>\n\t\t<audio controls=\"controls\" preload=\"none\" width=\"1478\"\n\t\t\t><\/audio>\n\t<div class=\"wp-playlist-next\"><\/div>\n\t<div class=\"wp-playlist-prev\"><\/div>\n\t<noscript>\n\t<ol>\n\t\t<li><a href='https:\/\/radcompodcasts.com.br\/wp-content\/uploads\/2026\/02\/SPOT-1-RA\u0301DIO-PRINCESA-FM.mp3'>SPOT 1 - RA\u0301DIO PRINCESA FM<\/a><\/li>\t<\/ol>\n\t<\/noscript>\n\t<script type=\"application\/json\" class=\"wp-playlist-script\">{\"type\":\"audio\",\"tracklist\":true,\"tracknumbers\":true,\"images\":true,\"artists\":true,\"tracks\":[{\"src\":\"https:\/\/radcompodcasts.com.br\/wp-content\/uploads\/2026\/02\/SPOT-1-RA\\u0301DIO-PRINCESA-FM.mp3\",\"type\":\"audio\/mpeg\",\"title\":\"SPOT 1 - RA\\u0301DIO PRINCESA FM\",\"caption\":\"\",\"description\":\"\\\"SPOT 1 - RA\\u0301DIO PRINCESA FM\\\".\",\"meta\":{\"length_formatted\":\"1:21\"},\"image\":{\"src\":\"https:\/\/radcompodcasts.com.br\/wp-content\/uploads\/2026\/02\/SPOT-1-RA\\u0301DIO-PRINCESA-FM-mp3-image.jpg\",\"width\":1080,\"height\":1350},\"thumb\":{\"src\":\"https:\/\/radcompodcasts.com.br\/wp-content\/uploads\/2026\/02\/SPOT-1-RA\\u0301DIO-PRINCESA-FM-mp3-image-80x80.jpg\",\"width\":80,\"height\":80}}]}<\/script>\n<\/div>\n\t<\/div><\/div><br \/>\n\n<style type=\"text\/css\" data-created_by=\"avia_inline_auto\" id=\"style-css-av-15k7d1-ac8f0f678bb912b3566cdf62c80f2222\">\n#top .hr.hr-invisible.av-15k7d1-ac8f0f678bb912b3566cdf62c80f2222{\nheight:20px;\n}\n<\/style>\n<div  class='hr av-15k7d1-ac8f0f678bb912b3566cdf62c80f2222 hr-invisible  avia-builder-el-4  el_after_av_player  el_before_av_player '><span class='hr-inner '><span class=\"hr-inner-style\"><\/span><\/span><\/div><br \/>\n<div id=\"av_player-2\" class=\"av-player av-player-container av-mmk076oe-7b6f01b063ad1e361931d20eb00a1023 avia-playerstyle-minimal av_player-2  avia-builder-el-5  el_after_av_hr  el_before_av_hr  av-player-hide-playlist avia-playlist-hide-cover\"><div class=\"av-player-player-container\"><div class=\"wp-playlist wp-audio-playlist wp-playlist-light\">\n\t\t\t<div class=\"wp-playlist-current-item\"><\/div>\n\t\t<audio controls=\"controls\" preload=\"none\" width=\"1478\"\n\t\t\t><\/audio>\n\t<div class=\"wp-playlist-next\"><\/div>\n\t<div class=\"wp-playlist-prev\"><\/div>\n\t<noscript>\n\t<ol>\n\t\t<li><a href='https:\/\/radcompodcasts.com.br\/wp-content\/uploads\/2026\/02\/SPOT-2-RA\u0301DIO-PRINCESA-FM.mp3'>SPOT 2 - RA\u0301DIO PRINCESA FM<\/a><\/li>\t<\/ol>\n\t<\/noscript>\n\t<script type=\"application\/json\" class=\"wp-playlist-script\">{\"type\":\"audio\",\"tracklist\":true,\"tracknumbers\":true,\"images\":true,\"artists\":true,\"tracks\":[{\"src\":\"https:\/\/radcompodcasts.com.br\/wp-content\/uploads\/2026\/02\/SPOT-2-RA\\u0301DIO-PRINCESA-FM.mp3\",\"type\":\"audio\/mpeg\",\"title\":\"SPOT 2 - RA\\u0301DIO PRINCESA FM\",\"caption\":\"\",\"description\":\"\\\"SPOT 2 - RA\\u0301DIO PRINCESA FM\\\".\",\"meta\":{\"length_formatted\":\"1:23\"},\"image\":{\"src\":\"https:\/\/radcompodcasts.com.br\/wp-content\/uploads\/2026\/02\/SPOT-1-RA\\u0301DIO-PRINCESA-FM-mp3-image.jpg\",\"width\":1080,\"height\":1350},\"thumb\":{\"src\":\"https:\/\/radcompodcasts.com.br\/wp-content\/uploads\/2026\/02\/SPOT-1-RA\\u0301DIO-PRINCESA-FM-mp3-image-80x80.jpg\",\"width\":80,\"height\":80}}]}<\/script>\n<\/div>\n\t<\/div><\/div><br \/>\n\n<style type=\"text\/css\" data-created_by=\"avia_inline_auto\" id=\"style-css-av-t1qjh-29bd96ec17570ae0d00b196763cc540a\">\n#top .hr.hr-invisible.av-t1qjh-29bd96ec17570ae0d00b196763cc540a{\nheight:20px;\n}\n<\/style>\n<div  class='hr av-t1qjh-29bd96ec17570ae0d00b196763cc540a hr-invisible  avia-builder-el-6  el_after_av_player  el_before_av_player '><span class='hr-inner '><span class=\"hr-inner-style\"><\/span><\/span><\/div><br \/>\n<div id=\"av_player-3\" class=\"av-player av-player-container av-mmk07buv-8b3c93a704d0a12c83470c0ce196b766 avia-playerstyle-minimal av_player-3  avia-builder-el-7  el_after_av_hr  el_before_av_hr  av-player-hide-playlist avia-playlist-hide-cover\"><div class=\"av-player-player-container\"><div class=\"wp-playlist wp-audio-playlist wp-playlist-light\">\n\t\t\t<div class=\"wp-playlist-current-item\"><\/div>\n\t\t<audio controls=\"controls\" preload=\"none\" width=\"1478\"\n\t\t\t><\/audio>\n\t<div class=\"wp-playlist-next\"><\/div>\n\t<div class=\"wp-playlist-prev\"><\/div>\n\t<noscript>\n\t<ol>\n\t\t<li><a href='https:\/\/radcompodcasts.com.br\/wp-content\/uploads\/2026\/03\/SPOT-3-RA\u0301DIO-PRINCESA-FM.mp3'>SPOT 3 - RA\u0301DIO PRINCESA FM<\/a><\/li>\t<\/ol>\n\t<\/noscript>\n\t<script type=\"application\/json\" class=\"wp-playlist-script\">{\"type\":\"audio\",\"tracklist\":true,\"tracknumbers\":true,\"images\":true,\"artists\":true,\"tracks\":[{\"src\":\"https:\/\/radcompodcasts.com.br\/wp-content\/uploads\/2026\/03\/SPOT-3-RA\\u0301DIO-PRINCESA-FM.mp3\",\"type\":\"audio\/mpeg\",\"title\":\"SPOT 3 - RA\\u0301DIO PRINCESA FM\",\"caption\":\"\",\"description\":\"\\\"SPOT 3 - RA\\u0301DIO PRINCESA FM\\\".\",\"meta\":{\"length_formatted\":\"1:26\"},\"image\":{\"src\":\"https:\/\/radcompodcasts.com.br\/wp-content\/uploads\/2026\/02\/SPOT-1-RA\\u0301DIO-PRINCESA-FM-mp3-image.jpg\",\"width\":1080,\"height\":1350},\"thumb\":{\"src\":\"https:\/\/radcompodcasts.com.br\/wp-content\/uploads\/2026\/02\/SPOT-1-RA\\u0301DIO-PRINCESA-FM-mp3-image-80x80.jpg\",\"width\":80,\"height\":80}}]}<\/script>\n<\/div>\n\t<\/div><\/div><br \/>\n\n<style type=\"text\/css\" data-created_by=\"avia_inline_auto\" id=\"style-css-av-fp3at-0bdc6cac48ec9a210754caca2da50e4d\">\n#top .hr.hr-invisible.av-fp3at-0bdc6cac48ec9a210754caca2da50e4d{\nheight:20px;\n}\n<\/style>\n<div  class='hr av-fp3at-0bdc6cac48ec9a210754caca2da50e4d hr-invisible  avia-builder-el-8  el_after_av_player  el_before_av_player '><span class='hr-inner '><span class=\"hr-inner-style\"><\/span><\/span><\/div><br \/>\n<div id=\"av_player-4\" class=\"av-player av-player-container av-mmk07gpa-dfa07bf1bc4d922c76a3ab3cb0af16c1 avia-playerstyle-minimal av_player-4  avia-builder-el-9  el_after_av_hr  avia-builder-el-last  av-player-hide-playlist avia-playlist-hide-cover\"><div class=\"av-player-player-container\"><div class=\"wp-playlist wp-audio-playlist wp-playlist-light\">\n\t\t\t<div class=\"wp-playlist-current-item\"><\/div>\n\t\t<audio controls=\"controls\" preload=\"none\" width=\"1478\"\n\t\t\t><\/audio>\n\t<div class=\"wp-playlist-next\"><\/div>\n\t<div class=\"wp-playlist-prev\"><\/div>\n\t<noscript>\n\t<ol>\n\t\t<li><a href='https:\/\/radcompodcasts.com.br\/wp-content\/uploads\/2026\/03\/SPOT-4-RA\u0301DIO-PRINCESA-FM.mp3'>SPOT 4 - RA\u0301DIO PRINCESA FM<\/a><\/li>\t<\/ol>\n\t<\/noscript>\n\t<script type=\"application\/json\" class=\"wp-playlist-script\">{\"type\":\"audio\",\"tracklist\":true,\"tracknumbers\":true,\"images\":true,\"artists\":true,\"tracks\":[{\"src\":\"https:\/\/radcompodcasts.com.br\/wp-content\/uploads\/2026\/03\/SPOT-4-RA\\u0301DIO-PRINCESA-FM.mp3\",\"type\":\"audio\/mpeg\",\"title\":\"SPOT 4 - RA\\u0301DIO PRINCESA FM\",\"caption\":\"\",\"description\":\"\\\"SPOT 4 - RA\\u0301DIO PRINCESA FM\\\".\",\"meta\":{\"length_formatted\":\"1:21\"},\"image\":{\"src\":\"https:\/\/radcompodcasts.com.br\/wp-content\/uploads\/2026\/02\/SPOT-1-RA\\u0301DIO-PRINCESA-FM-mp3-image.jpg\",\"width\":1080,\"height\":1350},\"thumb\":{\"src\":\"https:\/\/radcompodcasts.com.br\/wp-content\/uploads\/2026\/02\/SPOT-1-RA\\u0301DIO-PRINCESA-FM-mp3-image-80x80.jpg\",\"width\":80,\"height\":80}}]}<\/script>\n<\/div>\n\t<\/div><\/div><\/p><\/div>\n","protected":false},"excerpt":{"rendered":"","protected":false},"author":1,"featured_media":0,"parent":0,"menu_order":0,"comment_status":"closed","ping_status":"closed","template":"","meta":{"footnotes":""},"class_list":["post-917","page","type-page","status-publish","hentry"],"_links":{"self":[{"href":"https:\/\/radcompodcasts.com.br\/index.php\/wp-json\/wp\/v2\/pages\/917","targetHints":{"allow":["GET"]}}],"collection":[{"href":"https:\/\/radcompodcasts.com.br\/index.php\/wp-json\/wp\/v2\/pages"}],"about":[{"href":"https:\/\/radcompodcasts.com.br\/index.php\/wp-json\/wp\/v2\/types\/page"}],"author":[{"embeddable":true,"href":"https:\/\/radcompodcasts.com.br\/index.php\/wp-json\/wp\/v2\/users\/1"}],"replies":[{"embeddable":true,"href":"https:\/\/radcompodcasts.com.br\/index.php\/wp-json\/wp\/v2\/comments?post=917"}],"version-history":[{"count":4,"href":"https:\/\/radcompodcasts.com.br\/index.php\/wp-json\/wp\/v2\/pages\/917\/revisions"}],"predecessor-version":[{"id":1542,"href":"https:\/\/radcompodcasts.com.br\/index.php\/wp-json\/wp\/v2\/pages\/917\/revisions\/1542"}],"wp:attachment":[{"href":"https:\/\/radcompodcasts.com.br\/index.php\/wp-json\/wp\/v2\/media?parent=917"}],"curies":[{"name":"wp","href":"https:\/\/api.w.org\/{rel}","templated":true}]}}