{"id":927,"date":"2026-02-21T00:53:54","date_gmt":"2026-02-21T00:53:54","guid":{"rendered":"https:\/\/radcompodcasts.com.br\/?page_id=927"},"modified":"2026-03-10T02:39:29","modified_gmt":"2026-03-10T02:39:29","slug":"campanha-democratizacao-proac-radio-prima-montemor","status":"publish","type":"page","link":"https:\/\/radcompodcasts.com.br\/index.php\/campanha-democratizacao-proac-radio-prima-montemor\/","title":{"rendered":"Campanha Democratiza\u00e7\u00e3o PROAC R\u00e1dio Prima &#8211; MonteMor"},"content":{"rendered":"<div  class='flex_column av-2uatb-27b623aff0a320ea51fcdbe9c7171049 av_one_full  avia-builder-el-0  avia-builder-el-no-sibling  first flex_column_div  '     ><p>\n<style type=\"text\/css\" data-created_by=\"avia_inline_auto\" id=\"style-css-av-mlvlu3fg-6be192dbd9bfed28c8c7a122c4218d3b\">\n#top .av-special-heading.av-mlvlu3fg-6be192dbd9bfed28c8c7a122c4218d3b{\npadding-bottom:10px;\nfont-size:24px;\n}\nbody .av-special-heading.av-mlvlu3fg-6be192dbd9bfed28c8c7a122c4218d3b .av-special-heading-tag .heading-char{\nfont-size:25px;\n}\n#top #wrap_all .av-special-heading.av-mlvlu3fg-6be192dbd9bfed28c8c7a122c4218d3b .av-special-heading-tag{\nfont-size:24px;\n}\n.av-special-heading.av-mlvlu3fg-6be192dbd9bfed28c8c7a122c4218d3b .av-subheading{\nfont-size:15px;\n}\n\n@media only screen and (min-width: 480px) and (max-width: 767px){ \n#top #wrap_all .av-special-heading.av-mlvlu3fg-6be192dbd9bfed28c8c7a122c4218d3b .av-special-heading-tag{\nfont-size:0.8em;\n}\n}\n\n@media only screen and (max-width: 479px){ \n#top #wrap_all .av-special-heading.av-mlvlu3fg-6be192dbd9bfed28c8c7a122c4218d3b .av-special-heading-tag{\nfont-size:0.8em;\n}\n}\n<\/style>\n<div  class='av-special-heading av-mlvlu3fg-6be192dbd9bfed28c8c7a122c4218d3b av-special-heading-h3 blockquote modern-quote  avia-builder-el-1  el_before_av_hr  avia-builder-el-first  av-inherit-size'><div class='av-subheading av-subheading_above'><p>PROAC<\/p>\n<\/div><h3 class='av-special-heading-tag'  itemprop=\"headline\"  >Campanha Democratiza\u00e7\u00e3o PROAC R\u00e1dio Prima &#8211; MonteMor<\/h3><div class=\"special-heading-border\"><div class=\"special-heading-inner-border\"><\/div><\/div><\/div><br \/>\n\n<style type=\"text\/css\" data-created_by=\"avia_inline_auto\" id=\"style-css-av-kyxev-8caae9f84a7b6897c57c4f4c42db566f\">\n#top .hr.hr-invisible.av-kyxev-8caae9f84a7b6897c57c4f4c42db566f{\nheight:20px;\n}\n<\/style>\n<div  class='hr av-kyxev-8caae9f84a7b6897c57c4f4c42db566f hr-invisible  avia-builder-el-2  el_after_av_heading  el_before_av_player '><span class='hr-inner '><span class=\"hr-inner-style\"><\/span><\/span><\/div><br \/>\n<div id=\"av_player-1\" class=\"av-player av-player-container av-mlvlvgmg-1b61d4f5cdbb50722cb8723ab4e5bf44 avia-playerstyle-minimal av_player-1  avia-builder-el-3  el_after_av_hr  el_before_av_hr  av-player-hide-playlist first avia-playlist-hide-cover\"><div class=\"av-player-player-container\"><div class=\"wp-playlist wp-audio-playlist wp-playlist-light\">\n\t\t\t<div class=\"wp-playlist-current-item\"><\/div>\n\t\t<audio controls=\"controls\" preload=\"none\" width=\"1478\"\n\t\t\t><\/audio>\n\t<div class=\"wp-playlist-next\"><\/div>\n\t<div class=\"wp-playlist-prev\"><\/div>\n\t<noscript>\n\t<ol>\n\t\t<li><a href='https:\/\/radcompodcasts.com.br\/wp-content\/uploads\/2026\/02\/SPOT-1-RA\u0301DIO-PRIMA-FM.mp3'>SPOT 1 - RA\u0301DIO PRIMA FM<\/a><\/li>\t<\/ol>\n\t<\/noscript>\n\t<script type=\"application\/json\" class=\"wp-playlist-script\">{\"type\":\"audio\",\"tracklist\":true,\"tracknumbers\":true,\"images\":true,\"artists\":true,\"tracks\":[{\"src\":\"https:\/\/radcompodcasts.com.br\/wp-content\/uploads\/2026\/02\/SPOT-1-RA\\u0301DIO-PRIMA-FM.mp3\",\"type\":\"audio\/mpeg\",\"title\":\"SPOT 1 - RA\\u0301DIO PRIMA FM\",\"caption\":\"\",\"description\":\"\\\"SPOT 1 - RA\\u0301DIO PRIMA FM\\\".\",\"meta\":{\"length_formatted\":\"1:23\"},\"image\":{\"src\":\"https:\/\/radcompodcasts.com.br\/wp-content\/uploads\/2026\/02\/SPOT-1-RA\\u0301DIO-PRIMA-FM-mp3-image.jpg\",\"width\":1080,\"height\":1350},\"thumb\":{\"src\":\"https:\/\/radcompodcasts.com.br\/wp-content\/uploads\/2026\/02\/SPOT-1-RA\\u0301DIO-PRIMA-FM-mp3-image-80x80.jpg\",\"width\":80,\"height\":80}}]}<\/script>\n<\/div>\n\t<\/div><\/div><br \/>\n\n<style type=\"text\/css\" data-created_by=\"avia_inline_auto\" id=\"style-css-av-153umv-5b51b0c7e37925516955bdf9fa9e7fcf\">\n#top .hr.hr-invisible.av-153umv-5b51b0c7e37925516955bdf9fa9e7fcf{\nheight:20px;\n}\n<\/style>\n<div  class='hr av-153umv-5b51b0c7e37925516955bdf9fa9e7fcf hr-invisible  avia-builder-el-4  el_after_av_player  el_before_av_player '><span class='hr-inner '><span class=\"hr-inner-style\"><\/span><\/span><\/div><br \/>\n<div id=\"av_player-2\" class=\"av-player av-player-container av-mmk03kis-c06ded49889013e194758ad00bf330a7 avia-playerstyle-minimal av_player-2  avia-builder-el-5  el_after_av_hr  el_before_av_hr  av-player-hide-playlist avia-playlist-hide-cover\"><div class=\"av-player-player-container\"><div class=\"wp-playlist wp-audio-playlist wp-playlist-light\">\n\t\t\t<div class=\"wp-playlist-current-item\"><\/div>\n\t\t<audio controls=\"controls\" preload=\"none\" width=\"1478\"\n\t\t\t><\/audio>\n\t<div class=\"wp-playlist-next\"><\/div>\n\t<div class=\"wp-playlist-prev\"><\/div>\n\t<noscript>\n\t<ol>\n\t\t<li><a href='https:\/\/radcompodcasts.com.br\/wp-content\/uploads\/2026\/02\/SPOT-2-RA\u0301DIO-PRIMA-FM.mp3'>SPOT 2 - RA\u0301DIO PRIMA FM<\/a><\/li>\t<\/ol>\n\t<\/noscript>\n\t<script type=\"application\/json\" class=\"wp-playlist-script\">{\"type\":\"audio\",\"tracklist\":true,\"tracknumbers\":true,\"images\":true,\"artists\":true,\"tracks\":[{\"src\":\"https:\/\/radcompodcasts.com.br\/wp-content\/uploads\/2026\/02\/SPOT-2-RA\\u0301DIO-PRIMA-FM.mp3\",\"type\":\"audio\/mpeg\",\"title\":\"SPOT 2 - RA\\u0301DIO PRIMA FM\",\"caption\":\"\",\"description\":\"\\\"SPOT 2 - RA\\u0301DIO PRIMA FM\\\".\",\"meta\":{\"length_formatted\":\"1:20\"},\"image\":{\"src\":\"https:\/\/radcompodcasts.com.br\/wp-content\/uploads\/2026\/02\/SPOT-1-RA\\u0301DIO-PRIMA-FM-mp3-image.jpg\",\"width\":1080,\"height\":1350},\"thumb\":{\"src\":\"https:\/\/radcompodcasts.com.br\/wp-content\/uploads\/2026\/02\/SPOT-1-RA\\u0301DIO-PRIMA-FM-mp3-image-80x80.jpg\",\"width\":80,\"height\":80}}]}<\/script>\n<\/div>\n\t<\/div><\/div><br \/>\n\n<style type=\"text\/css\" data-created_by=\"avia_inline_auto\" id=\"style-css-av-q4e3z-902aad282bdd033961550432dcb4f1b9\">\n#top .hr.hr-invisible.av-q4e3z-902aad282bdd033961550432dcb4f1b9{\nheight:20px;\n}\n<\/style>\n<div  class='hr av-q4e3z-902aad282bdd033961550432dcb4f1b9 hr-invisible  avia-builder-el-6  el_after_av_player  el_before_av_player '><span class='hr-inner '><span class=\"hr-inner-style\"><\/span><\/span><\/div><br \/>\n<div id=\"av_player-3\" class=\"av-player av-player-container av-mmk03tgy-662e54a97538c7ea7bb1be8df4af6d85 avia-playerstyle-minimal av_player-3  avia-builder-el-7  el_after_av_hr  el_before_av_hr  av-player-hide-playlist avia-playlist-hide-cover\"><div class=\"av-player-player-container\"><div class=\"wp-playlist wp-audio-playlist wp-playlist-light\">\n\t\t\t<div class=\"wp-playlist-current-item\"><\/div>\n\t\t<audio controls=\"controls\" preload=\"none\" width=\"1478\"\n\t\t\t><\/audio>\n\t<div class=\"wp-playlist-next\"><\/div>\n\t<div class=\"wp-playlist-prev\"><\/div>\n\t<noscript>\n\t<ol>\n\t\t<li><a href='https:\/\/radcompodcasts.com.br\/wp-content\/uploads\/2026\/03\/SPOT-3-RA\u0301DIO-PRIMA-FM.mp3'>SPOT 3 - RA\u0301DIO PRIMA FM<\/a><\/li>\t<\/ol>\n\t<\/noscript>\n\t<script type=\"application\/json\" class=\"wp-playlist-script\">{\"type\":\"audio\",\"tracklist\":true,\"tracknumbers\":true,\"images\":true,\"artists\":true,\"tracks\":[{\"src\":\"https:\/\/radcompodcasts.com.br\/wp-content\/uploads\/2026\/03\/SPOT-3-RA\\u0301DIO-PRIMA-FM.mp3\",\"type\":\"audio\/mpeg\",\"title\":\"SPOT 3 - RA\\u0301DIO PRIMA FM\",\"caption\":\"\",\"description\":\"\\\"SPOT 3 - RA\\u0301DIO PRIMA FM\\\".\",\"meta\":{\"length_formatted\":\"1:16\"},\"image\":{\"src\":\"https:\/\/radcompodcasts.com.br\/wp-content\/uploads\/2026\/02\/SPOT-1-RA\\u0301DIO-PRIMA-FM-mp3-image.jpg\",\"width\":1080,\"height\":1350},\"thumb\":{\"src\":\"https:\/\/radcompodcasts.com.br\/wp-content\/uploads\/2026\/02\/SPOT-1-RA\\u0301DIO-PRIMA-FM-mp3-image-80x80.jpg\",\"width\":80,\"height\":80}}]}<\/script>\n<\/div>\n\t<\/div><\/div><br \/>\n\n<style type=\"text\/css\" data-created_by=\"avia_inline_auto\" id=\"style-css-av-1qdbb-4ca53c4ab2c683111fe93ec4ca4736f7\">\n#top .hr.hr-invisible.av-1qdbb-4ca53c4ab2c683111fe93ec4ca4736f7{\nheight:20px;\n}\n<\/style>\n<div  class='hr av-1qdbb-4ca53c4ab2c683111fe93ec4ca4736f7 hr-invisible  avia-builder-el-8  el_after_av_player  el_before_av_player '><span class='hr-inner '><span class=\"hr-inner-style\"><\/span><\/span><\/div><br \/>\n<div id=\"av_player-4\" class=\"av-player av-player-container av-mmk03z5i-a9c4e695620322833b7a1464db8803e3 avia-playerstyle-minimal av_player-4  avia-builder-el-9  el_after_av_hr  avia-builder-el-last  av-player-hide-playlist avia-playlist-hide-cover\"><div class=\"av-player-player-container\"><div class=\"wp-playlist wp-audio-playlist wp-playlist-light\">\n\t\t\t<div class=\"wp-playlist-current-item\"><\/div>\n\t\t<audio controls=\"controls\" preload=\"none\" width=\"1478\"\n\t\t\t><\/audio>\n\t<div class=\"wp-playlist-next\"><\/div>\n\t<div class=\"wp-playlist-prev\"><\/div>\n\t<noscript>\n\t<ol>\n\t\t<li><a href='https:\/\/radcompodcasts.com.br\/wp-content\/uploads\/2026\/03\/SPOT-4-RA\u0301DIO-PRIMA-FM.mp3'>SPOT 4 - RA\u0301DIO PRIMA FM<\/a><\/li>\t<\/ol>\n\t<\/noscript>\n\t<script type=\"application\/json\" class=\"wp-playlist-script\">{\"type\":\"audio\",\"tracklist\":true,\"tracknumbers\":true,\"images\":true,\"artists\":true,\"tracks\":[{\"src\":\"https:\/\/radcompodcasts.com.br\/wp-content\/uploads\/2026\/03\/SPOT-4-RA\\u0301DIO-PRIMA-FM.mp3\",\"type\":\"audio\/mpeg\",\"title\":\"SPOT 4 - RA\\u0301DIO PRIMA FM\",\"caption\":\"\",\"description\":\"\\\"SPOT 4 - RA\\u0301DIO PRIMA FM\\\".\",\"meta\":{\"length_formatted\":\"1:19\"},\"image\":{\"src\":\"https:\/\/radcompodcasts.com.br\/wp-content\/uploads\/2026\/02\/SPOT-1-RA\\u0301DIO-PRIMA-FM-mp3-image.jpg\",\"width\":1080,\"height\":1350},\"thumb\":{\"src\":\"https:\/\/radcompodcasts.com.br\/wp-content\/uploads\/2026\/02\/SPOT-1-RA\\u0301DIO-PRIMA-FM-mp3-image-80x80.jpg\",\"width\":80,\"height\":80}}]}<\/script>\n<\/div>\n\t<\/div><\/div><\/p><\/div>\n","protected":false},"excerpt":{"rendered":"","protected":false},"author":1,"featured_media":0,"parent":0,"menu_order":0,"comment_status":"closed","ping_status":"closed","template":"","meta":{"footnotes":""},"class_list":["post-927","page","type-page","status-publish","hentry"],"_links":{"self":[{"href":"https:\/\/radcompodcasts.com.br\/index.php\/wp-json\/wp\/v2\/pages\/927","targetHints":{"allow":["GET"]}}],"collection":[{"href":"https:\/\/radcompodcasts.com.br\/index.php\/wp-json\/wp\/v2\/pages"}],"about":[{"href":"https:\/\/radcompodcasts.com.br\/index.php\/wp-json\/wp\/v2\/types\/page"}],"author":[{"embeddable":true,"href":"https:\/\/radcompodcasts.com.br\/index.php\/wp-json\/wp\/v2\/users\/1"}],"replies":[{"embeddable":true,"href":"https:\/\/radcompodcasts.com.br\/index.php\/wp-json\/wp\/v2\/comments?post=927"}],"version-history":[{"count":4,"href":"https:\/\/radcompodcasts.com.br\/index.php\/wp-json\/wp\/v2\/pages\/927\/revisions"}],"predecessor-version":[{"id":1537,"href":"https:\/\/radcompodcasts.com.br\/index.php\/wp-json\/wp\/v2\/pages\/927\/revisions\/1537"}],"wp:attachment":[{"href":"https:\/\/radcompodcasts.com.br\/index.php\/wp-json\/wp\/v2\/media?parent=927"}],"curies":[{"name":"wp","href":"https:\/\/api.w.org\/{rel}","templated":true}]}}